{"id":216974,"date":"2025-03-20T15:05:44","date_gmt":"2025-03-20T15:05:44","guid":{"rendered":"https:\/\/aromasentia.com\/product\/windmill-oil-burner-grey\/"},"modified":"2025-12-31T15:49:06","modified_gmt":"2025-12-31T15:49:06","slug":"vaderkvarn-oljebrannare-gra","status":"publish","type":"product","link":"https:\/\/aromasentia.com\/sv\/vaderkvarn-oljebrannare-gra\/","title":{"rendered":"V\u00e4derkvarn Oljebr\u00e4nnare &#8211; Gr\u00e5"},"content":{"rendered":"","protected":false},"excerpt":{"rendered":"","protected":false},"featured_media":266259,"comment_status":"closed","ping_status":"open","template":"","meta":{"_angie_page":false},"product_brand":[],"product_cat":[12345,11884],"product_tag":[],"class_list":{"0":"post-216974","1":"product","2":"type-product","3":"status-publish","4":"has-post-thumbnail","6":"product_cat-aromalampor","7":"product_cat-aromalampor-diffusers-och-doftpinnar","8":"pa_collection-floral-cauldron-oil-burners-sv","9":"pa_made-in-kina","11":"first","12":"instock","13":"purchasable","14":"product-type-simple"},"supplier_id":null,"supplier_sku":"OB-315","barcode":null,"atum_controlled":true,"out_stock_date":null,"out_stock_threshold":null,"inheritable":false,"inbound_stock":null,"stock_on_hold":0,"sold_today":0,"sales_last_days":0,"reserved_stock":null,"customer_returns":null,"warehouse_damage":null,"lost_in_post":null,"other_logs":null,"out_stock_days":0,"lost_sales":0,"has_location":null,"update_date":"2026-05-08T00:19:36","atum_locations":[],"atum_stock_status":"instock","restock_status":false,"low_stock_amount":"","sales_update_date":"2025-09-05T00:17:15","calc_backorders":null,"_links":{"self":[{"href":"https:\/\/aromasentia.com\/sv\/wp-json\/wp\/v2\/product\/216974","targetHints":{"allow":["GET"]}}],"collection":[{"href":"https:\/\/aromasentia.com\/sv\/wp-json\/wp\/v2\/product"}],"about":[{"href":"https:\/\/aromasentia.com\/sv\/wp-json\/wp\/v2\/types\/product"}],"replies":[{"embeddable":true,"href":"https:\/\/aromasentia.com\/sv\/wp-json\/wp\/v2\/comments?post=216974"}],"version-history":[{"count":0,"href":"https:\/\/aromasentia.com\/sv\/wp-json\/wp\/v2\/product\/216974\/revisions"}],"wp:featuredmedia":[{"embeddable":true,"href":"https:\/\/aromasentia.com\/sv\/wp-json\/wp\/v2\/media\/266259"}],"wp:attachment":[{"href":"https:\/\/aromasentia.com\/sv\/wp-json\/wp\/v2\/media?parent=216974"}],"wp:term":[{"taxonomy":"product_brand","embeddable":true,"href":"https:\/\/aromasentia.com\/sv\/wp-json\/wp\/v2\/product_brand?post=216974"},{"taxonomy":"product_cat","embeddable":true,"href":"https:\/\/aromasentia.com\/sv\/wp-json\/wp\/v2\/product_cat?post=216974"},{"taxonomy":"product_tag","embeddable":true,"href":"https:\/\/aromasentia.com\/sv\/wp-json\/wp\/v2\/product_tag?post=216974"}],"curies":[{"name":"wp","href":"https:\/\/api.w.org\/{rel}","templated":true}]}}