{"id":216947,"date":"2025-03-20T15:10:52","date_gmt":"2025-03-20T15:10:52","guid":{"rendered":"https:\/\/aromasentia.com\/product\/classic-white-oil-burner-floral-with-teal-well\/"},"modified":"2025-12-31T15:48:44","modified_gmt":"2025-12-31T15:48:44","slug":"klassisk-vit-oljebrannare-blommor","status":"publish","type":"product","link":"https:\/\/aromasentia.com\/sv\/klassisk-vit-oljebrannare-blommor\/","title":{"rendered":"Klassisk Vit Oljebr\u00e4nnare &#8211; Blommor"},"content":{"rendered":"<p style=\"text-align: justify;\">Denna <strong>Blommiga Keramiska Oljebr\u00e4nnare<\/strong> som tillverkades med den b\u00e4sta tillg\u00e4ngliga keramik, \u00e4r en utm\u00e4rkt presentid&eacute; f\u00f6r speciella tillf\u00e4llen p\u00e5 grund av dess fantastiska kvalitet och v\u00e4rde.&nbsp;<\/p>\n<p style=\"text-align: justify;\">Perfekt f\u00f6r anv\u00e4ndning med doftoljor och sojavaxer. Dess vackra keramiska design g\u00f6r den ocks\u00e5 till en mycket fin dekoration i alla rum. Den skulle g\u00f6ra ett fantastiskt tillskott till dina kunders hem.&nbsp;<\/p>\n<p style=\"text-align: justify;\">Den vackra blommiga designen g\u00f6r att ljuset skiner igenom och skapar en avkopplande atmosf\u00e4r.&nbsp;<\/p>\n<p style=\"text-align: justify;\"><strong><span style=\"color: rgb(84, 172, 210);\">Best\u00e4ll idag f\u00f6r att f\u00e5 denna fantastiska oljebr\u00e4nnare i din butik. Dina kunder kommer att \u00e4lska den!<\/span><\/strong><\/p>\n","protected":false},"excerpt":{"rendered":"<p>Denna Blommiga Keramiska Oljebr\u00e4nnare som tillverkades med den b\u00e4sta tillg\u00e4ngliga keramik, \u00e4r en utm\u00e4rkt presentid&eacute; f\u00f6r speciella tillf\u00e4llen p\u00e5 grund av dess fantastiska kvalitet och v\u00e4rde.&nbsp; Perfekt f\u00f6r anv\u00e4ndning med doftoljor och sojavaxer. Dess vackra keramiska design g\u00f6r den ocks\u00e5 till en mycket fin dekoration i alla rum. Den skulle g\u00f6ra ett fantastiskt tillskott till [&hellip;]<\/p>\n","protected":false},"featured_media":266988,"comment_status":"closed","ping_status":"open","template":"","meta":{"_angie_page":false},"product_brand":[],"product_cat":[12345,11884],"product_tag":[],"class_list":{"0":"post-216947","1":"product","2":"type-product","3":"status-publish","4":"has-post-thumbnail","6":"product_cat-aromalampor","7":"product_cat-aromalampor-diffusers-och-doftpinnar","8":"pa_collection-classic-white-oil-burner-sv","9":"pa_made-in-kina","11":"first","12":"instock","13":"purchasable","14":"product-type-simple"},"supplier_id":null,"supplier_sku":"OBCW-08","barcode":null,"atum_controlled":true,"out_stock_date":null,"out_stock_threshold":null,"inheritable":false,"inbound_stock":null,"stock_on_hold":0,"sold_today":0,"sales_last_days":0,"reserved_stock":null,"customer_returns":null,"warehouse_damage":null,"lost_in_post":null,"other_logs":null,"out_stock_days":10,"lost_sales":0,"has_location":null,"update_date":"2026-04-27T07:16:18","atum_locations":[],"atum_stock_status":"instock","restock_status":false,"low_stock_amount":"","sales_update_date":"2026-02-06T00:02:33","calc_backorders":null,"_links":{"self":[{"href":"https:\/\/aromasentia.com\/sv\/wp-json\/wp\/v2\/product\/216947","targetHints":{"allow":["GET"]}}],"collection":[{"href":"https:\/\/aromasentia.com\/sv\/wp-json\/wp\/v2\/product"}],"about":[{"href":"https:\/\/aromasentia.com\/sv\/wp-json\/wp\/v2\/types\/product"}],"replies":[{"embeddable":true,"href":"https:\/\/aromasentia.com\/sv\/wp-json\/wp\/v2\/comments?post=216947"}],"version-history":[{"count":0,"href":"https:\/\/aromasentia.com\/sv\/wp-json\/wp\/v2\/product\/216947\/revisions"}],"wp:featuredmedia":[{"embeddable":true,"href":"https:\/\/aromasentia.com\/sv\/wp-json\/wp\/v2\/media\/266988"}],"wp:attachment":[{"href":"https:\/\/aromasentia.com\/sv\/wp-json\/wp\/v2\/media?parent=216947"}],"wp:term":[{"taxonomy":"product_brand","embeddable":true,"href":"https:\/\/aromasentia.com\/sv\/wp-json\/wp\/v2\/product_brand?post=216947"},{"taxonomy":"product_cat","embeddable":true,"href":"https:\/\/aromasentia.com\/sv\/wp-json\/wp\/v2\/product_cat?post=216947"},{"taxonomy":"product_tag","embeddable":true,"href":"https:\/\/aromasentia.com\/sv\/wp-json\/wp\/v2\/product_tag?post=216947"}],"curies":[{"name":"wp","href":"https:\/\/api.w.org\/{rel}","templated":true}]}}