{"id":216935,"date":"2025-03-20T15:12:34","date_gmt":"2025-03-20T15:12:34","guid":{"rendered":"https:\/\/aromasentia.com\/product\/evening-primrose-organic-base-oil-100ml\/"},"modified":"2025-12-31T15:48:36","modified_gmt":"2025-12-31T15:48:36","slug":"nattljus-ekologisk-basolja-100ml","status":"publish","type":"product","link":"https:\/\/aromasentia.com\/sv\/nattljus-ekologisk-basolja-100ml\/","title":{"rendered":"Nattljus Ekologisk Basolja &#8211; 100ml"},"content":{"rendered":"<p><strong>Latinskt namn:&nbsp;<\/strong><em>Oenothera Biennis&nbsp;<\/em><\/p>\n<p><strong>F\u00e4rg och doft:&nbsp;<\/strong>Guldgul med en l\u00e4tt n\u00f6tig doft&nbsp;<\/p>\n<p><strong>Textur:<\/strong> Tjock konsistens som absorberas i huden mycket l\u00e5ngsamt&nbsp;<\/p>\n<p>V\u00e5r <strong>Ekologiska Nattljusbasolja i Grossistledet<\/strong> \u00e4r tillverkad med hj\u00e4lp av kallpressning. Levereras i 100 ml b\u00e4rnstensf\u00e4rgade flaskor och inneh\u00e5llet \u00e4r 100 % naturligt, extraherat fr\u00e5n v\u00e4xter som inte odlas med bek\u00e4mpningsmedel, g\u00f6dningsmedel eller andra kemikalier.&nbsp;<\/p>\n<p>Nattljusolja s\u00e4gs ha m\u00e5nga gynnsamma egenskaper. Bland dem finns en rad positiva effekter p\u00e5 huden, som att hj\u00e4lpa mot mj\u00e4ll, eksem och psoriasis.<\/p>\n","protected":false},"excerpt":{"rendered":"<p>Latinskt namn:&nbsp;Oenothera Biennis&nbsp; F\u00e4rg och doft:&nbsp;Guldgul med en l\u00e4tt n\u00f6tig doft&nbsp; Textur: Tjock konsistens som absorberas i huden mycket l\u00e5ngsamt&nbsp; V\u00e5r Ekologiska Nattljusbasolja i Grossistledet \u00e4r tillverkad med hj\u00e4lp av kallpressning. Levereras i 100 ml b\u00e4rnstensf\u00e4rgade flaskor och inneh\u00e5llet \u00e4r 100 % naturligt, extraherat fr\u00e5n v\u00e4xter som inte odlas med bek\u00e4mpningsmedel, g\u00f6dningsmedel eller andra kemikalier.&nbsp; [&hellip;]<\/p>\n","protected":false},"featured_media":267138,"comment_status":"closed","ping_status":"open","template":"","meta":{"_angie_page":false},"product_brand":[],"product_cat":[11868,13718,26836,25845,26059],"product_tag":[],"class_list":{"0":"post-216935","1":"product","2":"type-product","3":"status-publish","4":"has-post-thumbnail","6":"product_cat-aromaterapi-och-rumsdofter","7":"product_cat-basoljor","8":"product_cat-blommig","9":"product_cat-dofter-aromer","10":"product_cat-ros","11":"pa_collection-organic-base-oils-100ml-sv","12":"pa_made-in-kina","13":"pa_size-100ml","15":"first","16":"instock","17":"purchasable","18":"product-type-simple"},"supplier_id":null,"supplier_sku":"OrgBO-09","barcode":null,"atum_controlled":true,"out_stock_date":null,"out_stock_threshold":null,"inheritable":false,"inbound_stock":null,"stock_on_hold":0,"sold_today":0,"sales_last_days":0,"reserved_stock":null,"customer_returns":null,"warehouse_damage":null,"lost_in_post":null,"other_logs":null,"out_stock_days":0,"lost_sales":0,"has_location":null,"update_date":"2026-05-08T05:15:41","atum_locations":[],"atum_stock_status":"instock","restock_status":false,"low_stock_amount":"","sales_update_date":"2026-02-06T00:02:24","calc_backorders":null,"_links":{"self":[{"href":"https:\/\/aromasentia.com\/sv\/wp-json\/wp\/v2\/product\/216935","targetHints":{"allow":["GET"]}}],"collection":[{"href":"https:\/\/aromasentia.com\/sv\/wp-json\/wp\/v2\/product"}],"about":[{"href":"https:\/\/aromasentia.com\/sv\/wp-json\/wp\/v2\/types\/product"}],"replies":[{"embeddable":true,"href":"https:\/\/aromasentia.com\/sv\/wp-json\/wp\/v2\/comments?post=216935"}],"version-history":[{"count":0,"href":"https:\/\/aromasentia.com\/sv\/wp-json\/wp\/v2\/product\/216935\/revisions"}],"wp:featuredmedia":[{"embeddable":true,"href":"https:\/\/aromasentia.com\/sv\/wp-json\/wp\/v2\/media\/267138"}],"wp:attachment":[{"href":"https:\/\/aromasentia.com\/sv\/wp-json\/wp\/v2\/media?parent=216935"}],"wp:term":[{"taxonomy":"product_brand","embeddable":true,"href":"https:\/\/aromasentia.com\/sv\/wp-json\/wp\/v2\/product_brand?post=216935"},{"taxonomy":"product_cat","embeddable":true,"href":"https:\/\/aromasentia.com\/sv\/wp-json\/wp\/v2\/product_cat?post=216935"},{"taxonomy":"product_tag","embeddable":true,"href":"https:\/\/aromasentia.com\/sv\/wp-json\/wp\/v2\/product_tag?post=216935"}],"curies":[{"name":"wp","href":"https:\/\/api.w.org\/{rel}","templated":true}]}}