{"id":216933,"date":"2025-03-20T15:12:34","date_gmt":"2025-03-20T15:12:34","guid":{"rendered":"https:\/\/aromasentia.com\/product\/calendula-organic-base-oil-100ml\/"},"modified":"2025-12-31T15:48:36","modified_gmt":"2025-12-31T15:48:36","slug":"ringblomma-ekologisk-basolja-100ml","status":"publish","type":"product","link":"https:\/\/aromasentia.com\/sv\/ringblomma-ekologisk-basolja-100ml\/","title":{"rendered":"Ringblomma Ekologisk Basolja &#8211; 100ml"},"content":{"rendered":"<p><strong>Latinskt namn:&nbsp;<\/strong><em>Calendula Officinalis&nbsp;<\/em><\/p>\n<p><strong>F\u00e4rg och doft:&nbsp;<\/strong>Gul till b\u00e4rnstensf\u00e4rgad, kryddig-s\u00f6t arom&nbsp;<\/p>\n<p><strong>Textur:&nbsp;<\/strong>Tunn&nbsp;<\/p>\n<p>V\u00e5r <strong>Ekologiska <\/strong><strong>Ringblomsbasolja i Grossistledet<\/strong> \u00e4r tillverkad genom oljeinfusionsmetod. Levereras i 100 ml b\u00e4rnstensf\u00e4rgade flaskor och inneh\u00e5llet \u00e4r 100 % naturligt, extraherat fr\u00e5n v\u00e4xter som inte odlas med bek\u00e4mpningsmedel, g\u00f6dningsmedel eller andra kemikalier.&nbsp;<\/p>\n<p>Calendula- eller ringblommav\u00e4xten \u00e4r s\u00e5 allm\u00e4nt odlad att dess exakta ursprung \u00e4r sv\u00e5rt att fastst\u00e4lla. Det \u00e4r en kortlivad, men \u00e4nd\u00e5 t\u00e5lig fler\u00e5rig v\u00e4xt som har f\u00f6rm\u00e5gan att v\u00e4xa i n\u00e4stan vilken jord som helst. Den anses ocks\u00e5 vara \u00e4tbar och blomman kan anv\u00e4ndas i recept och sallader f\u00f6r att ge f\u00e4rg.&nbsp;<\/p>\n<p>Oljan i sig \u00e4r ganska m\u00e5ngsidig. Den s\u00e4gs hj\u00e4lpa till med hudbesv\u00e4r med den extra f\u00f6rdelen att ha antiinflammatoriska och antibakteriella egenskaper. Ringblomsolja anv\u00e4nds flitigt i kosmetikaindustrin av sk\u00e4len ovan samt \u00e4r sammandragande och stramar upp huden.<\/p>\n","protected":false},"excerpt":{"rendered":"<p>Latinskt namn:&nbsp;Calendula Officinalis&nbsp; F\u00e4rg och doft:&nbsp;Gul till b\u00e4rnstensf\u00e4rgad, kryddig-s\u00f6t arom&nbsp; Textur:&nbsp;Tunn&nbsp; V\u00e5r Ekologiska Ringblomsbasolja i Grossistledet \u00e4r tillverkad genom oljeinfusionsmetod. Levereras i 100 ml b\u00e4rnstensf\u00e4rgade flaskor och inneh\u00e5llet \u00e4r 100 % naturligt, extraherat fr\u00e5n v\u00e4xter som inte odlas med bek\u00e4mpningsmedel, g\u00f6dningsmedel eller andra kemikalier.&nbsp; Calendula- eller ringblommav\u00e4xten \u00e4r s\u00e5 allm\u00e4nt odlad att dess exakta ursprung [&hellip;]<\/p>\n","protected":false},"featured_media":267120,"comment_status":"closed","ping_status":"open","template":"","meta":{"_angie_page":false},"product_brand":[],"product_cat":[11868,13718],"product_tag":[],"class_list":{"0":"post-216933","1":"product","2":"type-product","3":"status-publish","4":"has-post-thumbnail","6":"product_cat-aromaterapi-och-rumsdofter","7":"product_cat-basoljor","8":"pa_collection-organic-base-oils-100ml-sv","9":"pa_made-in-storbritannien","10":"pa_size-100ml","12":"first","13":"instock","14":"purchasable","15":"product-type-simple"},"supplier_id":null,"supplier_sku":"OrgBO-07","barcode":null,"atum_controlled":true,"out_stock_date":null,"out_stock_threshold":null,"inheritable":false,"inbound_stock":null,"stock_on_hold":0,"sold_today":0,"sales_last_days":0,"reserved_stock":null,"customer_returns":null,"warehouse_damage":null,"lost_in_post":null,"other_logs":null,"out_stock_days":0,"lost_sales":0,"has_location":null,"update_date":"2026-04-29T06:53:35","atum_locations":[],"atum_stock_status":"instock","restock_status":false,"low_stock_amount":"","sales_update_date":"2026-02-06T00:00:47","calc_backorders":null,"_links":{"self":[{"href":"https:\/\/aromasentia.com\/sv\/wp-json\/wp\/v2\/product\/216933","targetHints":{"allow":["GET"]}}],"collection":[{"href":"https:\/\/aromasentia.com\/sv\/wp-json\/wp\/v2\/product"}],"about":[{"href":"https:\/\/aromasentia.com\/sv\/wp-json\/wp\/v2\/types\/product"}],"replies":[{"embeddable":true,"href":"https:\/\/aromasentia.com\/sv\/wp-json\/wp\/v2\/comments?post=216933"}],"version-history":[{"count":0,"href":"https:\/\/aromasentia.com\/sv\/wp-json\/wp\/v2\/product\/216933\/revisions"}],"wp:featuredmedia":[{"embeddable":true,"href":"https:\/\/aromasentia.com\/sv\/wp-json\/wp\/v2\/media\/267120"}],"wp:attachment":[{"href":"https:\/\/aromasentia.com\/sv\/wp-json\/wp\/v2\/media?parent=216933"}],"wp:term":[{"taxonomy":"product_brand","embeddable":true,"href":"https:\/\/aromasentia.com\/sv\/wp-json\/wp\/v2\/product_brand?post=216933"},{"taxonomy":"product_cat","embeddable":true,"href":"https:\/\/aromasentia.com\/sv\/wp-json\/wp\/v2\/product_cat?post=216933"},{"taxonomy":"product_tag","embeddable":true,"href":"https:\/\/aromasentia.com\/sv\/wp-json\/wp\/v2\/product_tag?post=216933"}],"curies":[{"name":"wp","href":"https:\/\/api.w.org\/{rel}","templated":true}]}}