{"id":216932,"date":"2025-03-20T15:12:34","date_gmt":"2025-03-20T15:12:34","guid":{"rendered":"https:\/\/aromasentia.com\/product\/coconut-organic-base-oil-100ml\/"},"modified":"2025-12-31T15:48:36","modified_gmt":"2025-12-31T15:48:36","slug":"kokos-ekologisk-basolja-100ml","status":"publish","type":"product","link":"https:\/\/aromasentia.com\/sv\/kokos-ekologisk-basolja-100ml\/","title":{"rendered":"Kokos Ekologisk Basolja &#8211; 100ml"},"content":{"rendered":"<p><strong>Latinskt namn:<\/strong> <em>Cocos Nucifera&nbsp;<\/em><\/p>\n<p><strong>F\u00e4rg och doft:<\/strong> Vattenklar och luktfri&nbsp;<\/p>\n<p><strong>Textur:&nbsp;<\/strong>Ganska l\u00e4tt att h\u00e4lla och ser ut att ha en grumlig konsistens f\u00f6r blotta \u00f6gat&nbsp;<\/p>\n<p>V\u00e5r <strong>Ekologiska Kokosbasolja i Grossistledet<\/strong> kommer fr\u00e5n Indonesien och tillverkas genom kallpressning. Levereras i 100 ml b\u00e4rnstensf\u00e4rgade flaskor och inneh\u00e5llet \u00e4r 100 % naturligt, extraherat fr\u00e5n v\u00e4xter som inte odlas med bek\u00e4mpningsmedel, konstg\u00f6dsel eller andra kemikalier.&nbsp;<\/p>\n<p>Kokosolja i sin renaste form \u00e4r fast vid rumstemperatur p\u00e5 grund av det naturliga fettet som finns i den tropiska kokosn\u00f6tsv\u00e4xten.&nbsp;<\/p>\n<p>Kokosn\u00f6tsolja anv\u00e4nds i ett antal omr\u00e5den. Det \u00e4r en bra fuktkr\u00e4m f\u00f6r huden och n\u00e4r den appliceras p\u00e5 h\u00e5ret hj\u00e4lper den till att beh\u00e5lla proteiner.<\/p>\n","protected":false},"excerpt":{"rendered":"<p>Latinskt namn: Cocos Nucifera&nbsp; F\u00e4rg och doft: Vattenklar och luktfri&nbsp; Textur:&nbsp;Ganska l\u00e4tt att h\u00e4lla och ser ut att ha en grumlig konsistens f\u00f6r blotta \u00f6gat&nbsp; V\u00e5r Ekologiska Kokosbasolja i Grossistledet kommer fr\u00e5n Indonesien och tillverkas genom kallpressning. Levereras i 100 ml b\u00e4rnstensf\u00e4rgade flaskor och inneh\u00e5llet \u00e4r 100 % naturligt, extraherat fr\u00e5n v\u00e4xter som inte odlas [&hellip;]<\/p>\n","protected":false},"featured_media":267111,"comment_status":"closed","ping_status":"open","template":"","meta":{"_angie_page":false},"product_brand":[],"product_cat":[11868,13718,13648],"product_tag":[],"class_list":{"0":"post-216932","1":"product","2":"type-product","3":"status-publish","4":"has-post-thumbnail","6":"product_cat-aromaterapi-och-rumsdofter","7":"product_cat-basoljor","8":"product_cat-eteriska-oljor","9":"pa_collection-organic-base-oils-100ml-sv","10":"pa_made-in-indonesien","11":"pa_size-100ml","13":"first","14":"instock","15":"purchasable","16":"product-type-simple"},"supplier_id":null,"supplier_sku":"OrgBO-06","barcode":null,"atum_controlled":true,"out_stock_date":null,"out_stock_threshold":null,"inheritable":false,"inbound_stock":null,"stock_on_hold":0,"sold_today":0,"sales_last_days":0,"reserved_stock":null,"customer_returns":null,"warehouse_damage":null,"lost_in_post":null,"other_logs":null,"out_stock_days":0,"lost_sales":0,"has_location":null,"update_date":"2026-04-28T18:50:19","atum_locations":[],"atum_stock_status":"instock","restock_status":false,"low_stock_amount":"","sales_update_date":"2026-01-20T05:14:00","calc_backorders":null,"_links":{"self":[{"href":"https:\/\/aromasentia.com\/sv\/wp-json\/wp\/v2\/product\/216932","targetHints":{"allow":["GET"]}}],"collection":[{"href":"https:\/\/aromasentia.com\/sv\/wp-json\/wp\/v2\/product"}],"about":[{"href":"https:\/\/aromasentia.com\/sv\/wp-json\/wp\/v2\/types\/product"}],"replies":[{"embeddable":true,"href":"https:\/\/aromasentia.com\/sv\/wp-json\/wp\/v2\/comments?post=216932"}],"version-history":[{"count":0,"href":"https:\/\/aromasentia.com\/sv\/wp-json\/wp\/v2\/product\/216932\/revisions"}],"wp:featuredmedia":[{"embeddable":true,"href":"https:\/\/aromasentia.com\/sv\/wp-json\/wp\/v2\/media\/267111"}],"wp:attachment":[{"href":"https:\/\/aromasentia.com\/sv\/wp-json\/wp\/v2\/media?parent=216932"}],"wp:term":[{"taxonomy":"product_brand","embeddable":true,"href":"https:\/\/aromasentia.com\/sv\/wp-json\/wp\/v2\/product_brand?post=216932"},{"taxonomy":"product_cat","embeddable":true,"href":"https:\/\/aromasentia.com\/sv\/wp-json\/wp\/v2\/product_cat?post=216932"},{"taxonomy":"product_tag","embeddable":true,"href":"https:\/\/aromasentia.com\/sv\/wp-json\/wp\/v2\/product_tag?post=216932"}],"curies":[{"name":"wp","href":"https:\/\/api.w.org\/{rel}","templated":true}]}}