{"id":216916,"date":"2025-03-20T15:12:55","date_gmt":"2025-03-20T15:12:55","guid":{"rendered":"https:\/\/aromasentia.com\/product\/organic-coconut-oil-1-litre\/"},"modified":"2025-12-31T15:48:21","modified_gmt":"2025-12-31T15:48:21","slug":"ekologisk-kokosolja-1-liter","status":"publish","type":"product","link":"https:\/\/aromasentia.com\/sv\/ekologisk-kokosolja-1-liter\/","title":{"rendered":"Ekologisk Kokosolja 1 Liter"},"content":{"rendered":"<p style=\"text-align: justify;\">Basoljor, \u00e4ven kallade b\u00e4raroljor, \u00e4r oljor som kan anv\u00e4ndas f\u00f6r att sp\u00e4da ut eteriska oljor eller doftoljor och &quot;b\u00e4ra&quot; in dessa i huden.&nbsp;<\/p>\n<p style=\"text-align: justify;\">Den ekologiska kokosoljan vi s\u00e4ljer \u00e4r f\u00f6rstklassig och kallpressad, vilket g\u00f6r att du kan f\u00e5 den mest aktiva, mycket potenta och milj\u00f6v\u00e4nliga sk\u00f6nhets-, aromaterapi- eller kosmetiska produkten som pengarna kan k\u00f6pa. De \u00e4r fria fr\u00e5n bek\u00e4mpningsmedel, herbicider och syntetiska g\u00f6dningsmedel, och d\u00e4rf\u00f6r anses de vara s\u00e4kra f\u00f6r milj\u00f6n och s\u00e4kra i kosmetiska formuleringar.&nbsp;<\/p>\n<p style=\"text-align: justify;\"><strong>Kokosolja&nbsp;<\/strong>\u00e4r rik p\u00e5 fettsyror och antioxidanter, vilket ger djup fukt och skydd. Dess antibakteriella egenskaper g\u00f6r den ocks\u00e5 perfekt f\u00f6r att lugna irriterad hud.<\/p>\n<p style=\"text-align: justify;\"><strong>Latinskt namn:<\/strong> Cocos nucifera<\/p>\n<p style=\"text-align: justify;\"><strong>Kommer fr\u00e5n:<\/strong> Kokosmassa<\/p>\n<p style=\"text-align: justify;\"><strong>F\u00f6rdelar:<\/strong> \u00c5terfuktar p\u00e5 djupet, st\u00e4rker hudbarri\u00e4ren och minskar inflammation<\/p>\n<p style=\"text-align: justify;\"><strong>Hudtyp:&nbsp;<\/strong>B\u00e4st f\u00f6r torr, irriterad eller k\u00e4nslig hud<\/p>\n","protected":false},"excerpt":{"rendered":"<p>Basoljor, \u00e4ven kallade b\u00e4raroljor, \u00e4r oljor som kan anv\u00e4ndas f\u00f6r att sp\u00e4da ut eteriska oljor eller doftoljor och &quot;b\u00e4ra&quot; in dessa i huden.&nbsp; Den ekologiska kokosoljan vi s\u00e4ljer \u00e4r f\u00f6rstklassig och kallpressad, vilket g\u00f6r att du kan f\u00e5 den mest aktiva, mycket potenta och milj\u00f6v\u00e4nliga sk\u00f6nhets-, aromaterapi- eller kosmetiska produkten som pengarna kan k\u00f6pa. De [&hellip;]<\/p>\n","protected":false},"featured_media":267201,"comment_status":"closed","ping_status":"open","template":"","meta":{"_angie_page":false},"product_brand":[],"product_cat":[11868,13718],"product_tag":[],"class_list":{"0":"post-216916","1":"product","2":"type-product","3":"status-publish","4":"has-post-thumbnail","6":"product_cat-aromaterapi-och-rumsdofter","7":"product_cat-basoljor","8":"pa_collection-bulk-organic-carrier-oils-sv","9":"pa_made-in-sri-lanka","11":"first","12":"instock","13":"purchasable","14":"product-type-simple"},"supplier_id":null,"supplier_sku":"OrgBOz-06","barcode":null,"atum_controlled":true,"out_stock_date":null,"out_stock_threshold":null,"inheritable":false,"inbound_stock":null,"stock_on_hold":0,"sold_today":0,"sales_last_days":0,"reserved_stock":null,"customer_returns":null,"warehouse_damage":null,"lost_in_post":null,"other_logs":null,"out_stock_days":98,"lost_sales":0,"has_location":null,"update_date":"2026-04-27T07:16:49","atum_locations":[],"atum_stock_status":"instock","restock_status":false,"low_stock_amount":"","sales_update_date":"2026-02-06T00:01:11","calc_backorders":null,"_links":{"self":[{"href":"https:\/\/aromasentia.com\/sv\/wp-json\/wp\/v2\/product\/216916","targetHints":{"allow":["GET"]}}],"collection":[{"href":"https:\/\/aromasentia.com\/sv\/wp-json\/wp\/v2\/product"}],"about":[{"href":"https:\/\/aromasentia.com\/sv\/wp-json\/wp\/v2\/types\/product"}],"replies":[{"embeddable":true,"href":"https:\/\/aromasentia.com\/sv\/wp-json\/wp\/v2\/comments?post=216916"}],"version-history":[{"count":0,"href":"https:\/\/aromasentia.com\/sv\/wp-json\/wp\/v2\/product\/216916\/revisions"}],"wp:featuredmedia":[{"embeddable":true,"href":"https:\/\/aromasentia.com\/sv\/wp-json\/wp\/v2\/media\/267201"}],"wp:attachment":[{"href":"https:\/\/aromasentia.com\/sv\/wp-json\/wp\/v2\/media?parent=216916"}],"wp:term":[{"taxonomy":"product_brand","embeddable":true,"href":"https:\/\/aromasentia.com\/sv\/wp-json\/wp\/v2\/product_brand?post=216916"},{"taxonomy":"product_cat","embeddable":true,"href":"https:\/\/aromasentia.com\/sv\/wp-json\/wp\/v2\/product_cat?post=216916"},{"taxonomy":"product_tag","embeddable":true,"href":"https:\/\/aromasentia.com\/sv\/wp-json\/wp\/v2\/product_tag?post=216916"}],"curies":[{"name":"wp","href":"https:\/\/api.w.org\/{rel}","templated":true}]}}