{"id":216911,"date":"2025-03-20T15:12:55","date_gmt":"2025-03-20T15:12:55","guid":{"rendered":"https:\/\/aromasentia.com\/product\/organic-castor-oil-1-litre\/"},"modified":"2025-12-31T15:48:21","modified_gmt":"2025-12-31T15:48:21","slug":"ekologisk-ricinolja-1-liter","status":"publish","type":"product","link":"https:\/\/aromasentia.com\/sv\/ekologisk-ricinolja-1-liter\/","title":{"rendered":"Ekologisk Ricinolja 1 Liter"},"content":{"rendered":"<p style=\"text-align: justify;\">Basoljor, \u00e4ven kallade b\u00e4raroljor, \u00e4r oljor som kan anv\u00e4ndas f\u00f6r att sp\u00e4da ut eteriska oljor eller doftoljor och &quot;b\u00e4ra&quot; in dessa i huden.&nbsp;<\/p>\n<p style=\"text-align: justify;\">Den ekologiska ricinoljan vi s\u00e4ljer \u00e4r f\u00f6rstklassig och kallpressad, vilket g\u00f6r att du kan f\u00e5 den mest aktiva, mycket potenta och milj\u00f6v\u00e4nliga sk\u00f6nhets-, aromaterapi- eller kosmetiska produkten som pengarna kan k\u00f6pa. De \u00e4r fria fr\u00e5n bek\u00e4mpningsmedel, herbicider och syntetiska g\u00f6dningsmedel, och d\u00e4rf\u00f6r anses de vara s\u00e4kra f\u00f6r milj\u00f6n och s\u00e4kra i kosmetiska formuleringar.&nbsp;<\/p>\n<p style=\"text-align: justify;\"><strong>Ricinolja&nbsp;<\/strong>\u00e4r en m\u00e5ngsidig b\u00e4rarolja som tr\u00e4nger djupt in i huden f\u00f6r att \u00e5terfukta utan att t\u00e4ppa till porerna. Dess ricinolsyrainneh\u00e5ll hj\u00e4lper till att bek\u00e4mpa akne, minska inflammation och fr\u00e4mja h\u00e4lsosam h\u00e5rv\u00e4xt, vilket g\u00f6r den till en stapelvara i sk\u00f6nhetsrutiner.<\/p>\n<p style=\"text-align: justify;\"><strong>Latinskt namn:<\/strong> Ricinus communis<\/p>\n<p style=\"text-align: justify;\"><strong>Kommer fr\u00e5n:<\/strong> Fr\u00f6n<\/p>\n<p style=\"text-align: justify;\"><strong>F\u00f6rdelar:<\/strong> Fr\u00e4mjar h\u00e5rv\u00e4xt, \u00e5terfuktar huden och minskar akne<\/p>\n<p style=\"text-align: justify;\"><strong>Hudtyp:<\/strong> L\u00e4mplig f\u00f6r alla hudtyper, speciellt torr och akneben\u00e4gen hud<\/p>\n","protected":false},"excerpt":{"rendered":"<p>Basoljor, \u00e4ven kallade b\u00e4raroljor, \u00e4r oljor som kan anv\u00e4ndas f\u00f6r att sp\u00e4da ut eteriska oljor eller doftoljor och &quot;b\u00e4ra&quot; in dessa i huden.&nbsp; Den ekologiska ricinoljan vi s\u00e4ljer \u00e4r f\u00f6rstklassig och kallpressad, vilket g\u00f6r att du kan f\u00e5 den mest aktiva, mycket potenta och milj\u00f6v\u00e4nliga sk\u00f6nhets-, aromaterapi- eller kosmetiska produkten som pengarna kan k\u00f6pa. De [&hellip;]<\/p>\n","protected":false},"featured_media":267156,"comment_status":"closed","ping_status":"open","template":"","meta":{"_angie_page":false},"product_brand":[],"product_cat":[11868,13718],"product_tag":[],"class_list":{"0":"post-216911","1":"product","2":"type-product","3":"status-publish","4":"has-post-thumbnail","6":"product_cat-aromaterapi-och-rumsdofter","7":"product_cat-basoljor","8":"pa_collection-bulk-organic-carrier-oils-sv","9":"pa_made-in-indien","11":"first","12":"instock","13":"purchasable","14":"product-type-simple"},"supplier_id":null,"supplier_sku":"OrgBOz-11","barcode":null,"atum_controlled":true,"out_stock_date":null,"out_stock_threshold":null,"inheritable":false,"inbound_stock":null,"stock_on_hold":0,"sold_today":0,"sales_last_days":0,"reserved_stock":null,"customer_returns":null,"warehouse_damage":null,"lost_in_post":null,"other_logs":null,"out_stock_days":93,"lost_sales":0,"has_location":null,"update_date":"2026-04-27T07:16:49","atum_locations":[],"atum_stock_status":"instock","restock_status":false,"low_stock_amount":"","sales_update_date":"2026-02-06T00:01:10","calc_backorders":null,"_links":{"self":[{"href":"https:\/\/aromasentia.com\/sv\/wp-json\/wp\/v2\/product\/216911","targetHints":{"allow":["GET"]}}],"collection":[{"href":"https:\/\/aromasentia.com\/sv\/wp-json\/wp\/v2\/product"}],"about":[{"href":"https:\/\/aromasentia.com\/sv\/wp-json\/wp\/v2\/types\/product"}],"replies":[{"embeddable":true,"href":"https:\/\/aromasentia.com\/sv\/wp-json\/wp\/v2\/comments?post=216911"}],"version-history":[{"count":0,"href":"https:\/\/aromasentia.com\/sv\/wp-json\/wp\/v2\/product\/216911\/revisions"}],"wp:featuredmedia":[{"embeddable":true,"href":"https:\/\/aromasentia.com\/sv\/wp-json\/wp\/v2\/media\/267156"}],"wp:attachment":[{"href":"https:\/\/aromasentia.com\/sv\/wp-json\/wp\/v2\/media?parent=216911"}],"wp:term":[{"taxonomy":"product_brand","embeddable":true,"href":"https:\/\/aromasentia.com\/sv\/wp-json\/wp\/v2\/product_brand?post=216911"},{"taxonomy":"product_cat","embeddable":true,"href":"https:\/\/aromasentia.com\/sv\/wp-json\/wp\/v2\/product_cat?post=216911"},{"taxonomy":"product_tag","embeddable":true,"href":"https:\/\/aromasentia.com\/sv\/wp-json\/wp\/v2\/product_tag?post=216911"}],"curies":[{"name":"wp","href":"https:\/\/api.w.org\/{rel}","templated":true}]}}