{"id":216908,"date":"2025-03-20T15:13:10","date_gmt":"2025-03-20T15:13:10","guid":{"rendered":"https:\/\/aromasentia.com\/product\/bergamot-organic-essential-oil-10ml\/"},"modified":"2025-12-31T15:48:21","modified_gmt":"2025-12-31T15:48:21","slug":"bergamott-ekologisk-eterisk-olja-10ml","status":"publish","type":"product","link":"https:\/\/aromasentia.com\/sv\/bergamott-ekologisk-eterisk-olja-10ml\/","title":{"rendered":"Bergamott Ekologisk Eterisk Olja 10ml"},"content":{"rendered":"<p>Grossist Bergamott Eterisk Olja utvinns genom pressning fr\u00e5n s\u00e5v\u00e4l mogna som omogna frukter fr\u00e5n bergamott apelsintr\u00e4det. Denna eteriska olja som doftar citrusliknande men \u00e4nd\u00e5 s\u00f6t, \u00e4r utm\u00e4rkt f\u00f6r att skapa en avslappnad och glad k\u00e4nsla. Den \u00e4r anv\u00e4ndbar vid behandling av urinv\u00e4gsinfektioner, hudbesv\u00e4r och den \u00f6kar funktionerna i levern, mj\u00e4lten och magen.&nbsp;<\/p>\n<p>Bergamott Eterisk Olja anv\u00e4nds i aromaterapi f\u00f6r att behandla depression, stress, sp\u00e4nningar, l\u00e5gt sj\u00e4lvf\u00f6rtroende, r\u00e4dsla och hysteri. Den \u00e4r anv\u00e4ndbar f\u00f6r att l\u00e4ka hudinfektioner som allm\u00e4nna s\u00e5r, psoriasis, muns\u00e5r och eksem. Denna olja s\u00e4gs hj\u00e4lpa dem som lider av SAD (Seasonal Affected Disorder), PMS, tv\u00e5ngsm\u00e4ssigt \u00e4tande, f\u00f6rlossningsdepression, f\u00f6rkylningar och influensa. Bergamottolja \u00e4r en favorit inom aromaterapi och anv\u00e4nds till f\u00f6r\u00e5ngare, massager och blandas i badvatten. Experter rekommenderar f\u00f6rsiktighet n\u00e4r du anv\u00e4nder denna olja p\u00e5 k\u00e4nslig hud, om den uts\u00e4tts f\u00f6r solljus efter applicering, eftersom detta kan orsaka br\u00e4nnskador. H\u00e5ll dig borta fr\u00e5n solen om oljan har anv\u00e4nts p\u00e5 huden.&nbsp;<\/p>\n<p>Namnet Bergamott kommer fr\u00e5n staden Bergamo i Lombardiet, Italien, d\u00e4r oljan f\u00f6rst s\u00e5ldes. Den har odlats sedan 1500-talet i Medelhavsl\u00e4nderna som Italien och Grekland. Den har anv\u00e4nts i parfym- och livsmedelsindustrin (Earl Grey te) under l\u00e5ng tid. Eterisk olja av bergamott har b\u00f6rjat extraheras bara nyligen, medan frukten och dess essens och smak har anv\u00e4nts i traditionell medicin i hundratals \u00e5r.&nbsp;<\/p>\n<p><strong>Latinskt namn:&nbsp;<\/strong><em>Citrus Bergamia&nbsp;<\/em><\/p>\n<p><strong>Del av v\u00e4xt som anv\u00e4nds:&nbsp;<\/strong><em>Fruktskal&nbsp;<\/em><\/p>\n<p><strong>Ursprung: <\/strong><em>Medelhavet<\/em><em>&nbsp;<\/em><\/p>\n<p><strong>Extraktionsmetod:&nbsp;<\/strong><em>Kallpressning<\/em><\/p>\n<p><strong><span style=\"color: rgb(84, 172, 210);\">OBS: V\u00e5ra eteriska oljor \u00e4r inte l\u00e4mpliga f\u00f6r internt bruk.<\/span><\/strong><\/p>\n","protected":false},"excerpt":{"rendered":"<p>Grossist Bergamott Eterisk Olja utvinns genom pressning fr\u00e5n s\u00e5v\u00e4l mogna som omogna frukter fr\u00e5n bergamott apelsintr\u00e4det. Denna eteriska olja som doftar citrusliknande men \u00e4nd\u00e5 s\u00f6t, \u00e4r utm\u00e4rkt f\u00f6r att skapa en avslappnad och glad k\u00e4nsla. Den \u00e4r anv\u00e4ndbar vid behandling av urinv\u00e4gsinfektioner, hudbesv\u00e4r och den \u00f6kar funktionerna i levern, mj\u00e4lten och magen.&nbsp; Bergamott Eterisk Olja [&hellip;]<\/p>\n","protected":false},"featured_media":267363,"comment_status":"closed","ping_status":"open","template":"","meta":[],"product_brand":[27091],"product_cat":[11868,26006,26822,25845,26654,13648],"product_tag":[],"class_list":{"0":"post-216908","1":"product","2":"type-product","3":"status-publish","4":"has-post-thumbnail","6":"product_brand-ancient-wisdom","7":"product_cat-aromaterapi-och-rumsdofter","8":"product_cat-bergamott","9":"product_cat-citrus","10":"product_cat-dofter-aromer","11":"product_cat-ekologiska-eteriska-oljor","12":"product_cat-eteriska-oljor","13":"pa_collection-10ml-organic-essential-oils-sv","14":"pa_made-in-italien","15":"pa_size-10ml","17":"first","18":"instock","19":"purchasable","20":"product-type-simple"},"supplier_id":null,"supplier_sku":"OrgEO-13","barcode":null,"atum_controlled":true,"out_stock_date":null,"out_stock_threshold":null,"inheritable":false,"inbound_stock":null,"stock_on_hold":0,"sold_today":0,"sales_last_days":0,"reserved_stock":null,"customer_returns":null,"warehouse_damage":null,"lost_in_post":null,"other_logs":null,"out_stock_days":0,"lost_sales":0,"has_location":null,"update_date":"2026-01-30T01:24:40","atum_locations":[],"atum_stock_status":"instock","restock_status":false,"low_stock_amount":"","sales_update_date":"2026-01-30T01:24:40","calc_backorders":null,"_links":{"self":[{"href":"https:\/\/aromasentia.com\/sv\/wp-json\/wp\/v2\/product\/216908","targetHints":{"allow":["GET"]}}],"collection":[{"href":"https:\/\/aromasentia.com\/sv\/wp-json\/wp\/v2\/product"}],"about":[{"href":"https:\/\/aromasentia.com\/sv\/wp-json\/wp\/v2\/types\/product"}],"replies":[{"embeddable":true,"href":"https:\/\/aromasentia.com\/sv\/wp-json\/wp\/v2\/comments?post=216908"}],"version-history":[{"count":0,"href":"https:\/\/aromasentia.com\/sv\/wp-json\/wp\/v2\/product\/216908\/revisions"}],"wp:featuredmedia":[{"embeddable":true,"href":"https:\/\/aromasentia.com\/sv\/wp-json\/wp\/v2\/media\/267363"}],"wp:attachment":[{"href":"https:\/\/aromasentia.com\/sv\/wp-json\/wp\/v2\/media?parent=216908"}],"wp:term":[{"taxonomy":"product_brand","embeddable":true,"href":"https:\/\/aromasentia.com\/sv\/wp-json\/wp\/v2\/product_brand?post=216908"},{"taxonomy":"product_cat","embeddable":true,"href":"https:\/\/aromasentia.com\/sv\/wp-json\/wp\/v2\/product_cat?post=216908"},{"taxonomy":"product_tag","embeddable":true,"href":"https:\/\/aromasentia.com\/sv\/wp-json\/wp\/v2\/product_tag?post=216908"}],"curies":[{"name":"wp","href":"https:\/\/api.w.org\/{rel}","templated":true}]}}