{"id":216905,"date":"2025-03-20T15:13:10","date_gmt":"2025-03-20T15:13:10","guid":{"rendered":"https:\/\/aromasentia.com\/product\/geranium-organic-essential-oil-10ml\/"},"modified":"2025-12-31T15:48:14","modified_gmt":"2025-12-31T15:48:14","slug":"pelargon-ekologisk-eterisk-olja-10ml","status":"publish","type":"product","link":"https:\/\/aromasentia.com\/sv\/pelargon-ekologisk-eterisk-olja-10ml\/","title":{"rendered":"Pelargon Ekologisk Eterisk Olja 10ml"},"content":{"rendered":"<p>Grossist Pelargon Eterisk Olja \u00e4r \u00e5ngdestillerad fr\u00e5n blad och stj\u00e4lkar av v\u00e4xten Pelargonium Odoratissimum (\u00e4ppelpelargon). Den har en stark doft med en blommig arom och inslag av mynta och \u00e4pple. Den huvudsakliga egenskapen hos denna olja \u00e4r f\u00f6rm\u00e5gan att balansera och lyfta. Den anv\u00e4nds f\u00f6r b\u00e5de sinnet och kroppen till att lindra en m\u00e4ngd sjukdomar.&nbsp;<\/p>\n<p>Pelargon Eterisk Olja hj\u00e4lper till att balansera oljig och torr hud och skapar \u00e4ven balans i sinnet, samt lindrar stress och \u00e5ngest. Den s\u00e4gs ha en verkan p\u00e5 binjurebarken som har en balanserande effekt p\u00e5 hormonsystemet. Pelargonolja har anv\u00e4nts f\u00f6r att behandla akne, bl\u00e5m\u00e4rken, br\u00e4nnskador, sk\u00e4rs\u00e5r, dermatit, eksem, hemorrojder, ringorm, s\u00e5r, br\u00f6stf\u00f6rstoring, \u00f6dem, d\u00e5lig cirkulation, halsont, halsfluss, PMS, problem i klimakteriet, stress och neuralgi. Dess starka lukt st\u00f6ter bort myggor. Tills\u00e4tt n\u00e5gra droppar i schampot f\u00f6r att bli av med huvudl\u00f6ss.&nbsp;<\/p>\n<p>Dessa pelargoner troddes h\u00e5lla borta andar (precis som myggor), s\u00e5 de planterades runt hus som h\u00e4ckar. V\u00e4xterna h\u00e4rstammar fr\u00e5n Sydafrika, Reunion, Madagaskar, Egypten och Marocko och introducerades till europeiska l\u00e4nder p\u00e5 1600-talet. \u00c4ven om det finns cirka 700 sorter av v\u00e4xten, producerar endast 10 av dem eterisk olja i tillr\u00e4ckliga m\u00e4ngder. De sorter som planteras i tr\u00e4dg\u00e5rdar producerar vanligtvis f\u00f6r lite olja f\u00f6r att kunna anv\u00e4ndas f\u00f6r utvinning.&nbsp;<\/p>\n<p><strong>Latinskt namn: <\/strong><em>Pelargonium Graveolens&nbsp;<\/em><\/p>\n<p><strong>Del av v\u00e4xt som anv\u00e4nds: <\/strong><em>Blad, stj\u00e4lkar och blommor <\/em><\/p>\n<p><strong>Ursprung: <\/strong><em>Egypten <\/em><\/p>\n<p><strong>Extraktionsmetod: <\/strong><em>\u00c5ngdestillation <\/em><\/p>\n<p><strong><span style=\"color: rgb(84, 172, 210);\">OBS: V\u00e5ra eteriska oljor \u00e4r inte l\u00e4mpliga f\u00f6r internt bruk.<\/span><\/strong><\/p>\n","protected":false},"excerpt":{"rendered":"<p>Grossist Pelargon Eterisk Olja \u00e4r \u00e5ngdestillerad fr\u00e5n blad och stj\u00e4lkar av v\u00e4xten Pelargonium Odoratissimum (\u00e4ppelpelargon). Den har en stark doft med en blommig arom och inslag av mynta och \u00e4pple. Den huvudsakliga egenskapen hos denna olja \u00e4r f\u00f6rm\u00e5gan att balansera och lyfta. Den anv\u00e4nds f\u00f6r b\u00e5de sinnet och kroppen till att lindra en m\u00e4ngd sjukdomar.&nbsp; [&hellip;]<\/p>\n","protected":false},"featured_media":267336,"comment_status":"closed","ping_status":"open","template":"","meta":{"_angie_page":false},"product_brand":[27091],"product_cat":[11868,26836,25845,26654,13648,26024],"product_tag":[],"class_list":{"0":"post-216905","1":"product","2":"type-product","3":"status-publish","4":"has-post-thumbnail","6":"product_brand-ancient-wisdom","7":"product_cat-aromaterapi-och-rumsdofter","8":"product_cat-blommig","9":"product_cat-dofter-aromer","10":"product_cat-ekologiska-eteriska-oljor","11":"product_cat-eteriska-oljor","12":"product_cat-geranium","13":"pa_collection-10ml-organic-essential-oils-sv","14":"pa_made-in-egypten","15":"pa_size-10ml","17":"first","18":"instock","19":"purchasable","20":"product-type-simple"},"supplier_id":null,"supplier_sku":"OrgEO-10","barcode":null,"atum_controlled":true,"out_stock_date":null,"out_stock_threshold":null,"inheritable":false,"inbound_stock":null,"stock_on_hold":0,"sold_today":0,"sales_last_days":0,"reserved_stock":null,"customer_returns":null,"warehouse_damage":null,"lost_in_post":null,"other_logs":null,"out_stock_days":0,"lost_sales":0,"has_location":null,"update_date":"2026-04-27T07:16:58","atum_locations":[],"atum_stock_status":"instock","restock_status":false,"low_stock_amount":"","sales_update_date":"2026-01-30T01:24:29","calc_backorders":null,"_links":{"self":[{"href":"https:\/\/aromasentia.com\/sv\/wp-json\/wp\/v2\/product\/216905","targetHints":{"allow":["GET"]}}],"collection":[{"href":"https:\/\/aromasentia.com\/sv\/wp-json\/wp\/v2\/product"}],"about":[{"href":"https:\/\/aromasentia.com\/sv\/wp-json\/wp\/v2\/types\/product"}],"replies":[{"embeddable":true,"href":"https:\/\/aromasentia.com\/sv\/wp-json\/wp\/v2\/comments?post=216905"}],"version-history":[{"count":0,"href":"https:\/\/aromasentia.com\/sv\/wp-json\/wp\/v2\/product\/216905\/revisions"}],"wp:featuredmedia":[{"embeddable":true,"href":"https:\/\/aromasentia.com\/sv\/wp-json\/wp\/v2\/media\/267336"}],"wp:attachment":[{"href":"https:\/\/aromasentia.com\/sv\/wp-json\/wp\/v2\/media?parent=216905"}],"wp:term":[{"taxonomy":"product_brand","embeddable":true,"href":"https:\/\/aromasentia.com\/sv\/wp-json\/wp\/v2\/product_brand?post=216905"},{"taxonomy":"product_cat","embeddable":true,"href":"https:\/\/aromasentia.com\/sv\/wp-json\/wp\/v2\/product_cat?post=216905"},{"taxonomy":"product_tag","embeddable":true,"href":"https:\/\/aromasentia.com\/sv\/wp-json\/wp\/v2\/product_tag?post=216905"}],"curies":[{"name":"wp","href":"https:\/\/api.w.org\/{rel}","templated":true}]}}