{"id":216902,"date":"2025-03-20T15:13:10","date_gmt":"2025-03-20T15:13:10","guid":{"rendered":"https:\/\/aromasentia.com\/product\/lemon-organic-essential-oil-10ml\/"},"modified":"2025-12-31T15:48:14","modified_gmt":"2025-12-31T15:48:14","slug":"citron-ekologisk-eterisk-olja-10ml","status":"publish","type":"product","link":"https:\/\/aromasentia.com\/sv\/citron-ekologisk-eterisk-olja-10ml\/","title":{"rendered":"Citron Ekologisk Eterisk Olja 10ml"},"content":{"rendered":"<p>Grossist Citron Eterisk Olja har en skarp frisk lukt och extraheras fr\u00e5n f\u00e4rsk citronfruktskal genom kallpressning. Denna olja s\u00e4gs vara uppfriskande f\u00f6r sinnet, sk\u00e4rpa koncentrationen och vara perfekt som rumsfr\u00e4schare. Den fr\u00e4scha lukten av citron lyfter hum\u00f6ret och rensar sinnet. Citron s\u00e4gs ha anv\u00e4nts i medicin vid behandling av tarmsjukdomar.<\/p>\n<p>N\u00e4r oljan anv\u00e4nds i en oljebr\u00e4nnare (n\u00e5gra droppar i vatten), hj\u00e4lper dess \u00e5ngor mot f\u00f6rkylningar, laryngit, huvudv\u00e4rk och influensa. Att lukta p\u00e5 doften \u00e4r till hj\u00e4lp vid mentala tillst\u00e5nd som depression, irritation, stress, sl\u00f6het och tr\u00f6tthet. Det lyfter hum\u00f6ret och rensar sinnet. N\u00e4r n\u00e5gra droppar tills\u00e4tts i badet eller n\u00e4r den blandas i en massageolja s\u00e4gs den lindra matsm\u00e4ltningsproblem, brist p\u00e5 energi, tr\u00f6tthet, infektioner, fetma, reumatism, depression och stress. Den anv\u00e4nds ocks\u00e5 f\u00f6r att bli av med baksm\u00e4lla.<\/p>\n<p>Citrontr\u00e4det odlas nu i begr\u00e4nsad utstr\u00e4ckning i de flesta tropiska och subtropiska l\u00e4nder. De relativt svala, j\u00e4mna klimatzonerna i kustn\u00e4ra Italien och Kalifornien \u00e4r s\u00e4rskilt gynnsamma f\u00f6r citronodling.<\/p>\n<p>Citronplantan \u00e4r inhemsk i Indien och kanske Kina och f\u00f6rdes till Europa av korsfararna under medeltiden. Eftersom frukten har en bra m\u00e4ngd vitaminer A, B och C, gavs ett uns om dagen till sj\u00f6m\u00e4n f\u00f6r att f\u00f6rhindra sk\u00f6rbjugg, \u00f6gonproblem och andra vitaminbrister. Den f\u00f6rsta riktiga citronodlingen i Europa b\u00f6rjade i Genua i mitten av 1400-talet. Den introducerades senare till Amerika av Christopher Columbus. Spanska er\u00f6vringar hj\u00e4lpte till att sprida citronfr\u00f6na l\u00e4ngre. Citron anv\u00e4ndes fr\u00e4mst som prydnad och som medicin. Det var f\u00f6rst mycket senare som den b\u00f6rjade anv\u00e4ndas i matlagning.&nbsp;<\/p>\n<p><strong>Latinskt namn:<\/strong><em>&nbsp;Citrus Limon<\/em><strong><br style=\"box-sizing: border-box; margin: 0px; padding: 0px; color: rgb(42, 54, 63); font-family: ui-sans-serif, system-ui, -apple-system, BlinkMacSystemFont, &quot;Segoe UI&quot;, Roboto, &quot;Helvetica Neue&quot;, Arial, &quot;Noto Sans&quot;, sans-serif, &quot;Apple Color Emoji&quot;, &quot;Segoe UI Emoji&quot;, &quot;Segoe UI Symbol&quot;, &quot;Noto Color Emoji&quot;; font-size: 16px; font-style: normal; font-variant-ligatures: normal; font-variant-caps: normal; font-weight: 500; letter-spacing: normal; orphans: 2; text-align: start; text-indent: 0px; text-transform: none; white-space: normal; widows: 2; word-spacing: 0px; -webkit-text-stroke-width: 0px; background-color: rgb(243, 245, 255); text-decoration-thickness: initial; text-decoration-style: initial; text-decoration-color: initial;\">Del av v\u00e4xt som anv\u00e4nds:&nbsp;<\/strong><em>Fruktskal<\/em><strong><br style=\"font-style: normal; font-variant-ligatures: normal; font-variant-caps: normal; letter-spacing: normal; orphans: 2; text-align: start; text-indent: 0px; text-transform: none; widows: 2; word-spacing: 0px; -webkit-text-stroke-width: 0px; white-space: normal; text-decoration-thickness: initial; text-decoration-style: initial; text-decoration-color: initial; box-sizing: border-box; margin: 0px; padding: 0px; color: rgb(42, 54, 63); font-family: ui-sans-serif, system-ui, -apple-system, BlinkMacSystemFont, &quot;Segoe UI&quot;, Roboto, &quot;Helvetica Neue&quot;, Arial, &quot;Noto Sans&quot;, sans-serif, &quot;Apple Color Emoji&quot;, &quot;Segoe UI Emoji&quot;, &quot;Segoe UI Symbol&quot;, &quot;Noto Color Emoji&quot;; font-size: 16px; font-weight: 500; background-color: rgb(243, 245, 255);\">Ursprung:&nbsp;<\/strong><em>Italien<\/em><strong><br style=\"font-style: normal; font-variant-ligatures: normal; font-variant-caps: normal; letter-spacing: normal; orphans: 2; text-align: start; text-indent: 0px; text-transform: none; widows: 2; word-spacing: 0px; -webkit-text-stroke-width: 0px; white-space: normal; text-decoration-thickness: initial; text-decoration-style: initial; text-decoration-color: initial; box-sizing: border-box; margin: 0px; padding: 0px; color: rgb(42, 54, 63); font-family: ui-sans-serif, system-ui, -apple-system, BlinkMacSystemFont, &quot;Segoe UI&quot;, Roboto, &quot;Helvetica Neue&quot;, Arial, &quot;Noto Sans&quot;, sans-serif, &quot;Apple Color Emoji&quot;, &quot;Segoe UI Emoji&quot;, &quot;Segoe UI Symbol&quot;, &quot;Noto Color Emoji&quot;; font-size: 16px; font-weight: 500; background-color: rgb(243, 245, 255);\">Extraktionsmetod:&nbsp;<\/strong><em>Kallpressning<\/em><strong><br \/><\/strong><\/p>\n<p><strong><span style=\"color: rgb(84, 172, 210);\">OBS: V\u00e5ra eteriska oljor \u00e4r inte l\u00e4mpliga f\u00f6r internt bruk.<\/span>&nbsp;<\/strong><\/p>\n","protected":false},"excerpt":{"rendered":"<p>Grossist Citron Eterisk Olja har en skarp frisk lukt och extraheras fr\u00e5n f\u00e4rsk citronfruktskal genom kallpressning. Denna olja s\u00e4gs vara uppfriskande f\u00f6r sinnet, sk\u00e4rpa koncentrationen och vara perfekt som rumsfr\u00e4schare. Den fr\u00e4scha lukten av citron lyfter hum\u00f6ret och rensar sinnet. Citron s\u00e4gs ha anv\u00e4nts i medicin vid behandling av tarmsjukdomar. N\u00e4r oljan anv\u00e4nds i en [&hellip;]<\/p>\n","protected":false},"featured_media":267309,"comment_status":"closed","ping_status":"open","template":"","meta":[],"product_brand":[27091],"product_cat":[11868,26033,26822,25845,26654,13648],"product_tag":[],"class_list":{"0":"post-216902","1":"product","2":"type-product","3":"status-publish","4":"has-post-thumbnail","6":"product_brand-ancient-wisdom","7":"product_cat-aromaterapi-och-rumsdofter","8":"product_cat-citron","9":"product_cat-citrus","10":"product_cat-dofter-aromer","11":"product_cat-ekologiska-eteriska-oljor","12":"product_cat-eteriska-oljor","13":"pa_collection-10ml-organic-essential-oils-sv","14":"pa_made-in-italien","15":"pa_size-10ml","17":"first","18":"instock","19":"purchasable","20":"product-type-simple"},"supplier_id":null,"supplier_sku":"OrgEO-07","barcode":null,"atum_controlled":true,"out_stock_date":null,"out_stock_threshold":null,"inheritable":false,"inbound_stock":null,"stock_on_hold":0,"sold_today":0,"sales_last_days":0,"reserved_stock":null,"customer_returns":null,"warehouse_damage":null,"lost_in_post":null,"other_logs":null,"out_stock_days":0,"lost_sales":0,"has_location":null,"update_date":"2026-02-10T03:22:03","atum_locations":[],"atum_stock_status":"instock","restock_status":false,"low_stock_amount":"","sales_update_date":"2025-09-05T00:17:29","calc_backorders":null,"_links":{"self":[{"href":"https:\/\/aromasentia.com\/sv\/wp-json\/wp\/v2\/product\/216902","targetHints":{"allow":["GET"]}}],"collection":[{"href":"https:\/\/aromasentia.com\/sv\/wp-json\/wp\/v2\/product"}],"about":[{"href":"https:\/\/aromasentia.com\/sv\/wp-json\/wp\/v2\/types\/product"}],"replies":[{"embeddable":true,"href":"https:\/\/aromasentia.com\/sv\/wp-json\/wp\/v2\/comments?post=216902"}],"version-history":[{"count":0,"href":"https:\/\/aromasentia.com\/sv\/wp-json\/wp\/v2\/product\/216902\/revisions"}],"wp:featuredmedia":[{"embeddable":true,"href":"https:\/\/aromasentia.com\/sv\/wp-json\/wp\/v2\/media\/267309"}],"wp:attachment":[{"href":"https:\/\/aromasentia.com\/sv\/wp-json\/wp\/v2\/media?parent=216902"}],"wp:term":[{"taxonomy":"product_brand","embeddable":true,"href":"https:\/\/aromasentia.com\/sv\/wp-json\/wp\/v2\/product_brand?post=216902"},{"taxonomy":"product_cat","embeddable":true,"href":"https:\/\/aromasentia.com\/sv\/wp-json\/wp\/v2\/product_cat?post=216902"},{"taxonomy":"product_tag","embeddable":true,"href":"https:\/\/aromasentia.com\/sv\/wp-json\/wp\/v2\/product_tag?post=216902"}],"curies":[{"name":"wp","href":"https:\/\/api.w.org\/{rel}","templated":true}]}}