{"id":216901,"date":"2025-03-20T15:13:10","date_gmt":"2025-03-20T15:13:10","guid":{"rendered":"https:\/\/aromasentia.com\/product\/peppermint-organic-essential-oil-10ml\/"},"modified":"2025-12-31T15:48:14","modified_gmt":"2025-12-31T15:48:14","slug":"pepparmynta-ekologisk-eterisk-olja-10ml","status":"publish","type":"product","link":"https:\/\/aromasentia.com\/sv\/pepparmynta-ekologisk-eterisk-olja-10ml\/","title":{"rendered":"Pepparmynta Ekologisk Eterisk Olja 10ml"},"content":{"rendered":"<p>Grossist Pepparmynta Eterisk Olja s\u00e4gs vara bra f\u00f6r \u00e5kommor som astma, kolik, feber, flatulens, huvudv\u00e4rk, illam\u00e5ende, tr\u00e4ngsel i br\u00f6stet och svindel. Denna olja p\u00e5st\u00e5s vara utm\u00e4rkt f\u00f6r mental tr\u00f6tthet och depression, samt uppfriskande och stimulerande med sitt mentolinneh\u00e5ll. Den s\u00e4gs vara bra f\u00f6r huden och anv\u00e4nds i salvor f\u00f6r att behandla solbr\u00e4nna, kl\u00e5da eller inflammerad hud. Den hj\u00e4lper till att bek\u00e4mpa d\u00e5lig andedr\u00e4kt och tandk\u00f6ttsinfektioner n\u00e4r det anv\u00e4nds i munsk\u00f6lj. N\u00e4r den anv\u00e4nds i en oljebr\u00e4nnare \u00e4r den inte bara terapeutisk, utan h\u00e5ller borta myggor och andra insekter ocks\u00e5.&nbsp;<\/p>\n<p>Pepparmynta h\u00f6r hemma i Medelhavet, men odlas nu i andra l\u00e4nder i Europa, Amerika och Asien. Uppt\u00e4ckter bevisar att pepparmynta har anv\u00e4nts sedan urminnes tider i Egypten, Grekland, Rom, Kina och Japan. Enligt grekisk mytologi f\u00f6rvandlades en nymf som heter Mentha i ett anfall av ilska till en myntav\u00e4xt av sin \u00e4lskares fru Persephone. Enligt Plinius anv\u00e4ndes pepparmynta f\u00f6r att kr\u00f6na grekerna och romarna under h\u00f6gtider. Den har anv\u00e4nts medicinskt i England under de senaste \u00e5rhundradena.&nbsp;<\/p>\n<p><strong>Latinskt namn: <\/strong><em>Mentha Piperita <\/em><\/p>\n<p><strong>Del av v\u00e4xt som anv\u00e4nds: <\/strong><em>Blommande \u00f6rt&nbsp;<\/em><\/p>\n<p><strong>Ursprung: <\/strong><em>Indien <\/em><\/p>\n<p><strong>Extraktionsmetod: <\/strong><em>\u00c5ngdestillation <\/em><\/p>\n<p><strong><span style=\"color: rgb(84, 172, 210);\">OBS: V\u00e5ra eteriska oljor \u00e4r inte l\u00e4mpliga f\u00f6r internt bruk.<\/span><\/strong><\/p>\n","protected":false},"excerpt":{"rendered":"<p>Grossist Pepparmynta Eterisk Olja s\u00e4gs vara bra f\u00f6r \u00e5kommor som astma, kolik, feber, flatulens, huvudv\u00e4rk, illam\u00e5ende, tr\u00e4ngsel i br\u00f6stet och svindel. Denna olja p\u00e5st\u00e5s vara utm\u00e4rkt f\u00f6r mental tr\u00f6tthet och depression, samt uppfriskande och stimulerande med sitt mentolinneh\u00e5ll. Den s\u00e4gs vara bra f\u00f6r huden och anv\u00e4nds i salvor f\u00f6r att behandla solbr\u00e4nna, kl\u00e5da eller inflammerad [&hellip;]<\/p>\n","protected":false},"featured_media":267300,"comment_status":"closed","ping_status":"open","template":"","meta":[],"product_brand":[27091],"product_cat":[11868,25845,26654,13648,26878,26053],"product_tag":[],"class_list":{"0":"post-216901","1":"product","2":"type-product","3":"status-publish","4":"has-post-thumbnail","6":"product_brand-ancient-wisdom","7":"product_cat-aromaterapi-och-rumsdofter","8":"product_cat-dofter-aromer","9":"product_cat-ekologiska-eteriska-oljor","10":"product_cat-eteriska-oljor","11":"product_cat-mintig","12":"product_cat-pepparmynta","13":"pa_collection-10ml-organic-essential-oils-sv","14":"pa_made-in-indien","15":"pa_size-10ml","17":"first","18":"instock","19":"purchasable","20":"product-type-simple"},"supplier_id":null,"supplier_sku":"OrgEO-06","barcode":null,"atum_controlled":true,"out_stock_date":null,"out_stock_threshold":null,"inheritable":false,"inbound_stock":null,"stock_on_hold":0,"sold_today":0,"sales_last_days":0,"reserved_stock":null,"customer_returns":null,"warehouse_damage":null,"lost_in_post":null,"other_logs":null,"out_stock_days":0,"lost_sales":0,"has_location":null,"update_date":"2026-01-30T01:25:02","atum_locations":[],"atum_stock_status":"instock","restock_status":false,"low_stock_amount":"","sales_update_date":"2026-01-30T01:25:02","calc_backorders":null,"_links":{"self":[{"href":"https:\/\/aromasentia.com\/sv\/wp-json\/wp\/v2\/product\/216901","targetHints":{"allow":["GET"]}}],"collection":[{"href":"https:\/\/aromasentia.com\/sv\/wp-json\/wp\/v2\/product"}],"about":[{"href":"https:\/\/aromasentia.com\/sv\/wp-json\/wp\/v2\/types\/product"}],"replies":[{"embeddable":true,"href":"https:\/\/aromasentia.com\/sv\/wp-json\/wp\/v2\/comments?post=216901"}],"version-history":[{"count":0,"href":"https:\/\/aromasentia.com\/sv\/wp-json\/wp\/v2\/product\/216901\/revisions"}],"wp:featuredmedia":[{"embeddable":true,"href":"https:\/\/aromasentia.com\/sv\/wp-json\/wp\/v2\/media\/267300"}],"wp:attachment":[{"href":"https:\/\/aromasentia.com\/sv\/wp-json\/wp\/v2\/media?parent=216901"}],"wp:term":[{"taxonomy":"product_brand","embeddable":true,"href":"https:\/\/aromasentia.com\/sv\/wp-json\/wp\/v2\/product_brand?post=216901"},{"taxonomy":"product_cat","embeddable":true,"href":"https:\/\/aromasentia.com\/sv\/wp-json\/wp\/v2\/product_cat?post=216901"},{"taxonomy":"product_tag","embeddable":true,"href":"https:\/\/aromasentia.com\/sv\/wp-json\/wp\/v2\/product_tag?post=216901"}],"curies":[{"name":"wp","href":"https:\/\/api.w.org\/{rel}","templated":true}]}}