{"id":216898,"date":"2025-03-20T15:13:10","date_gmt":"2025-03-20T15:13:10","guid":{"rendered":"https:\/\/aromasentia.com\/product\/eucalyptus-organic-essential-oil-10ml\/"},"modified":"2025-12-31T15:48:14","modified_gmt":"2025-12-31T15:48:14","slug":"eukalyptus-ekologisk-eterisk-olja-10ml","status":"publish","type":"product","link":"https:\/\/aromasentia.com\/sv\/eukalyptus-ekologisk-eterisk-olja-10ml\/","title":{"rendered":"Eukalyptus Ekologisk Eterisk Olja 10ml"},"content":{"rendered":"<p>Grossist Eukalyptus Eterisk Olja \u00e4r en koncentrerad v\u00e4tska som inneh\u00e5ller flyktiga aromf\u00f6reningar fr\u00e5n Eukalyptus Globulus tr\u00e4det. Den \u00e4r vanligtvis destillerad, ibland utpressad eller l\u00f6sningsmedelsextraherad. Eukalyptus Eterisk Olja s\u00e4gs vara antibakteriell, desinficerande och sm\u00e4rtstillande. Den har anv\u00e4nts f\u00f6r att lindra hosta, f\u00f6rkylning och andra s\u00e5dana andningsbesv\u00e4r. Den lugnar muskel- och ledv\u00e4rk och hj\u00e4lper till att l\u00e4ka s\u00e5r, br\u00e4nnskador och insektsbett. Inom aromaterapi s\u00e4gs eukalyptus fr\u00e4mja aktivitet, vitalitet och energi.&nbsp;<\/p>\n<p>F\u00f6r andningsbesv\u00e4r kan n\u00e5gra droppar av denna olja placeras p\u00e5 en trasa, andas in genom munnen och andas ut genom n\u00e4san i en halv minut. Den appliceras direkt p\u00e5 s\u00e5r, utslag och insektsbett. Tills\u00e4tt n\u00e5gra droppar till ditt badvatten f\u00f6r att k\u00e4nna dig uppfriskad. L\u00e4gg ner dina \u00f6mma f\u00f6tter i ett fotbad med 4-5 droppar av denna olja f\u00f6r lindring. N\u00e5gra droppar olja i en diffusor s\u00e4gs d\u00f6da mikrober och luftburna bakterier; en bra id&eacute; f\u00f6r ett sjukrum. Eukalyptus Eterisk Olja \u00e4r endast f\u00f6r utv\u00e4rtes bruk; r\u00e5dfr\u00e5ga alltid en auktoriserad l\u00e4kare n\u00e4r du anv\u00e4nder den som ett h\u00e4lsomedel.&nbsp;<\/p>\n<p>Eteriska oljor ans\u00e5gs ha spelat en roll i l\u00e4kning under antiken i Egypten, Kina och andra delar av v\u00e4rlden. De s\u00e4gs vara den \u00e4ldsta formen av medicin och kosmetika, eftersom de destilleras fr\u00e5n v\u00e4xter, involverar inte komplicerade processer eller maskiner, men \u00e4r \u00e4nd\u00e5 en konst. F\u00f6r sina helande och aromatiska egenskaper ans\u00e5gs de vara mer v\u00e4rdefulla \u00e4n guld f\u00f6r de gamla.&nbsp;<\/p>\n<p><strong>Latinskt namn: <\/strong><em>Eucalyptus Globulus <\/em><\/p>\n<p><strong>Del av v\u00e4xt som anv\u00e4nds: <\/strong><em>L\u00f6v och kvistar <\/em><\/p>\n<p><strong>Ursprung: <\/strong><em>Kina <\/em><\/p>\n<p><strong>Extraktionsmetod: <\/strong><em>\u00c5ngdestillation <\/em><\/p>\n<p><strong><span style=\"color: rgb(84, 172, 210);\">OBS: V\u00e5ra eteriska oljor \u00e4r inte l\u00e4mpliga f\u00f6r internt bruk.<\/span><\/strong><\/p>\n","protected":false},"excerpt":{"rendered":"<p>Grossist Eukalyptus Eterisk Olja \u00e4r en koncentrerad v\u00e4tska som inneh\u00e5ller flyktiga aromf\u00f6reningar fr\u00e5n Eukalyptus Globulus tr\u00e4det. Den \u00e4r vanligtvis destillerad, ibland utpressad eller l\u00f6sningsmedelsextraherad. Eukalyptus Eterisk Olja s\u00e4gs vara antibakteriell, desinficerande och sm\u00e4rtstillande. Den har anv\u00e4nts f\u00f6r att lindra hosta, f\u00f6rkylning och andra s\u00e5dana andningsbesv\u00e4r. Den lugnar muskel- och ledv\u00e4rk och hj\u00e4lper till att l\u00e4ka [&hellip;]<\/p>\n","protected":false},"featured_media":267273,"comment_status":"closed","ping_status":"open","template":"","meta":{"_angie_page":false},"product_brand":[27091],"product_cat":[11868,25845,26654,13648,26021,26871],"product_tag":[],"class_list":{"0":"post-216898","1":"product","2":"type-product","3":"status-publish","4":"has-post-thumbnail","6":"product_brand-ancient-wisdom","7":"product_cat-aromaterapi-och-rumsdofter","8":"product_cat-dofter-aromer","9":"product_cat-ekologiska-eteriska-oljor","10":"product_cat-eteriska-oljor","11":"product_cat-eukalyptus","12":"product_cat-medicinsk-kamferdoftande","13":"pa_collection-10ml-organic-essential-oils-sv","14":"pa_made-in-kina","15":"pa_size-10ml","17":"first","18":"instock","19":"purchasable","20":"product-type-simple"},"supplier_id":null,"supplier_sku":"OrgEO-03","barcode":null,"atum_controlled":true,"out_stock_date":null,"out_stock_threshold":null,"inheritable":false,"inbound_stock":null,"stock_on_hold":0,"sold_today":0,"sales_last_days":0,"reserved_stock":null,"customer_returns":null,"warehouse_damage":null,"lost_in_post":null,"other_logs":null,"out_stock_days":0,"lost_sales":0,"has_location":null,"update_date":"2026-04-27T07:16:58","atum_locations":[],"atum_stock_status":"instock","restock_status":false,"low_stock_amount":"","sales_update_date":"2025-09-05T00:17:28","calc_backorders":null,"_links":{"self":[{"href":"https:\/\/aromasentia.com\/sv\/wp-json\/wp\/v2\/product\/216898","targetHints":{"allow":["GET"]}}],"collection":[{"href":"https:\/\/aromasentia.com\/sv\/wp-json\/wp\/v2\/product"}],"about":[{"href":"https:\/\/aromasentia.com\/sv\/wp-json\/wp\/v2\/types\/product"}],"replies":[{"embeddable":true,"href":"https:\/\/aromasentia.com\/sv\/wp-json\/wp\/v2\/comments?post=216898"}],"version-history":[{"count":0,"href":"https:\/\/aromasentia.com\/sv\/wp-json\/wp\/v2\/product\/216898\/revisions"}],"wp:featuredmedia":[{"embeddable":true,"href":"https:\/\/aromasentia.com\/sv\/wp-json\/wp\/v2\/media\/267273"}],"wp:attachment":[{"href":"https:\/\/aromasentia.com\/sv\/wp-json\/wp\/v2\/media?parent=216898"}],"wp:term":[{"taxonomy":"product_brand","embeddable":true,"href":"https:\/\/aromasentia.com\/sv\/wp-json\/wp\/v2\/product_brand?post=216898"},{"taxonomy":"product_cat","embeddable":true,"href":"https:\/\/aromasentia.com\/sv\/wp-json\/wp\/v2\/product_cat?post=216898"},{"taxonomy":"product_tag","embeddable":true,"href":"https:\/\/aromasentia.com\/sv\/wp-json\/wp\/v2\/product_tag?post=216898"}],"curies":[{"name":"wp","href":"https:\/\/api.w.org\/{rel}","templated":true}]}}