{"id":216887,"date":"2025-03-20T15:13:31","date_gmt":"2025-03-20T15:13:31","guid":{"rendered":"https:\/\/aromasentia.com\/product\/petitgrain-organic-essential-oil-10ml\/"},"modified":"2025-12-31T15:48:07","modified_gmt":"2025-12-31T15:48:07","slug":"petitgrain-ekologisk-eterisk-olja-10ml","status":"publish","type":"product","link":"https:\/\/aromasentia.com\/sv\/petitgrain-ekologisk-eterisk-olja-10ml\/","title":{"rendered":"Petitgrain Ekologisk Eterisk Olja 10ml"},"content":{"rendered":"<p>Grossist Petitgrain Eterisk Olja kommer fr\u00e5n det bittra apelsintr\u00e4det, som har en l\u00e5ng historia av anv\u00e4ndning i traditionella h\u00e4lsometoder. Historiskt sett har Petitgrain Eterisk Olja anv\u00e4nts f\u00f6r reng\u00f6rings\u00e4ndam\u00e5l. Petitgrain anv\u00e4nds flitigt i parfymindustrin, vilket ger kroppssprayer, parfymer, lotioner och cologne en fr\u00e4sch \u00f6rtaktig ton som \u00e4r popul\u00e4r bland b\u00e5de kvinnor och m\u00e4n.&nbsp;<\/p>\n<p>Petitgrain Eterisk Olja har en arom som \u00e4r s\u00f6t men \u00e4nd\u00e5 syrlig med subtila blommiga och tr\u00e4iga egenskaper. Den sm\u00e4lter s\u00e4rskilt bra med citrus-, blom- och tr\u00e4oljor. Petitgrain kan \u00f6ka k\u00e4nslor av gl\u00e4dje och mod n\u00e4r du st\u00e5r inf\u00f6r en utmaning och hj\u00e4lper till att fr\u00e4mja hopp och lugn.&nbsp;<\/p>\n<p><strong>Latinskt namn: <\/strong><em>Citrus Aurantium var. Amara&nbsp;<\/em><\/p>\n<p><strong>Del av v\u00e4xt som anv\u00e4nds: <\/strong><em>L\u00f6v och kvistar <\/em><\/p>\n<p><strong>Ursprung: <\/strong><em>Paraguay <\/em><\/p>\n<p><strong>Extraktionsmetod: <\/strong><em>\u00c5ngdestillation<\/em><strong> <\/strong><\/p>\n<p><strong><span style=\"color: rgb(84, 172, 210);\">OBS: V\u00e5ra eteriska oljor \u00e4r inte l\u00e4mpliga f\u00f6r internt bruk.<\/span><\/strong><\/p>\n","protected":false},"excerpt":{"rendered":"<p>Grossist Petitgrain Eterisk Olja kommer fr\u00e5n det bittra apelsintr\u00e4det, som har en l\u00e5ng historia av anv\u00e4ndning i traditionella h\u00e4lsometoder. Historiskt sett har Petitgrain Eterisk Olja anv\u00e4nts f\u00f6r reng\u00f6rings\u00e4ndam\u00e5l. Petitgrain anv\u00e4nds flitigt i parfymindustrin, vilket ger kroppssprayer, parfymer, lotioner och cologne en fr\u00e4sch \u00f6rtaktig ton som \u00e4r popul\u00e4r bland b\u00e5de kvinnor och m\u00e4n.&nbsp; Petitgrain Eterisk Olja [&hellip;]<\/p>\n","protected":false},"featured_media":267408,"comment_status":"closed","ping_status":"open","template":"","meta":{"_angie_page":false},"product_brand":[27091],"product_cat":[11868,26822,25845,26654,13648,26054],"product_tag":[],"class_list":{"0":"post-216887","1":"product","2":"type-product","3":"status-publish","4":"has-post-thumbnail","6":"product_brand-ancient-wisdom","7":"product_cat-aromaterapi-och-rumsdofter","8":"product_cat-citrus","9":"product_cat-dofter-aromer","10":"product_cat-ekologiska-eteriska-oljor","11":"product_cat-eteriska-oljor","12":"product_cat-petitgrain","13":"pa_collection-10ml-organic-essential-oils-sv","14":"pa_made-in-paraguay","15":"pa_size-10ml","17":"first","18":"instock","19":"purchasable","20":"product-type-simple"},"supplier_id":null,"supplier_sku":"OrgEO-18","barcode":null,"atum_controlled":true,"out_stock_date":null,"out_stock_threshold":null,"inheritable":false,"inbound_stock":null,"stock_on_hold":0,"sold_today":0,"sales_last_days":0,"reserved_stock":null,"customer_returns":null,"warehouse_damage":null,"lost_in_post":null,"other_logs":null,"out_stock_days":0,"lost_sales":0,"has_location":null,"update_date":"2026-05-04T00:03:59","atum_locations":[],"atum_stock_status":"instock","restock_status":false,"low_stock_amount":"","sales_update_date":"2025-09-05T00:17:33","calc_backorders":null,"_links":{"self":[{"href":"https:\/\/aromasentia.com\/sv\/wp-json\/wp\/v2\/product\/216887","targetHints":{"allow":["GET"]}}],"collection":[{"href":"https:\/\/aromasentia.com\/sv\/wp-json\/wp\/v2\/product"}],"about":[{"href":"https:\/\/aromasentia.com\/sv\/wp-json\/wp\/v2\/types\/product"}],"replies":[{"embeddable":true,"href":"https:\/\/aromasentia.com\/sv\/wp-json\/wp\/v2\/comments?post=216887"}],"version-history":[{"count":0,"href":"https:\/\/aromasentia.com\/sv\/wp-json\/wp\/v2\/product\/216887\/revisions"}],"wp:featuredmedia":[{"embeddable":true,"href":"https:\/\/aromasentia.com\/sv\/wp-json\/wp\/v2\/media\/267408"}],"wp:attachment":[{"href":"https:\/\/aromasentia.com\/sv\/wp-json\/wp\/v2\/media?parent=216887"}],"wp:term":[{"taxonomy":"product_brand","embeddable":true,"href":"https:\/\/aromasentia.com\/sv\/wp-json\/wp\/v2\/product_brand?post=216887"},{"taxonomy":"product_cat","embeddable":true,"href":"https:\/\/aromasentia.com\/sv\/wp-json\/wp\/v2\/product_cat?post=216887"},{"taxonomy":"product_tag","embeddable":true,"href":"https:\/\/aromasentia.com\/sv\/wp-json\/wp\/v2\/product_tag?post=216887"}],"curies":[{"name":"wp","href":"https:\/\/api.w.org\/{rel}","templated":true}]}}