{"id":216865,"date":"2025-03-20T15:13:59","date_gmt":"2025-03-20T15:13:59","guid":{"rendered":"https:\/\/aromasentia.com\/product\/basil-cut-leaf-1kg\/"},"modified":"2025-12-31T15:47:59","modified_gmt":"2025-12-31T15:47:59","slug":"basilika-hackade-blad-1kg","status":"publish","type":"product","link":"https:\/\/aromasentia.com\/sv\/basilika-hackade-blad-1kg\/","title":{"rendered":"Basilika (hackade blad) 1Kg"},"content":{"rendered":"<p style=\"text-align: justify;\"><strong>Torkad Basilika<\/strong>, med dess rena och enkla natur, \u00e4r extremt anv\u00e4ndbar som dekoration, ingrediens i tv\u00e5l eller badsalt, men kan ocks\u00e5 anv\u00e4ndas som ett minimalistiskt potpurri.&nbsp;<\/p>\n<p style=\"text-align: justify;\">Packa den i bomulls-, jute- eller <strong>organzap\u00e5sar&nbsp;<\/strong>f\u00f6r att skapa sm\u00e5 \u00f6nskv\u00e4rda f\u00f6rem\u00e5l. Du kanske ocks\u00e5 finner <strong>Kraft Window Bags<\/strong> med greppst\u00e4ngning mycket anv\u00e4ndbara.&nbsp;<\/p>\n<p style=\"text-align: justify;\">Vikterna varierar, men volymen p\u00e5 dessa artiklar \u00e4r liknande.&nbsp;<\/p>\n<p style=\"text-align: justify;\"><strong><span style=\"color: rgb(84, 172, 210);\">Best\u00e4ll nu och g\u00f6r fantastiska blomdekorationer.<\/span><\/strong><\/p>\n","protected":false},"excerpt":{"rendered":"<p>Torkad Basilika, med dess rena och enkla natur, \u00e4r extremt anv\u00e4ndbar som dekoration, ingrediens i tv\u00e5l eller badsalt, men kan ocks\u00e5 anv\u00e4ndas som ett minimalistiskt potpurri.&nbsp; Packa den i bomulls-, jute- eller organzap\u00e5sar&nbsp;f\u00f6r att skapa sm\u00e5 \u00f6nskv\u00e4rda f\u00f6rem\u00e5l. Du kanske ocks\u00e5 finner Kraft Window Bags med greppst\u00e4ngning mycket anv\u00e4ndbara.&nbsp; Vikterna varierar, men volymen p\u00e5 dessa [&hellip;]<\/p>\n","protected":false},"featured_media":267726,"comment_status":"closed","ping_status":"open","template":"","meta":[],"product_brand":[],"product_cat":[11868,26003,25845,26864],"product_tag":[],"class_list":{"0":"post-216865","1":"product","2":"type-product","3":"status-publish","4":"has-post-thumbnail","6":"product_cat-aromaterapi-och-rumsdofter","7":"product_cat-basilika","8":"product_cat-dofter-aromer","9":"product_cat-ort-aromatisk","10":"pa_collection-pure-floral-sv","11":"pa_made-in-egypten","13":"first","14":"instock","15":"purchasable","16":"product-type-simple"},"supplier_id":null,"supplier_sku":"PF-20","barcode":null,"atum_controlled":true,"out_stock_date":null,"out_stock_threshold":null,"inheritable":false,"inbound_stock":0,"stock_on_hold":0,"sold_today":0,"sales_last_days":0,"reserved_stock":0,"customer_returns":0,"warehouse_damage":0,"lost_in_post":0,"other_logs":0,"out_stock_days":0,"lost_sales":0,"has_location":false,"update_date":"2026-01-30T01:25:32","atum_locations":[],"atum_stock_status":"instock","restock_status":false,"low_stock_amount":"","sales_update_date":"2026-01-30T01:25:32","calc_backorders":null,"_links":{"self":[{"href":"https:\/\/aromasentia.com\/sv\/wp-json\/wp\/v2\/product\/216865","targetHints":{"allow":["GET"]}}],"collection":[{"href":"https:\/\/aromasentia.com\/sv\/wp-json\/wp\/v2\/product"}],"about":[{"href":"https:\/\/aromasentia.com\/sv\/wp-json\/wp\/v2\/types\/product"}],"replies":[{"embeddable":true,"href":"https:\/\/aromasentia.com\/sv\/wp-json\/wp\/v2\/comments?post=216865"}],"version-history":[{"count":0,"href":"https:\/\/aromasentia.com\/sv\/wp-json\/wp\/v2\/product\/216865\/revisions"}],"wp:featuredmedia":[{"embeddable":true,"href":"https:\/\/aromasentia.com\/sv\/wp-json\/wp\/v2\/media\/267726"}],"wp:attachment":[{"href":"https:\/\/aromasentia.com\/sv\/wp-json\/wp\/v2\/media?parent=216865"}],"wp:term":[{"taxonomy":"product_brand","embeddable":true,"href":"https:\/\/aromasentia.com\/sv\/wp-json\/wp\/v2\/product_brand?post=216865"},{"taxonomy":"product_cat","embeddable":true,"href":"https:\/\/aromasentia.com\/sv\/wp-json\/wp\/v2\/product_cat?post=216865"},{"taxonomy":"product_tag","embeddable":true,"href":"https:\/\/aromasentia.com\/sv\/wp-json\/wp\/v2\/product_tag?post=216865"}],"curies":[{"name":"wp","href":"https:\/\/api.w.org\/{rel}","templated":true}]}}