{"id":216831,"date":"2025-03-20T15:14:21","date_gmt":"2025-03-20T15:14:21","guid":{"rendered":"https:\/\/aromasentia.com\/product\/jasmine-dilute-50ml-essential-oil\/"},"modified":"2025-12-31T15:47:37","modified_gmt":"2025-12-31T15:47:37","slug":"jasmin-utspadd-eterisk-olja-50ml","status":"publish","type":"product","link":"https:\/\/aromasentia.com\/sv\/jasmin-utspadd-eterisk-olja-50ml\/","title":{"rendered":"Jasmin Utsp\u00e4dd Eterisk Olja 50ml"},"content":{"rendered":"<p><strong>Latinskt namn:&nbsp;<\/strong><em>Jasminum Officinale&nbsp;<\/em><\/p>\n<p><strong>Del av v\u00e4xt som anv\u00e4nds:&nbsp;<\/strong><em>Torkade l\u00f6v&nbsp;<\/em><\/p>\n<p><strong>Ursprung:&nbsp;<\/strong><em>Indien&nbsp;<\/em><\/p>\n<p><strong>Extraktionsmetod:&nbsp;<\/strong><em>L\u00f6sningsmedelsextraktion&nbsp;<\/em><\/p>\n<p><strong>5% utsp\u00e4dning i druvk\u00e4rneolja&nbsp;<\/strong><\/p>\n<p>Det kan vara afrodisiac-egenskaperna som placerat jasminolja i s\u00e5 h\u00f6g efterfr\u00e5gan genom historien. Jasmin Eterisk Olja anv\u00e4ndes i helande och religi\u00f6sa ceremonier p\u00e5 grund av denna egenskap. I Kina anv\u00e4ndes jasminolja i sjukrum f\u00f6r att g\u00f6ra luften doftande, men man trodde ocks\u00e5 att den skulle rensa luften fr\u00e5n f\u00f6roreningar. Forntida egyptier anv\u00e4nde jasminolja f\u00f6r huvudv\u00e4rk, nervbesv\u00e4r och f\u00f6r att fr\u00e4mja vilsam s\u00f6mn.<\/p>\n<p>Idag framst\u00e4lls essensen genom en process som kallas l\u00f6sningsmedelsextraktion. Vid f\u00f6rsta anblicken handlar jasmin om doft. Dess komplexa, blommiga energi \u00e4r en hum\u00f6rh\u00f6jare f\u00f6r de flesta och fungerar ofta som ett afrodisiakum. Studier har visat att bara doften av jasmin kan \u00f6ka vakenhet, hand-\u00f6ga-koordination, \u00f6ka sj\u00e4lvf\u00f6rtroendet och lycka, och minska stress.<\/p>\n<p>I terapeutisk mening kan jasmin behandla torr, \u00e5ldrande hud. Det anv\u00e4nds i l\u00e5ga koncentrationer f\u00f6r att behandla eksem och dermatit. Dessutom \u00e4r jasmin anv\u00e4ndbar f\u00f6r att blekna \u00e4rr och behandla bristningar efter f\u00f6rlossningen. Jasmin kan lindra ilska, \u00e5ngest och stress och har en lugnande verkan. Dess lugnande och balanserande kraft kan ocks\u00e5 minska inflammation fr\u00e5n k\u00e4nslom\u00e4ssig stress. Jasmin har egenskaper som reglerar menstruationscykler, kan minska mensv\u00e4rk, sl\u00f6het och hum\u00f6rsv\u00e4ngningar.<\/p>\n<p><strong><span style=\"color: rgb(84, 172, 210);\">OBS: V\u00e5ra eteriska oljor \u00e4r inte l\u00e4mpliga f\u00f6r internt bruk.<\/span><\/strong><\/p>\n","protected":false},"excerpt":{"rendered":"<p>Latinskt namn:&nbsp;Jasminum Officinale&nbsp; Del av v\u00e4xt som anv\u00e4nds:&nbsp;Torkade l\u00f6v&nbsp; Ursprung:&nbsp;Indien&nbsp; Extraktionsmetod:&nbsp;L\u00f6sningsmedelsextraktion&nbsp; 5% utsp\u00e4dning i druvk\u00e4rneolja&nbsp; Det kan vara afrodisiac-egenskaperna som placerat jasminolja i s\u00e5 h\u00f6g efterfr\u00e5gan genom historien. Jasmin Eterisk Olja anv\u00e4ndes i helande och religi\u00f6sa ceremonier p\u00e5 grund av denna egenskap. I Kina anv\u00e4ndes jasminolja i sjukrum f\u00f6r att g\u00f6ra luften doftande, men man [&hellip;]<\/p>\n","protected":false},"featured_media":268122,"comment_status":"closed","ping_status":"open","template":"","meta":{"_angie_page":false},"product_brand":[27091],"product_cat":[11868,26836,25845,13648,26030],"product_tag":[],"class_list":{"0":"post-216831","1":"product","2":"type-product","3":"status-publish","4":"has-post-thumbnail","6":"product_brand-ancient-wisdom","7":"product_cat-aromaterapi-och-rumsdofter","8":"product_cat-blommig","9":"product_cat-dofter-aromer","10":"product_cat-eteriska-oljor","11":"product_cat-jasmin","12":"pa_collection-50ml-essential-oil-sv","13":"pa_made-in-indonesien","14":"pa_size-50ml","16":"first","17":"instock","18":"purchasable","19":"product-type-simple"},"supplier_id":null,"supplier_sku":"PrEO-11","barcode":null,"atum_controlled":true,"out_stock_date":null,"out_stock_threshold":null,"inheritable":false,"inbound_stock":null,"stock_on_hold":0,"sold_today":0,"sales_last_days":0,"reserved_stock":null,"customer_returns":null,"warehouse_damage":null,"lost_in_post":null,"other_logs":null,"out_stock_days":0,"lost_sales":0,"has_location":null,"update_date":"2026-04-27T07:18:20","atum_locations":[],"atum_stock_status":"instock","restock_status":false,"low_stock_amount":"","sales_update_date":"2025-09-05T00:18:00","calc_backorders":null,"_links":{"self":[{"href":"https:\/\/aromasentia.com\/sv\/wp-json\/wp\/v2\/product\/216831","targetHints":{"allow":["GET"]}}],"collection":[{"href":"https:\/\/aromasentia.com\/sv\/wp-json\/wp\/v2\/product"}],"about":[{"href":"https:\/\/aromasentia.com\/sv\/wp-json\/wp\/v2\/types\/product"}],"replies":[{"embeddable":true,"href":"https:\/\/aromasentia.com\/sv\/wp-json\/wp\/v2\/comments?post=216831"}],"version-history":[{"count":0,"href":"https:\/\/aromasentia.com\/sv\/wp-json\/wp\/v2\/product\/216831\/revisions"}],"wp:featuredmedia":[{"embeddable":true,"href":"https:\/\/aromasentia.com\/sv\/wp-json\/wp\/v2\/media\/268122"}],"wp:attachment":[{"href":"https:\/\/aromasentia.com\/sv\/wp-json\/wp\/v2\/media?parent=216831"}],"wp:term":[{"taxonomy":"product_brand","embeddable":true,"href":"https:\/\/aromasentia.com\/sv\/wp-json\/wp\/v2\/product_brand?post=216831"},{"taxonomy":"product_cat","embeddable":true,"href":"https:\/\/aromasentia.com\/sv\/wp-json\/wp\/v2\/product_cat?post=216831"},{"taxonomy":"product_tag","embeddable":true,"href":"https:\/\/aromasentia.com\/sv\/wp-json\/wp\/v2\/product_tag?post=216831"}],"curies":[{"name":"wp","href":"https:\/\/api.w.org\/{rel}","templated":true}]}}