{"id":216830,"date":"2025-03-20T15:14:21","date_gmt":"2025-03-20T15:14:21","guid":{"rendered":"https:\/\/aromasentia.com\/product\/patchouli-50ml-essential-oil\/"},"modified":"2025-12-31T15:47:37","modified_gmt":"2025-12-31T15:47:37","slug":"patchouli-eterisk-olja-50ml","status":"publish","type":"product","link":"https:\/\/aromasentia.com\/sv\/patchouli-eterisk-olja-50ml\/","title":{"rendered":"Patchouli Eterisk Olja 50ml"},"content":{"rendered":"<p><strong>Latinskt namn: <\/strong><em>Pogostemon Cablin<\/em><\/p>\n<p><strong>Del av v\u00e4xt som anv\u00e4nds: <\/strong><em>Torkade<\/em><em>&nbsp;l\u00f6v<\/em><\/p>\n<p><strong>Ursprung: <\/strong><em>Indonesien<\/em><\/p>\n<p><strong>Extraktionsmetod: <\/strong><em>\u00c5ngdestillation <\/em><\/p>\n<p>Patchouli Eterisk Olja extraheras fr\u00e5n Pogostemon Cablin-v\u00e4xten i mintfamiljen och har en rik mysk-s\u00f6t, kryddig lukt. V\u00e4xten \u00e4r inhemsk i Malaysia och Indien, d\u00e4r den \u00e4r k\u00e4nd som &quot;puchaput&quot;. Ordet patchouli h\u00e4rstammar fr\u00e5n tamilska &#39;pachchai ilai&#39; som helt enkelt betyder &#39;gr\u00f6nt blad&#39;. Patchouliolja extraheras fr\u00e5n dem unga bladen, som torkas och fermenteras f\u00f6re \u00e5ngdestillering. Denna olja f\u00f6rb\u00e4ttrar sin doft och kraft med \u00e5ldern och s\u00e4gs vara mycket uppskattad i hudv\u00e5rd, s\u00e4rskilt inom \u00e4rrl\u00e4kning.&nbsp;<\/p>\n<p>I \u00f6stl\u00e4nder anv\u00e4nds patchouliolja i potpurris, placeras mellan linne och kl\u00e4der i sm\u00e5 p\u00e5sar f\u00f6r att ge dem en h\u00e4rlig doft samt f\u00f6r att h\u00e5lla v\u00e4ggl\u00f6ss och insekter borta. Oljan s\u00e4gs ha en balanserande effekt p\u00e5 k\u00e4nslorna och skapa en amor\u00f6s atmosf\u00e4r. N\u00e4r den anv\u00e4nds i en oljebr\u00e4nnare, lindrar den \u00e5ngest och depression. Den kan ocks\u00e5 anv\u00e4ndas i badvatten f\u00f6r att hj\u00e4lpa l\u00e4ka hud- och h\u00e5rbottenbesv\u00e4r, svampinfektioner, v\u00e4tskeretention, bryta ner celluliter och lindra f\u00f6rstoppning. Den har utm\u00e4rkta v\u00e4vnadsregenererande egenskaper, p\u00e5skyndar l\u00e4kning och bek\u00e4mpar infektioner. S\u00e5ledes hj\u00e4lper den mot akne, eksem, s\u00e5r och fotsvamp.&nbsp;<\/p>\n<p>Det s\u00e4gs att patchouli placerades mellan indiska kashmirsjalar innan de skickades till det viktorianska England, f\u00f6r att skydda varorna fr\u00e5n nattfj\u00e4rilar. Utan denna signaturdoft av torkade patchouliblad kunde sjalarna inte s\u00e4ljas i England. I Europa och Amerika var patchouliolja och r\u00f6kelse oerh\u00f6rt popul\u00e4rt p\u00e5 1960- och 70-talen bland hippies, eftersom doften av patchouli t\u00e4ckte kroppslukt och lukten av br\u00e4nd cannabis. Patchouli anv\u00e4ndes som h\u00e5rbalsam f\u00f6r dreadlocks. I m\u00e5nga asiatiska l\u00e4nder anv\u00e4nds patchouli ocks\u00e5 som ett motgift mot ormbett.<\/p>\n<p><strong><span style=\"color: rgb(84, 172, 210);\">OBS: V\u00e5ra eteriska oljor \u00e4r inte l\u00e4mpliga f\u00f6r internt bruk.<\/span><\/strong><\/p>\n","protected":false},"excerpt":{"rendered":"<p>Latinskt namn: Pogostemon Cablin Del av v\u00e4xt som anv\u00e4nds: Torkade&nbsp;l\u00f6v Ursprung: Indonesien Extraktionsmetod: \u00c5ngdestillation Patchouli Eterisk Olja extraheras fr\u00e5n Pogostemon Cablin-v\u00e4xten i mintfamiljen och har en rik mysk-s\u00f6t, kryddig lukt. V\u00e4xten \u00e4r inhemsk i Malaysia och Indien, d\u00e4r den \u00e4r k\u00e4nd som &quot;puchaput&quot;. Ordet patchouli h\u00e4rstammar fr\u00e5n tamilska &#39;pachchai ilai&#39; som helt enkelt betyder &#39;gr\u00f6nt [&hellip;]<\/p>\n","protected":false},"featured_media":268113,"comment_status":"closed","ping_status":"open","template":"","meta":{"_angie_page":false},"product_brand":[27091],"product_cat":[11868,25845,13648,26829,26052],"product_tag":[],"class_list":{"0":"post-216830","1":"product","2":"type-product","3":"status-publish","4":"has-post-thumbnail","6":"product_brand-ancient-wisdom","7":"product_cat-aromaterapi-och-rumsdofter","8":"product_cat-dofter-aromer","9":"product_cat-eteriska-oljor","10":"product_cat-jordig-gron","11":"product_cat-patchouli","12":"pa_collection-50ml-essential-oil-sv","13":"pa_made-in-indonesien","14":"pa_size-50ml","16":"first","17":"instock","18":"purchasable","19":"product-type-simple"},"supplier_id":null,"supplier_sku":"PrEO-10","barcode":null,"atum_controlled":true,"out_stock_date":null,"out_stock_threshold":null,"inheritable":false,"inbound_stock":null,"stock_on_hold":0,"sold_today":0,"sales_last_days":0,"reserved_stock":null,"customer_returns":null,"warehouse_damage":null,"lost_in_post":null,"other_logs":null,"out_stock_days":0,"lost_sales":0,"has_location":null,"update_date":"2026-04-27T07:18:14","atum_locations":[],"atum_stock_status":"instock","restock_status":false,"low_stock_amount":"","sales_update_date":"2026-01-30T01:26:17","calc_backorders":null,"_links":{"self":[{"href":"https:\/\/aromasentia.com\/sv\/wp-json\/wp\/v2\/product\/216830","targetHints":{"allow":["GET"]}}],"collection":[{"href":"https:\/\/aromasentia.com\/sv\/wp-json\/wp\/v2\/product"}],"about":[{"href":"https:\/\/aromasentia.com\/sv\/wp-json\/wp\/v2\/types\/product"}],"replies":[{"embeddable":true,"href":"https:\/\/aromasentia.com\/sv\/wp-json\/wp\/v2\/comments?post=216830"}],"version-history":[{"count":0,"href":"https:\/\/aromasentia.com\/sv\/wp-json\/wp\/v2\/product\/216830\/revisions"}],"wp:featuredmedia":[{"embeddable":true,"href":"https:\/\/aromasentia.com\/sv\/wp-json\/wp\/v2\/media\/268113"}],"wp:attachment":[{"href":"https:\/\/aromasentia.com\/sv\/wp-json\/wp\/v2\/media?parent=216830"}],"wp:term":[{"taxonomy":"product_brand","embeddable":true,"href":"https:\/\/aromasentia.com\/sv\/wp-json\/wp\/v2\/product_brand?post=216830"},{"taxonomy":"product_cat","embeddable":true,"href":"https:\/\/aromasentia.com\/sv\/wp-json\/wp\/v2\/product_cat?post=216830"},{"taxonomy":"product_tag","embeddable":true,"href":"https:\/\/aromasentia.com\/sv\/wp-json\/wp\/v2\/product_tag?post=216830"}],"curies":[{"name":"wp","href":"https:\/\/api.w.org\/{rel}","templated":true}]}}