{"id":216829,"date":"2025-03-20T15:14:21","date_gmt":"2025-03-20T15:14:21","guid":{"rendered":"https:\/\/aromasentia.com\/product\/sandalwood-amayris-50ml-essential-oil\/"},"modified":"2025-12-31T15:47:37","modified_gmt":"2025-12-31T15:47:37","slug":"sandeltra-amayris-eterisk-olja-50ml","status":"publish","type":"product","link":"https:\/\/aromasentia.com\/sv\/sandeltra-amayris-eterisk-olja-50ml\/","title":{"rendered":"Sandeltr\u00e4 Amayris Eterisk Olja 50ml"},"content":{"rendered":"<p><strong>Latinskt namn:<em>&nbsp;<\/em><\/strong><em>Amyris Balsamifera&nbsp;<\/em><\/p>\n<p><strong>Del av v\u00e4xt som anv\u00e4nds<\/strong>:<em>&nbsp;Tr\u00e4 och grenar&nbsp;<\/em><\/p>\n<p><strong>Ursprung:<\/strong> <em>Jamaica&nbsp;<\/em><\/p>\n<p><strong>Extraktionsmetod:<\/strong> <em>\u00c5ngdestillation&nbsp;<\/em><\/p>\n<p>Sandeltr\u00e4 Amyris Eterisk Olja erh\u00e5lls genom \u00e5ngdestillation fr\u00e5n barken och grenarna av Amyris Balsamifera-tr\u00e4det. P\u00e5 grund av sitt h\u00f6ga oljeinneh\u00e5ll brinner detta tr\u00e4 av sig sj\u00e4lvt som ett ljus, och kallas d\u00e4rf\u00f6r ljusved av lokalbefolkningen. Det \u00e4r ett billigare alternativ till rent sandeltr\u00e4.&nbsp;<\/p>\n<p>Denna olja har anv\u00e4nts f\u00f6r att reng\u00f6ra s\u00e5r och behandla influensa och diarr&eacute;. Den s\u00e4gs vara mycket effektiv f\u00f6r att lindra cystit och vaginalinfektioner. N\u00e4r den anv\u00e4nds i en f\u00f6r\u00e5ngare hj\u00e4lper den till att lindra \u00e5ngest, sp\u00e4nningar, s\u00f6mnl\u00f6shet och fungerar som ett afrodisiakum, samt lindrar impotens och frigiditet. Den anv\u00e4nds f\u00f6r att behandla hosta, f\u00f6rkylning och bronkit. Dess lugnande egenskaper s\u00e4gs hj\u00e4lpa under meditation. Det \u00e4r ocks\u00e5 ett muskelavslappnande och mjukg\u00f6rande medel.&nbsp;<\/p>\n<p>Det botaniska ursprunget f\u00f6r tr\u00e4det som gav denna olja var ok\u00e4nt fram till 1886, d\u00e5 de viktigaste skillnaderna mellan denna v\u00e4xt och \u00e4kta sandeltr\u00e4 identifierades genom mikroskopisk unders\u00f6kning av bladen. Amyris Balsamifera-tr\u00e4det v\u00e4xer vilt i Haiti. F\u00f6r sina helande och aromatiska egenskaper ans\u00e5gs eteriska oljor vara mer v\u00e4rdefulla \u00e4n guld f\u00f6r forntida m\u00e4nniskor.&nbsp;<\/p>\n<p><strong><span style=\"color: rgb(84, 172, 210);\">OBS: V\u00e5ra eteriska oljor \u00e4r inte l\u00e4mpliga f\u00f6r internt bruk.<\/span><\/strong><\/p>\n","protected":false},"excerpt":{"rendered":"<p>Latinskt namn:&nbsp;Amyris Balsamifera&nbsp; Del av v\u00e4xt som anv\u00e4nds:&nbsp;Tr\u00e4 och grenar&nbsp; Ursprung: Jamaica&nbsp; Extraktionsmetod: \u00c5ngdestillation&nbsp; Sandeltr\u00e4 Amyris Eterisk Olja erh\u00e5lls genom \u00e5ngdestillation fr\u00e5n barken och grenarna av Amyris Balsamifera-tr\u00e4det. P\u00e5 grund av sitt h\u00f6ga oljeinneh\u00e5ll brinner detta tr\u00e4 av sig sj\u00e4lvt som ett ljus, och kallas d\u00e4rf\u00f6r ljusved av lokalbefolkningen. Det \u00e4r ett billigare alternativ till [&hellip;]<\/p>\n","protected":false},"featured_media":268104,"comment_status":"closed","ping_status":"open","template":"","meta":[],"product_brand":[27091],"product_cat":[11868,25845,13648,26063,26899],"product_tag":[],"class_list":{"0":"post-216829","1":"product","2":"type-product","3":"status-publish","4":"has-post-thumbnail","6":"product_brand-ancient-wisdom","7":"product_cat-aromaterapi-och-rumsdofter","8":"product_cat-dofter-aromer","9":"product_cat-eteriska-oljor","10":"product_cat-sandeltra","11":"product_cat-traig","12":"pa_collection-50ml-essential-oil-sv","13":"pa_made-in-haiti","14":"pa_size-50ml","16":"first","17":"instock","18":"purchasable","19":"product-type-simple"},"supplier_id":null,"supplier_sku":"PrEO-09","barcode":null,"atum_controlled":true,"out_stock_date":null,"out_stock_threshold":null,"inheritable":false,"inbound_stock":null,"stock_on_hold":0,"sold_today":0,"sales_last_days":0,"reserved_stock":null,"customer_returns":null,"warehouse_damage":null,"lost_in_post":null,"other_logs":null,"out_stock_days":0,"lost_sales":0,"has_location":null,"update_date":"2026-02-11T09:36:00","atum_locations":[],"atum_stock_status":"instock","restock_status":false,"low_stock_amount":"","sales_update_date":"2025-09-05T00:17:59","calc_backorders":null,"_links":{"self":[{"href":"https:\/\/aromasentia.com\/sv\/wp-json\/wp\/v2\/product\/216829","targetHints":{"allow":["GET"]}}],"collection":[{"href":"https:\/\/aromasentia.com\/sv\/wp-json\/wp\/v2\/product"}],"about":[{"href":"https:\/\/aromasentia.com\/sv\/wp-json\/wp\/v2\/types\/product"}],"replies":[{"embeddable":true,"href":"https:\/\/aromasentia.com\/sv\/wp-json\/wp\/v2\/comments?post=216829"}],"version-history":[{"count":0,"href":"https:\/\/aromasentia.com\/sv\/wp-json\/wp\/v2\/product\/216829\/revisions"}],"wp:featuredmedia":[{"embeddable":true,"href":"https:\/\/aromasentia.com\/sv\/wp-json\/wp\/v2\/media\/268104"}],"wp:attachment":[{"href":"https:\/\/aromasentia.com\/sv\/wp-json\/wp\/v2\/media?parent=216829"}],"wp:term":[{"taxonomy":"product_brand","embeddable":true,"href":"https:\/\/aromasentia.com\/sv\/wp-json\/wp\/v2\/product_brand?post=216829"},{"taxonomy":"product_cat","embeddable":true,"href":"https:\/\/aromasentia.com\/sv\/wp-json\/wp\/v2\/product_cat?post=216829"},{"taxonomy":"product_tag","embeddable":true,"href":"https:\/\/aromasentia.com\/sv\/wp-json\/wp\/v2\/product_tag?post=216829"}],"curies":[{"name":"wp","href":"https:\/\/api.w.org\/{rel}","templated":true}]}}