{"id":216822,"date":"2025-03-20T15:14:21","date_gmt":"2025-03-20T15:14:21","guid":{"rendered":"https:\/\/aromasentia.com\/product\/tea-tree-50ml-essential-oil\/"},"modified":"2025-12-31T15:47:30","modified_gmt":"2025-12-31T15:47:30","slug":"te-trad-eterisk-olja-50ml","status":"publish","type":"product","link":"https:\/\/aromasentia.com\/sv\/te-trad-eterisk-olja-50ml\/","title":{"rendered":"Te Tr\u00e4d Eterisk Olja 50ml"},"content":{"rendered":"<p><strong>Latinskt namn:&nbsp;<\/strong><em>Melaleuca Alternifolia&nbsp;<\/em><\/p>\n<p><strong>Del av v\u00e4xt som anv\u00e4nds:&nbsp;<\/strong><em>L\u00f6v och kvistar&nbsp;<\/em><\/p>\n<p><strong>Ursprung:&nbsp;<\/strong><em>Australien<\/em><em>&nbsp;<\/em><\/p>\n<p><strong>Extraktionsmetod:<\/strong> <em>\u00c5ngdestillation&nbsp;<\/em><\/p>\n<p>F\u00f6rr i tiden verkar det som om l\u00f6ven p\u00e5 detta tr\u00e4d infunderades f\u00f6r att producera te, vilket \u00e4r hur namnet kom till. Grossist Te Tr\u00e4d Eterisk Olja \u00e4r de koncentrerade flytande f\u00f6reningarna som \u00e5ngdestilleras fr\u00e5n bladen p\u00e5 tr\u00e4det Melaleuca Alternifolia, som h\u00f6r hemma i den nord\u00f6stra kusten av New South Wales, Australien. Oljan p\u00e5st\u00e5s ha v\u00e4rdefulla antiseptiska och svampd\u00f6dande egenskaper p\u00e5 grund av best\u00e5ndsdelar som kallas terpenoider och anv\u00e4nds idag i m\u00e5nga personliga hygienprodukter och l\u00e4kemedel.&nbsp;<\/p>\n<p>Teatr\u00e4dolja s\u00e4gs vara bra f\u00f6r att lindra t\u00e4ppa, f\u00f6rkylning, hosta och influensa. Den har anv\u00e4nts f\u00f6r att l\u00e4ka akne, svampinfektioner, mj\u00e4ll, vaginalinfektioner, hemorrojder, fotsvamp och tros lindra v\u00e4rkande muskler och ledskador. N\u00e4r den tills\u00e4tts till badvatten hj\u00e4lper den till att kontrollera bakterier. Teatr\u00e4dolja f\u00e5r inte brukas internt. Den anv\u00e4nds vanligtvis endast p\u00e5 vuxna och m\u00e5ste h\u00e5llas borta fr\u00e5n barn och husdjur. Anv\u00e4nd den inte om du \u00e4r gravid eller ammar.&nbsp;<\/p>\n<p>Tetr\u00e4det har varit k\u00e4nt f\u00f6r sina medicinska egenskaper sedan urminnes tider i \u00f6stra Australien. De australiensiska aboriginerna \u00e4r k\u00e4nda f\u00f6r att ha anv\u00e4nt de krossade l\u00f6ven f\u00f6r att l\u00e4ka sk\u00e4rs\u00e5r, br\u00e4nnskador, s\u00e5r och infektioner i hundratals \u00e5r. De andades in oljorna fr\u00e5n de krossade l\u00f6ven f\u00f6r att lindra hosta och f\u00f6rkylning. De st\u00e4nkte denna olja p\u00e5 s\u00e5r och applicerade ett gr\u00f6tomslag p\u00e5 det. De infunderade bladen och gjorde te f\u00f6r att lindra halsont. Det var mellan 1920 och 1930 som den eteriska oljan fr\u00e5n detta tr\u00e4d b\u00f6rjade bli k\u00e4nd och anv\u00e4ndas f\u00f6r sina antimikrobiella egenskaper i Europa.&nbsp;<\/p>\n<p><strong><span style=\"color: rgb(84, 172, 210);\">OBS: V\u00e5ra eteriska oljor \u00e4r inte l\u00e4mpliga f\u00f6r internt bruk.<\/span><\/strong><\/p>\n","protected":false},"excerpt":{"rendered":"<p>Latinskt namn:&nbsp;Melaleuca Alternifolia&nbsp; Del av v\u00e4xt som anv\u00e4nds:&nbsp;L\u00f6v och kvistar&nbsp; Ursprung:&nbsp;Australien&nbsp; Extraktionsmetod: \u00c5ngdestillation&nbsp; F\u00f6rr i tiden verkar det som om l\u00f6ven p\u00e5 detta tr\u00e4d infunderades f\u00f6r att producera te, vilket \u00e4r hur namnet kom till. Grossist Te Tr\u00e4d Eterisk Olja \u00e4r de koncentrerade flytande f\u00f6reningarna som \u00e5ngdestilleras fr\u00e5n bladen p\u00e5 tr\u00e4det Melaleuca Alternifolia, som h\u00f6r [&hellip;]<\/p>\n","protected":false},"featured_media":268041,"comment_status":"closed","ping_status":"open","template":"","meta":{"_angie_page":false},"product_brand":[27091],"product_cat":[11868,25845,13648,26871,26067],"product_tag":[],"class_list":{"0":"post-216822","1":"product","2":"type-product","3":"status-publish","4":"has-post-thumbnail","6":"product_brand-ancient-wisdom","7":"product_cat-aromaterapi-och-rumsdofter","8":"product_cat-dofter-aromer","9":"product_cat-eteriska-oljor","10":"product_cat-medicinsk-kamferdoftande","11":"product_cat-tea-tree-tetrad","12":"pa_collection-50ml-essential-oil-sv","13":"pa_made-in-australien","14":"pa_size-50ml","16":"first","17":"instock","18":"purchasable","19":"product-type-simple"},"supplier_id":null,"supplier_sku":"PrEO-02","barcode":null,"atum_controlled":true,"out_stock_date":null,"out_stock_threshold":null,"inheritable":false,"inbound_stock":null,"stock_on_hold":0,"sold_today":0,"sales_last_days":0,"reserved_stock":null,"customer_returns":null,"warehouse_damage":null,"lost_in_post":null,"other_logs":null,"out_stock_days":0,"lost_sales":0,"has_location":null,"update_date":"2026-05-08T05:16:51","atum_locations":[],"atum_stock_status":"instock","restock_status":false,"low_stock_amount":"","sales_update_date":"2026-01-30T01:26:15","calc_backorders":null,"_links":{"self":[{"href":"https:\/\/aromasentia.com\/sv\/wp-json\/wp\/v2\/product\/216822","targetHints":{"allow":["GET"]}}],"collection":[{"href":"https:\/\/aromasentia.com\/sv\/wp-json\/wp\/v2\/product"}],"about":[{"href":"https:\/\/aromasentia.com\/sv\/wp-json\/wp\/v2\/types\/product"}],"replies":[{"embeddable":true,"href":"https:\/\/aromasentia.com\/sv\/wp-json\/wp\/v2\/comments?post=216822"}],"version-history":[{"count":0,"href":"https:\/\/aromasentia.com\/sv\/wp-json\/wp\/v2\/product\/216822\/revisions"}],"wp:featuredmedia":[{"embeddable":true,"href":"https:\/\/aromasentia.com\/sv\/wp-json\/wp\/v2\/media\/268041"}],"wp:attachment":[{"href":"https:\/\/aromasentia.com\/sv\/wp-json\/wp\/v2\/media?parent=216822"}],"wp:term":[{"taxonomy":"product_brand","embeddable":true,"href":"https:\/\/aromasentia.com\/sv\/wp-json\/wp\/v2\/product_brand?post=216822"},{"taxonomy":"product_cat","embeddable":true,"href":"https:\/\/aromasentia.com\/sv\/wp-json\/wp\/v2\/product_cat?post=216822"},{"taxonomy":"product_tag","embeddable":true,"href":"https:\/\/aromasentia.com\/sv\/wp-json\/wp\/v2\/product_tag?post=216822"}],"curies":[{"name":"wp","href":"https:\/\/api.w.org\/{rel}","templated":true}]}}