{"id":216821,"date":"2025-03-20T15:14:21","date_gmt":"2025-03-20T15:14:21","guid":{"rendered":"https:\/\/aromasentia.com\/product\/lavender-50ml-essential-oil\/"},"modified":"2025-12-31T15:47:30","modified_gmt":"2025-12-31T15:47:30","slug":"lavendel-eterisk-olja-50ml","status":"publish","type":"product","link":"https:\/\/aromasentia.com\/sv\/lavendel-eterisk-olja-50ml\/","title":{"rendered":"Lavendel Eterisk Olja 50ml"},"content":{"rendered":"<p><strong>Latinskt namn:<\/strong> <em>Lavandula Angustifolia<\/em><\/p>\n<p><strong>Del av v\u00e4xt som anv\u00e4nds:&nbsp;<\/strong><em>Blommande&nbsp;<\/em><em>spetsar&nbsp;<\/em><\/p>\n<p><strong>Ursprung:&nbsp;<\/strong><em>Frankrike<\/em><em>&nbsp;<\/em><\/p>\n<p><strong>Extraktionsmetod:&nbsp;<\/strong><em>\u00c5ngdestillation&nbsp;<\/em><\/p>\n<p>Lavendel har anv\u00e4nts och v\u00e5rdats i \u00e5rhundraden f\u00f6r sin omissk\u00e4nnliga doft och otaliga f\u00f6rdelar. I antiken anv\u00e4nde egyptierna och romarna lavendel f\u00f6r bad, avkoppling, matlagning, och som parfym.&nbsp;<\/p>\n<p>Lavendel appliceras ofta lokalt d\u00e5 det s\u00e4gs att den kan minska uppkomsten av problematisk hud. L\u00e4gg i badvatten f\u00f6r att slappna av och inte stressa eller applicera p\u00e5 tinningarna och nacken. Tills\u00e4tt n\u00e5gra droppar lavendel till kuddar, s\u00e4ngkl\u00e4der eller fotbotten f\u00f6r att koppla av och f\u00f6rbereda dig f\u00f6r en god natts s\u00f6mn. Fr\u00e4scha upp ditt linnesk\u00e5p, madrass, bil eller luften genom att kombinera lavendel med vatten i en sprayflaska. P\u00e5 grund av lavendelns m\u00e5ngsidiga egenskaper anses den vara en olja som man m\u00e5ste ha.&nbsp;<\/p>\n<p><strong>Anvisningar f\u00f6r anv\u00e4ndning:<br style=\"box-sizing: border-box; margin: 0px; padding: 0px; color: rgb(42, 54, 63); font-family: ui-sans-serif, system-ui, -apple-system, BlinkMacSystemFont, &quot;Segoe UI&quot;, Roboto, &quot;Helvetica Neue&quot;, Arial, &quot;Noto Sans&quot;, sans-serif, &quot;Apple Color Emoji&quot;, &quot;Segoe UI Emoji&quot;, &quot;Segoe UI Symbol&quot;, &quot;Noto Color Emoji&quot;; font-size: 16px; font-style: normal; font-variant-ligatures: normal; font-variant-caps: normal; font-weight: 500; letter-spacing: normal; orphans: 2; text-align: start; text-indent: 0px; text-transform: none; white-space: normal; widows: 2; word-spacing: 0px; -webkit-text-stroke-width: 0px; background-color: rgb(243, 245, 255); text-decoration-thickness: initial; text-decoration-style: initial; text-decoration-color: initial;\"><\/strong><\/p>\n<p><u>Diffusion:<\/u> Anv\u00e4nd tre till fyra droppar i valfri doftspridare.&nbsp;<\/p>\n<p><u>Lokal anv\u00e4ndning<\/u>: Applicera en till tv\u00e5 droppar p\u00e5 \u00f6nskat omr\u00e5de. Sp\u00e4d med v\u00e5r fraktionerade kokosn\u00f6tsolja f\u00f6r att minimera eventuell hudk\u00e4nslighet.<\/p>\n<p><strong>Varningar:<br style=\"box-sizing: border-box; margin: 0px; padding: 0px; color: rgb(42, 54, 63); font-family: ui-sans-serif, system-ui, -apple-system, BlinkMacSystemFont, &quot;Segoe UI&quot;, Roboto, &quot;Helvetica Neue&quot;, Arial, &quot;Noto Sans&quot;, sans-serif, &quot;Apple Color Emoji&quot;, &quot;Segoe UI Emoji&quot;, &quot;Segoe UI Symbol&quot;, &quot;Noto Color Emoji&quot;; font-size: 16px; font-style: normal; font-variant-ligatures: normal; font-variant-caps: normal; font-weight: 500; letter-spacing: normal; orphans: 2; text-align: start; text-indent: 0px; text-transform: none; white-space: normal; widows: 2; word-spacing: 0px; -webkit-text-stroke-width: 0px; background-color: rgb(243, 245, 255); text-decoration-thickness: initial; text-decoration-style: initial; text-decoration-color: initial;\"><\/strong><\/p>\n<p>Eventuell hudk\u00e4nslighet. F\u00f6rvara utom r\u00e4ckh\u00e5ll f\u00f6r barn. Om du \u00e4r gravid, ammar eller \u00e4r under l\u00e4karv\u00e5rd, kontakta din l\u00e4kare. Undvik kontakt med \u00f6gon och k\u00e4nsliga omr\u00e5den.&nbsp;<\/p>\n<p><strong><span style=\"color: rgb(84, 172, 210);\">OBS: V\u00e5ra eteriska oljor \u00e4r inte l\u00e4mpliga f\u00f6r internt bruk. &nbsp;<\/span><\/strong><\/p>\n","protected":false},"excerpt":{"rendered":"<p>Latinskt namn: Lavandula Angustifolia Del av v\u00e4xt som anv\u00e4nds:&nbsp;Blommande&nbsp;spetsar&nbsp; Ursprung:&nbsp;Frankrike&nbsp; Extraktionsmetod:&nbsp;\u00c5ngdestillation&nbsp; Lavendel har anv\u00e4nts och v\u00e5rdats i \u00e5rhundraden f\u00f6r sin omissk\u00e4nnliga doft och otaliga f\u00f6rdelar. I antiken anv\u00e4nde egyptierna och romarna lavendel f\u00f6r bad, avkoppling, matlagning, och som parfym.&nbsp; Lavendel appliceras ofta lokalt d\u00e5 det s\u00e4gs att den kan minska uppkomsten av problematisk hud. L\u00e4gg [&hellip;]<\/p>\n","protected":false},"featured_media":268032,"comment_status":"closed","ping_status":"open","template":"","meta":{"_angie_page":false},"product_brand":[27091],"product_cat":[11868,26836,25845,13648,26032],"product_tag":[],"class_list":{"0":"post-216821","1":"product","2":"type-product","3":"status-publish","4":"has-post-thumbnail","6":"product_brand-ancient-wisdom","7":"product_cat-aromaterapi-och-rumsdofter","8":"product_cat-blommig","9":"product_cat-dofter-aromer","10":"product_cat-eteriska-oljor","11":"product_cat-lavendel","12":"pa_collection-50ml-essential-oil-sv","13":"pa_made-in-frankrike","14":"pa_size-50ml","16":"first","17":"instock","18":"purchasable","19":"product-type-simple"},"supplier_id":null,"supplier_sku":"PrEO-01","barcode":null,"atum_controlled":true,"out_stock_date":null,"out_stock_threshold":null,"inheritable":false,"inbound_stock":null,"stock_on_hold":0,"sold_today":0,"sales_last_days":0,"reserved_stock":null,"customer_returns":null,"warehouse_damage":null,"lost_in_post":null,"other_logs":null,"out_stock_days":0,"lost_sales":0,"has_location":null,"update_date":"2026-05-08T05:16:51","atum_locations":[],"atum_stock_status":"instock","restock_status":false,"low_stock_amount":"","sales_update_date":"2026-01-30T01:26:16","calc_backorders":null,"_links":{"self":[{"href":"https:\/\/aromasentia.com\/sv\/wp-json\/wp\/v2\/product\/216821","targetHints":{"allow":["GET"]}}],"collection":[{"href":"https:\/\/aromasentia.com\/sv\/wp-json\/wp\/v2\/product"}],"about":[{"href":"https:\/\/aromasentia.com\/sv\/wp-json\/wp\/v2\/types\/product"}],"replies":[{"embeddable":true,"href":"https:\/\/aromasentia.com\/sv\/wp-json\/wp\/v2\/comments?post=216821"}],"version-history":[{"count":0,"href":"https:\/\/aromasentia.com\/sv\/wp-json\/wp\/v2\/product\/216821\/revisions"}],"wp:featuredmedia":[{"embeddable":true,"href":"https:\/\/aromasentia.com\/sv\/wp-json\/wp\/v2\/media\/268032"}],"wp:attachment":[{"href":"https:\/\/aromasentia.com\/sv\/wp-json\/wp\/v2\/media?parent=216821"}],"wp:term":[{"taxonomy":"product_brand","embeddable":true,"href":"https:\/\/aromasentia.com\/sv\/wp-json\/wp\/v2\/product_brand?post=216821"},{"taxonomy":"product_cat","embeddable":true,"href":"https:\/\/aromasentia.com\/sv\/wp-json\/wp\/v2\/product_cat?post=216821"},{"taxonomy":"product_tag","embeddable":true,"href":"https:\/\/aromasentia.com\/sv\/wp-json\/wp\/v2\/product_tag?post=216821"}],"curies":[{"name":"wp","href":"https:\/\/api.w.org\/{rel}","templated":true}]}}