{"id":216818,"date":"2025-03-20T15:14:41","date_gmt":"2025-03-20T15:14:41","guid":{"rendered":"https:\/\/aromasentia.com\/product\/ginger-50ml-essential-oil\/"},"modified":"2025-12-31T15:47:30","modified_gmt":"2025-12-31T15:47:30","slug":"ingefara-eterisk-olja-50ml","status":"publish","type":"product","link":"https:\/\/aromasentia.com\/sv\/ingefara-eterisk-olja-50ml\/","title":{"rendered":"Ingef\u00e4ra Eterisk Olja 50ml"},"content":{"rendered":"<p><strong>Latinskt namn:&nbsp;<\/strong><em>Zingiber Officinale&nbsp;<\/em><\/p>\n<p><strong>Del av v\u00e4xt som anv\u00e4nds:&nbsp;<\/strong><em>Rot&nbsp;<\/em><\/p>\n<p><strong>Ursprung:&nbsp;<\/strong><em>Indien&nbsp;<\/em><\/p>\n<p><strong>Extraktionsmetod:<\/strong> <em>\u00c5ngdestillation&nbsp;<\/em><\/p>\n<p>Grossist Ingef\u00e4ra Eterisk Olja utvinns fr\u00e5n Zingiberaceae Officinale-v\u00e4xten, \u00e4ven k\u00e4nd som Common eller Jamaica Ginger. Namnet ingef\u00e4ra h\u00e4rstammar fr\u00e5n den plats som heter Gingi i delstaten Tamil Nadu, Indien, och det tamilska ordet f\u00f6r ingef\u00e4ra, inji-ver. Oljan extraheras genom \u00e5ngdestillation fr\u00e5n v\u00e4xtens oskalade eller torkade, malda rot. Det \u00e4r en v\u00e4rmande olja och \u00e4r s\u00e4rskilt bra f\u00f6r matsm\u00e4ltningen och mot illam\u00e5ende och kr\u00e4kningar.&nbsp;<\/p>\n<p>Ingef\u00e4raolja har m\u00e5nga terapeutiska egenskaper. Den anv\u00e4nds vid behandling av frakturer, och lindrar sm\u00e4rtan av reumatism, artrit och karbunkler. Den hj\u00e4lper mot baksm\u00e4lla, \u00e5ksjuka, f\u00f6rkylningar, influensa, hosta, bih\u00e5leinflammation, ont i halsen, huds\u00e5r, diarr&eacute;, kolik, kramper, frossa och feber. Med hj\u00e4lp av en f\u00f6r\u00e5ngare har denna olja f\u00f6rm\u00e5gan att bek\u00e4mpa ensamhet och depression, och dess energigivande egenskaper g\u00f6r den till ett bra afrodisiakum. En droppe olja kan l\u00e4ggas p\u00e5 en n\u00e4sduk och andas in f\u00f6r att avhj\u00e4lpa illam\u00e5ende, \u00e5ksjuka och f\u00f6rkylning.&nbsp;<\/p>\n<p>Ingef\u00e4ra har sitt ursprung i Indien, Kina och Java, men \u00e4r ocks\u00e5 hemma i Afrika och V\u00e4stindien. Sanskrit och kinesiska texter n\u00e4mner anv\u00e4ndningen av ingef\u00e4ra som medicin. Den n\u00e4mns ocks\u00e5 i antik grekisk, romersk och arabisk litteratur. Torkad ingef\u00e4ra anv\u00e4nds mot magsm\u00e4rtor, diarr&eacute;, halsproblem och illam\u00e5ende. Kineserna anv\u00e4nder den ocks\u00e5 f\u00f6r att st\u00f6dja hj\u00e4rtat och f\u00f6r att minska slem.&nbsp;<\/p>\n<p><strong><span style=\"color: rgb(84, 172, 210);\">OBS: V\u00e5ra eteriska oljor \u00e4r inte l\u00e4mpliga f\u00f6r internt bruk.<\/span><\/strong><\/p>\n","protected":false},"excerpt":{"rendered":"<p>Latinskt namn:&nbsp;Zingiber Officinale&nbsp; Del av v\u00e4xt som anv\u00e4nds:&nbsp;Rot&nbsp; Ursprung:&nbsp;Indien&nbsp; Extraktionsmetod: \u00c5ngdestillation&nbsp; Grossist Ingef\u00e4ra Eterisk Olja utvinns fr\u00e5n Zingiberaceae Officinale-v\u00e4xten, \u00e4ven k\u00e4nd som Common eller Jamaica Ginger. Namnet ingef\u00e4ra h\u00e4rstammar fr\u00e5n den plats som heter Gingi i delstaten Tamil Nadu, Indien, och det tamilska ordet f\u00f6r ingef\u00e4ra, inji-ver. Oljan extraheras genom \u00e5ngdestillation fr\u00e5n v\u00e4xtens oskalade eller [&hellip;]<\/p>\n","protected":false},"featured_media":268255,"comment_status":"closed","ping_status":"open","template":"","meta":{"_angie_page":false},"product_brand":[27091],"product_cat":[11868,25845,13648,26025,26892],"product_tag":[],"class_list":{"0":"post-216818","1":"product","2":"type-product","3":"status-publish","4":"has-post-thumbnail","6":"product_brand-ancient-wisdom","7":"product_cat-aromaterapi-och-rumsdofter","8":"product_cat-dofter-aromer","9":"product_cat-eteriska-oljor","10":"product_cat-ingefara","11":"product_cat-kryddig","12":"pa_collection-50ml-essential-oil-sv","13":"pa_made-in-indien","14":"pa_size-50ml","16":"first","17":"instock","18":"purchasable","19":"product-type-simple"},"supplier_id":null,"supplier_sku":"PrEO-24","barcode":null,"atum_controlled":true,"out_stock_date":null,"out_stock_threshold":null,"inheritable":false,"inbound_stock":null,"stock_on_hold":0,"sold_today":0,"sales_last_days":0,"reserved_stock":null,"customer_returns":null,"warehouse_damage":null,"lost_in_post":null,"other_logs":null,"out_stock_days":0,"lost_sales":0,"has_location":null,"update_date":"2026-04-27T07:18:20","atum_locations":[],"atum_stock_status":"instock","restock_status":false,"low_stock_amount":"","sales_update_date":"2026-02-06T00:02:06","calc_backorders":null,"_links":{"self":[{"href":"https:\/\/aromasentia.com\/sv\/wp-json\/wp\/v2\/product\/216818","targetHints":{"allow":["GET"]}}],"collection":[{"href":"https:\/\/aromasentia.com\/sv\/wp-json\/wp\/v2\/product"}],"about":[{"href":"https:\/\/aromasentia.com\/sv\/wp-json\/wp\/v2\/types\/product"}],"replies":[{"embeddable":true,"href":"https:\/\/aromasentia.com\/sv\/wp-json\/wp\/v2\/comments?post=216818"}],"version-history":[{"count":0,"href":"https:\/\/aromasentia.com\/sv\/wp-json\/wp\/v2\/product\/216818\/revisions"}],"wp:featuredmedia":[{"embeddable":true,"href":"https:\/\/aromasentia.com\/sv\/wp-json\/wp\/v2\/media\/268255"}],"wp:attachment":[{"href":"https:\/\/aromasentia.com\/sv\/wp-json\/wp\/v2\/media?parent=216818"}],"wp:term":[{"taxonomy":"product_brand","embeddable":true,"href":"https:\/\/aromasentia.com\/sv\/wp-json\/wp\/v2\/product_brand?post=216818"},{"taxonomy":"product_cat","embeddable":true,"href":"https:\/\/aromasentia.com\/sv\/wp-json\/wp\/v2\/product_cat?post=216818"},{"taxonomy":"product_tag","embeddable":true,"href":"https:\/\/aromasentia.com\/sv\/wp-json\/wp\/v2\/product_tag?post=216818"}],"curies":[{"name":"wp","href":"https:\/\/api.w.org\/{rel}","templated":true}]}}