{"id":216816,"date":"2025-03-20T15:14:41","date_gmt":"2025-03-20T15:14:41","guid":{"rendered":"https:\/\/aromasentia.com\/product\/clove-leaf-50ml-essential-oil\/"},"modified":"2025-12-31T15:47:30","modified_gmt":"2025-12-31T15:47:30","slug":"kryddnejlika-blad-eterisk-olja-50ml","status":"publish","type":"product","link":"https:\/\/aromasentia.com\/sv\/kryddnejlika-blad-eterisk-olja-50ml\/","title":{"rendered":"Kryddnejlika Blad Eterisk Olja 50ml"},"content":{"rendered":"<p><strong>Latinskt namn:<\/strong> <em>Eugenia Caryophyllata&nbsp;<\/em><\/p>\n<p><strong>Del av v\u00e4xt som anv\u00e4nds:<\/strong> <em>L\u00f6v&nbsp;<\/em><\/p>\n<p><strong>Ursprung:<\/strong> <em>Madagaskar&nbsp;<\/em><\/p>\n<p><strong>Extraktionsmetod:<\/strong> <em>\u00c5ngdestillation&nbsp;<\/em><\/p>\n<p>Kryddnejlika Eterisk Olja extraheras vanligtvis genom \u00e5ngdestillation fr\u00e5n bladen, stj\u00e4lken och knopparna p\u00e5 Eugenia Caryophyllata-tr\u00e4det, som \u00e4r inhemskt i Indonesien och Malacka\u00f6arna. Detta \u00e4r en potent olja med en varm, stark, kryddig lukt och m\u00e5ste anv\u00e4ndas mycket utsp\u00e4dd och med stor f\u00f6rsiktighet i aromaterapi.&nbsp;<\/p>\n<p>Kryddnejlikaolja kan anv\u00e4ndas f\u00f6r att l\u00e4ka eller lindra akne, bl\u00e5m\u00e4rken, sk\u00e4rs\u00e5r och br\u00e4nnskador, bens\u00e5r och som sm\u00e4rtstillande medel vid reumat och artrit. Den s\u00e4gs vara bra f\u00f6r matsm\u00e4ltningssystemet ocks\u00e5, hj\u00e4lpa mot kr\u00e4kningar, diarr&eacute;, gasbildning, spasmer och parasiter. Den anses vara v\u00e4rdefull f\u00f6r lindring av andningsproblem som bronkit, astma och tuberkulos. I aromaterapi stimulerar denna eteriska olja sinnet och fungerar som ett afrodisiakum. Den tar bort mental utmattning och tr\u00f6tthet och framkallar s\u00f6mn hos s\u00f6mnl\u00f6sa.&nbsp;<\/p>\n<p>Kryddnejlika var popul\u00e4r i antika Indien och Kina. Man tror att kryddnejlika anv\u00e4ndes inom forntida kinesisk medicin f\u00f6r att behandla matsm\u00e4ltningsbesv\u00e4r, diarr&eacute;, br\u00e5ck, fotsvamp och svampinfektioner. Den har anv\u00e4nts f\u00f6r att behandla muns\u00e5r, tandv\u00e4rk och som en andningsfr\u00e4schare sedan urminnes tider i dessa l\u00e4nder. Det var en av de f\u00f6rsta kryddorna som byttes ut. Arabiska handlare s\u00e4gs ha introducerat kryddnejlika till Europa under romarrikets dagar.&nbsp;<\/p>\n<p><strong><span style=\"color: rgb(84, 172, 210);\">OBS: V\u00e5ra eteriska oljor \u00e4r inte l\u00e4mpliga f\u00f6r internt bruk.<\/span><\/strong><\/p>\n","protected":false},"excerpt":{"rendered":"<p>Latinskt namn: Eugenia Caryophyllata&nbsp; Del av v\u00e4xt som anv\u00e4nds: L\u00f6v&nbsp; Ursprung: Madagaskar&nbsp; Extraktionsmetod: \u00c5ngdestillation&nbsp; Kryddnejlika Eterisk Olja extraheras vanligtvis genom \u00e5ngdestillation fr\u00e5n bladen, stj\u00e4lken och knopparna p\u00e5 Eugenia Caryophyllata-tr\u00e4det, som \u00e4r inhemskt i Indonesien och Malacka\u00f6arna. Detta \u00e4r en potent olja med en varm, stark, kryddig lukt och m\u00e5ste anv\u00e4ndas mycket utsp\u00e4dd och med stor [&hellip;]<\/p>\n","protected":false},"featured_media":268237,"comment_status":"closed","ping_status":"open","template":"","meta":{"_angie_page":false},"product_brand":[27091],"product_cat":[11868,26822,25845,13648,26015],"product_tag":[],"class_list":{"0":"post-216816","1":"product","2":"type-product","3":"status-publish","4":"has-post-thumbnail","6":"product_brand-ancient-wisdom","7":"product_cat-aromaterapi-och-rumsdofter","8":"product_cat-citrus","9":"product_cat-dofter-aromer","10":"product_cat-eteriska-oljor","11":"product_cat-nejlikblad","12":"pa_collection-50ml-essential-oil-sv","13":"pa_made-in-indonesien","14":"pa_size-50ml","16":"first","17":"instock","18":"purchasable","19":"product-type-simple"},"supplier_id":null,"supplier_sku":"PrEO-22","barcode":null,"atum_controlled":true,"out_stock_date":null,"out_stock_threshold":null,"inheritable":false,"inbound_stock":0,"stock_on_hold":0,"sold_today":0,"sales_last_days":0,"reserved_stock":0,"customer_returns":0,"warehouse_damage":0,"lost_in_post":0,"other_logs":0,"out_stock_days":0,"lost_sales":0,"has_location":false,"update_date":"2026-05-08T05:16:51","atum_locations":[],"atum_stock_status":"instock","restock_status":false,"low_stock_amount":"","sales_update_date":"2025-09-05T00:18:02","calc_backorders":null,"_links":{"self":[{"href":"https:\/\/aromasentia.com\/sv\/wp-json\/wp\/v2\/product\/216816","targetHints":{"allow":["GET"]}}],"collection":[{"href":"https:\/\/aromasentia.com\/sv\/wp-json\/wp\/v2\/product"}],"about":[{"href":"https:\/\/aromasentia.com\/sv\/wp-json\/wp\/v2\/types\/product"}],"replies":[{"embeddable":true,"href":"https:\/\/aromasentia.com\/sv\/wp-json\/wp\/v2\/comments?post=216816"}],"version-history":[{"count":0,"href":"https:\/\/aromasentia.com\/sv\/wp-json\/wp\/v2\/product\/216816\/revisions"}],"wp:featuredmedia":[{"embeddable":true,"href":"https:\/\/aromasentia.com\/sv\/wp-json\/wp\/v2\/media\/268237"}],"wp:attachment":[{"href":"https:\/\/aromasentia.com\/sv\/wp-json\/wp\/v2\/media?parent=216816"}],"wp:term":[{"taxonomy":"product_brand","embeddable":true,"href":"https:\/\/aromasentia.com\/sv\/wp-json\/wp\/v2\/product_brand?post=216816"},{"taxonomy":"product_cat","embeddable":true,"href":"https:\/\/aromasentia.com\/sv\/wp-json\/wp\/v2\/product_cat?post=216816"},{"taxonomy":"product_tag","embeddable":true,"href":"https:\/\/aromasentia.com\/sv\/wp-json\/wp\/v2\/product_tag?post=216816"}],"curies":[{"name":"wp","href":"https:\/\/api.w.org\/{rel}","templated":true}]}}