{"id":216815,"date":"2025-03-20T15:14:41","date_gmt":"2025-03-20T15:14:41","guid":{"rendered":"https:\/\/aromasentia.com\/product\/cinnamon-50ml-essential-oil\/"},"modified":"2025-12-31T15:47:22","modified_gmt":"2025-12-31T15:47:22","slug":"kanel-eterisk-olja-50ml","status":"publish","type":"product","link":"https:\/\/aromasentia.com\/sv\/kanel-eterisk-olja-50ml\/","title":{"rendered":"Kanel Eterisk Olja 50ml"},"content":{"rendered":"<p><strong>Latinskt namn:<\/strong> <em>Cinnamomum Zeylanicum&nbsp;<\/em><\/p>\n<p><strong>Del av v\u00e4xt som anv\u00e4nds:<\/strong><em>&nbsp;L\u00f6v och kvistar&nbsp;<\/em><\/p>\n<p><strong>Ursprung:&nbsp;<\/strong><em>Sri Lanka&nbsp;<\/em><\/p>\n<p><strong>Extraktionsmetod:&nbsp;<\/strong><em>\u00c5ngdestillation&nbsp;<\/em><\/p>\n<p>Kanel Eterisk Olja extraheras genom \u00e5ngdestillation fr\u00e5n Cinnamomum Zeylanicum-tr\u00e4det, \u00e4ven kallat Ceylonkanel eller \u00e4kta kanel. Det finns tv\u00e5 sorters eteriska oljor som utvinns: en fr\u00e5n bladen, som \u00e4r mildare, gul till ljusbrun och anv\u00e4nds oftast i aromaterapi; och den andra fr\u00e5n barken, som \u00e4r m\u00f6rkare brun och vanligen inte f\u00f6redragen i aromaterapi.&nbsp;<\/p>\n<p>Kanelolja \u00e4r en lugnande s\u00e5dan med kraftfulla antiseptiska egenskaper. N\u00e4r den anv\u00e4nds i en oljebr\u00e4nnare, s\u00e4gs denna olja hj\u00e4lpa mot f\u00f6rkylningar och bronkit och minska depression. Den anv\u00e4nds f\u00f6r att hj\u00e4lpa till med bronkit, diarr&eacute;, frossa, infektioner, influensa, reumatism och artrit, n\u00e4r den anv\u00e4nds i badvatten eller blandas i en massageolja. Den lindrar illam\u00e5ende och kr\u00e4kningar. Den stimulerar k\u00f6rtelsystemet och minskar d\u00e4rf\u00f6r mensv\u00e4rk. Undvik bladoljan under graviditeten. Barkoljan \u00e4r mycket stark och b\u00f6r endast anv\u00e4ndas utsp\u00e4dd, under sakkunnig \u00f6vervakning.&nbsp;<\/p>\n<p>Kaneltr\u00e4det \u00e4r inhemskt p\u00e5 den indiska subkontinenten och har varit en viktig handelsvara i \u00e5rhundraden mellan Indien, Kina och Egypten. K\u00e4llan till kanel var l\u00e4nge ett mysterium f\u00f6r v\u00e4stv\u00e4rlden. Enligt Herodotos och andra f\u00f6rfattare var Arabien k\u00e4llan till kanel. Historien s\u00e4ger att gigantiska kanelf\u00e5glar samlade kanelst\u00e4nger till sina bon fr\u00e5n en mystisk plats d\u00e4r kaneltr\u00e4d v\u00e4xte. Araberna lurade sedan f\u00e5glarna och fick kanel av dem. Detta var tron fram till 1310 i Bysans.&nbsp;<\/p>\n<p><strong><span style=\"color: rgb(84, 172, 210);\">OBS: V\u00e5ra eteriska oljor \u00e4r inte l\u00e4mpliga f\u00f6r internt bruk.<\/span><\/strong><\/p>\n","protected":false},"excerpt":{"rendered":"<p>Latinskt namn: Cinnamomum Zeylanicum&nbsp; Del av v\u00e4xt som anv\u00e4nds:&nbsp;L\u00f6v och kvistar&nbsp; Ursprung:&nbsp;Sri Lanka&nbsp; Extraktionsmetod:&nbsp;\u00c5ngdestillation&nbsp; Kanel Eterisk Olja extraheras genom \u00e5ngdestillation fr\u00e5n Cinnamomum Zeylanicum-tr\u00e4det, \u00e4ven kallat Ceylonkanel eller \u00e4kta kanel. Det finns tv\u00e5 sorters eteriska oljor som utvinns: en fr\u00e5n bladen, som \u00e4r mildare, gul till ljusbrun och anv\u00e4nds oftast i aromaterapi; och den andra fr\u00e5n [&hellip;]<\/p>\n","protected":false},"featured_media":268228,"comment_status":"closed","ping_status":"open","template":"","meta":{"_angie_page":false},"product_brand":[27091],"product_cat":[11868,25845,13648,26012,26892],"product_tag":[],"class_list":{"0":"post-216815","1":"product","2":"type-product","3":"status-publish","4":"has-post-thumbnail","6":"product_brand-ancient-wisdom","7":"product_cat-aromaterapi-och-rumsdofter","8":"product_cat-dofter-aromer","9":"product_cat-eteriska-oljor","10":"product_cat-kanel","11":"product_cat-kryddig","12":"pa_collection-50ml-essential-oil-sv","13":"pa_made-in-sri-lanka","14":"pa_size-50ml","16":"first","17":"instock","18":"purchasable","19":"product-type-simple"},"supplier_id":null,"supplier_sku":"PrEO-21","barcode":null,"atum_controlled":true,"out_stock_date":null,"out_stock_threshold":null,"inheritable":false,"inbound_stock":null,"stock_on_hold":0,"sold_today":0,"sales_last_days":0,"reserved_stock":null,"customer_returns":null,"warehouse_damage":null,"lost_in_post":null,"other_logs":null,"out_stock_days":0,"lost_sales":0,"has_location":null,"update_date":"2026-04-27T07:18:20","atum_locations":[],"atum_stock_status":"instock","restock_status":false,"low_stock_amount":"","sales_update_date":"2025-09-05T00:18:02","calc_backorders":null,"_links":{"self":[{"href":"https:\/\/aromasentia.com\/sv\/wp-json\/wp\/v2\/product\/216815","targetHints":{"allow":["GET"]}}],"collection":[{"href":"https:\/\/aromasentia.com\/sv\/wp-json\/wp\/v2\/product"}],"about":[{"href":"https:\/\/aromasentia.com\/sv\/wp-json\/wp\/v2\/types\/product"}],"replies":[{"embeddable":true,"href":"https:\/\/aromasentia.com\/sv\/wp-json\/wp\/v2\/comments?post=216815"}],"version-history":[{"count":0,"href":"https:\/\/aromasentia.com\/sv\/wp-json\/wp\/v2\/product\/216815\/revisions"}],"wp:featuredmedia":[{"embeddable":true,"href":"https:\/\/aromasentia.com\/sv\/wp-json\/wp\/v2\/media\/268228"}],"wp:attachment":[{"href":"https:\/\/aromasentia.com\/sv\/wp-json\/wp\/v2\/media?parent=216815"}],"wp:term":[{"taxonomy":"product_brand","embeddable":true,"href":"https:\/\/aromasentia.com\/sv\/wp-json\/wp\/v2\/product_brand?post=216815"},{"taxonomy":"product_cat","embeddable":true,"href":"https:\/\/aromasentia.com\/sv\/wp-json\/wp\/v2\/product_cat?post=216815"},{"taxonomy":"product_tag","embeddable":true,"href":"https:\/\/aromasentia.com\/sv\/wp-json\/wp\/v2\/product_tag?post=216815"}],"curies":[{"name":"wp","href":"https:\/\/api.w.org\/{rel}","templated":true}]}}