{"id":216814,"date":"2025-03-20T15:14:41","date_gmt":"2025-03-20T15:14:41","guid":{"rendered":"https:\/\/aromasentia.com\/product\/citronella-50ml-essential-oil\/"},"modified":"2025-12-31T15:47:22","modified_gmt":"2025-12-31T15:47:22","slug":"citronella-eterisk-olja-50ml","status":"publish","type":"product","link":"https:\/\/aromasentia.com\/sv\/citronella-eterisk-olja-50ml\/","title":{"rendered":"Citronella Eterisk Olja 50ml"},"content":{"rendered":"<p><strong>Latinskt namn:<\/strong> <em>Cymbopogon Winterianus <\/em><\/p>\n<p><strong>Del av v\u00e4xt som anv\u00e4nds: <\/strong><em>Torkat gr\u00e4s <\/em><\/p>\n<p><strong>Ursprung: <\/strong><em>Java<\/em><em>&nbsp;<\/em><\/p>\n<p><strong>Extraktionsmetod: <\/strong>\u00c5ngdestillation <\/p>\n<p>Citronella Eterisk Olja \u00e4r \u00e5ngdestillerad fr\u00e5n bladen och stj\u00e4lkarna fr\u00e5n v\u00e4xtarterna Cymbopogon, s\u00e4rskilt Cymbopogon Winterianus. Citronellaolja \u00e4r k\u00e4nd som ett v\u00e4xtbaserat insektsmedel, ett biobek\u00e4mpningsmedel med ett giftfritt verkningss\u00e4tt, och har registrerats f\u00f6r denna anv\u00e4ndning i USA sedan 1948. De viktigaste l\u00e4nderna som producerar denna olja \u00e4r Indonesien och Kina, som tillsammans tillverkar cirka 40 % av v\u00e4rldens eteriska citronellaolja.&nbsp;<\/p>\n<p>F\u00f6rutom att vara anv\u00e4ndbar som ett insektsmedel f\u00f6r huden, \u00e4r denna olja bra f\u00f6r \u00f6verdriven svettning, oljig hud och h\u00e5r och fungerar som en deodorant. Den s\u00e4gs lindra sm\u00e4rta p\u00e5 grund av reumatism och artrit och bek\u00e4mpa influensa, f\u00f6rkylningar och mindre infektioner. Oljan \u00e4r bra f\u00f6r matsm\u00e4ltningssystemet f\u00f6r att l\u00e4ka kolit, tarminfektioner och bli av med tarmparasiter. Den lindrar mensv\u00e4rk och sm\u00e4rta och p\u00e5skyndar hj\u00e4rtslag. N\u00e4r den anv\u00e4nds i en f\u00f6r\u00e5ngare \u00e4r den k\u00e4nd f\u00f6r att skingra tr\u00f6tthet, huvudv\u00e4rk och neuralgi, samt skapa en st\u00e4mning av gl\u00e4dje och optimism. Undvik anv\u00e4ndning under graviditet och till barn under 3 \u00e5r. Konsumera inte internt.&nbsp;<\/p>\n<p>Forntida kulturer i Indien, Egypten och p\u00e5 andra h\u00e5ll d\u00e4r gr\u00e4sarterna Cymbopogon v\u00e4xte, anv\u00e4nde det som insektsmedel, s\u00e4rskilt mot myggor. P\u00e5 den tiden bosatte sig m\u00e4nniskor n\u00e4ra floder och vattendrag. \u00c4ven om detta var bra p\u00e5 m\u00e5nga s\u00e4tt, innebar det ocks\u00e5 ett \u00f6verfl\u00f6d av insekter som f\u00f6rde med sig sjukdomar och d\u00f6dade m\u00e4nniskor. S\u00e5 anv\u00e4ndandet av detta gr\u00e4s som insektsmedel var livsviktigt p\u00e5 den tiden.<\/p>\n<p><strong><span style=\"color: rgb(84, 172, 210);\">OBS: V\u00e5ra eteriska oljor \u00e4r inte l\u00e4mpliga f\u00f6r internt bruk.<\/span><\/strong><\/p>\n","protected":false},"excerpt":{"rendered":"<p>Latinskt namn: Cymbopogon Winterianus Del av v\u00e4xt som anv\u00e4nds: Torkat gr\u00e4s Ursprung: Java&nbsp; Extraktionsmetod: \u00c5ngdestillation Citronella Eterisk Olja \u00e4r \u00e5ngdestillerad fr\u00e5n bladen och stj\u00e4lkarna fr\u00e5n v\u00e4xtarterna Cymbopogon, s\u00e4rskilt Cymbopogon Winterianus. Citronellaolja \u00e4r k\u00e4nd som ett v\u00e4xtbaserat insektsmedel, ett biobek\u00e4mpningsmedel med ett giftfritt verkningss\u00e4tt, och har registrerats f\u00f6r denna anv\u00e4ndning i USA sedan 1948. De viktigaste [&hellip;]<\/p>\n","protected":false},"featured_media":268219,"comment_status":"closed","ping_status":"open","template":"","meta":{"_angie_page":false},"product_brand":[27091],"product_cat":[11868,26013,26822,25845,13648],"product_tag":[],"class_list":{"0":"post-216814","1":"product","2":"type-product","3":"status-publish","4":"has-post-thumbnail","6":"product_brand-ancient-wisdom","7":"product_cat-aromaterapi-och-rumsdofter","8":"product_cat-citronella","9":"product_cat-citrus","10":"product_cat-dofter-aromer","11":"product_cat-eteriska-oljor","12":"pa_collection-50ml-essential-oil-sv","13":"pa_made-in-vietnam","14":"pa_size-50ml","16":"first","17":"instock","18":"purchasable","19":"product-type-simple"},"supplier_id":null,"supplier_sku":"PrEO-20","barcode":null,"atum_controlled":true,"out_stock_date":null,"out_stock_threshold":null,"inheritable":false,"inbound_stock":null,"stock_on_hold":0,"sold_today":0,"sales_last_days":0,"reserved_stock":null,"customer_returns":null,"warehouse_damage":null,"lost_in_post":null,"other_logs":null,"out_stock_days":0,"lost_sales":0,"has_location":null,"update_date":"2026-04-27T07:18:20","atum_locations":[],"atum_stock_status":"instock","restock_status":false,"low_stock_amount":"","sales_update_date":"2026-01-20T05:14:08","calc_backorders":null,"_links":{"self":[{"href":"https:\/\/aromasentia.com\/sv\/wp-json\/wp\/v2\/product\/216814","targetHints":{"allow":["GET"]}}],"collection":[{"href":"https:\/\/aromasentia.com\/sv\/wp-json\/wp\/v2\/product"}],"about":[{"href":"https:\/\/aromasentia.com\/sv\/wp-json\/wp\/v2\/types\/product"}],"replies":[{"embeddable":true,"href":"https:\/\/aromasentia.com\/sv\/wp-json\/wp\/v2\/comments?post=216814"}],"version-history":[{"count":0,"href":"https:\/\/aromasentia.com\/sv\/wp-json\/wp\/v2\/product\/216814\/revisions"}],"wp:featuredmedia":[{"embeddable":true,"href":"https:\/\/aromasentia.com\/sv\/wp-json\/wp\/v2\/media\/268219"}],"wp:attachment":[{"href":"https:\/\/aromasentia.com\/sv\/wp-json\/wp\/v2\/media?parent=216814"}],"wp:term":[{"taxonomy":"product_brand","embeddable":true,"href":"https:\/\/aromasentia.com\/sv\/wp-json\/wp\/v2\/product_brand?post=216814"},{"taxonomy":"product_cat","embeddable":true,"href":"https:\/\/aromasentia.com\/sv\/wp-json\/wp\/v2\/product_cat?post=216814"},{"taxonomy":"product_tag","embeddable":true,"href":"https:\/\/aromasentia.com\/sv\/wp-json\/wp\/v2\/product_tag?post=216814"}],"curies":[{"name":"wp","href":"https:\/\/api.w.org\/{rel}","templated":true}]}}