{"id":216813,"date":"2025-03-20T15:14:41","date_gmt":"2025-03-20T15:14:41","guid":{"rendered":"https:\/\/aromasentia.com\/product\/chamomile-pure-50ml-essential-oil\/"},"modified":"2025-12-31T15:47:22","modified_gmt":"2025-12-31T15:47:22","slug":"kamomill-ren-eterisk-olja-50ml","status":"publish","type":"product","link":"https:\/\/aromasentia.com\/sv\/kamomill-ren-eterisk-olja-50ml\/","title":{"rendered":"Kamomill Ren Eterisk Olja 50ml"},"content":{"rendered":"<p><strong>Latinskt namn:<\/strong><em>&nbsp;Anthemis Nobilis<\/em>&nbsp;<\/p>\n<p><strong>Del av v\u00e4xt som anv\u00e4nds:<\/strong> <em>Blommor <\/em><\/p>\n<p><strong>Ursprung: <\/strong><em>England <\/em><\/p>\n<p><strong>Extraktionsmetod: <\/strong><em>\u00c5ngdestillation <\/em><\/p>\n<p>Romersk kamomill ger en eterisk olja som \u00e4r ljusbl\u00e5 n\u00e4r den \u00e4r f\u00e4rsk. Den kan extraheras fr\u00e5n blomman och de \u00f6vre delarna av v\u00e4xten. Den har utm\u00e4rkta lugnande egenskaper och s\u00e4gs lindra irritation, ot\u00e5lighet och hj\u00e4lpa mot PMS och andra menstruations- och klimakterieproblem. Romersk kamomill \u00e4r en vintergr\u00f6n med frisk \u00e4ppeldoft och odlas fr\u00e4mst i Frankrike, Belgien och \u00d6steuropa.&nbsp;<\/p>\n<p>Denna \u00f6rt \u00e4r utm\u00e4rkt f\u00f6r hudproblem som akne, eksem, utslag, s\u00e5r, dermatit, torr\/kliande hud och eventuella allergier. Den s\u00e4gs vara bra mot buksm\u00e4rtor, problem med gallbl\u00e5san och halsinfektioner och hj\u00e4lper att lindra allergier, h\u00f6snuva och astma. Kamomill Romersk Eterisk Olja \u00e4r anv\u00e4ndbar i utsp\u00e4dda l\u00f6sningar f\u00f6r att lugna barn som lider av kolik, irritabilitet, diarr&eacute; och tandgenombrott. I en f\u00f6r\u00e5ngare lugnar den huvudv\u00e4rk, nervbesv\u00e4r och migr\u00e4n. \u00c4ven om denna olja \u00e4r skonsam nog f\u00f6r anv\u00e4ndning med barn och sp\u00e4dbarn, r\u00e5dfr\u00e5ga alltid en expert innan du administrerar den.&nbsp;<\/p>\n<p>Den medicinska anv\u00e4ndningen av kamomill g\u00e5r tillbaka tusentals \u00e5r till de gamla egyptierna, romarna och grekerna. Egyptierna till\u00e4gnade den till solguden. Ett papyrusdokument som dateras till 2800 f.Kr. registrerar anv\u00e4ndningen av kamomill f\u00f6r att behandla hudsjukdomar. Kamomillolja anv\u00e4ndes f\u00f6r att balsamera kroppar. Hippokrates, den store grekiske l\u00e4karen, s\u00e4gs ha anv\u00e4nt kamomill som ett \u00f6rtmedicin. I mytologin \u00e4r kamomill en av de nio heliga \u00f6rter som Wodan, underjordens gud, ger till d\u00f6dliga f\u00f6r att f\u00f6rb\u00e4ttra deras liv.&nbsp;<\/p>\n<p><strong><span style=\"color: rgb(84, 172, 210);\">OBS: V\u00e5ra eteriska oljor \u00e4r inte l\u00e4mpliga f\u00f6r internt bruk.<\/span><\/strong><\/p>\n","protected":false},"excerpt":{"rendered":"<p>Latinskt namn:&nbsp;Anthemis Nobilis&nbsp; Del av v\u00e4xt som anv\u00e4nds: Blommor Ursprung: England Extraktionsmetod: \u00c5ngdestillation Romersk kamomill ger en eterisk olja som \u00e4r ljusbl\u00e5 n\u00e4r den \u00e4r f\u00e4rsk. Den kan extraheras fr\u00e5n blomman och de \u00f6vre delarna av v\u00e4xten. Den har utm\u00e4rkta lugnande egenskaper och s\u00e4gs lindra irritation, ot\u00e5lighet och hj\u00e4lpa mot PMS och andra menstruations- och [&hellip;]<\/p>\n","protected":false},"featured_media":268210,"comment_status":"closed","ping_status":"open","template":"","meta":{"_angie_page":false},"product_brand":[27091],"product_cat":[11868,26836,25845,13648,26011],"product_tag":[],"class_list":{"0":"post-216813","1":"product","2":"type-product","3":"status-publish","4":"has-post-thumbnail","6":"product_brand-ancient-wisdom","7":"product_cat-aromaterapi-och-rumsdofter","8":"product_cat-blommig","9":"product_cat-dofter-aromer","10":"product_cat-eteriska-oljor","11":"product_cat-romersk-kamomill","12":"pa_collection-50ml-essential-oil-sv","13":"pa_made-in-chile","14":"pa_size-50ml","16":"first","17":"instock","18":"purchasable","19":"product-type-simple"},"supplier_id":null,"supplier_sku":"PrEO-19","barcode":null,"atum_controlled":true,"out_stock_date":null,"out_stock_threshold":null,"inheritable":false,"inbound_stock":null,"stock_on_hold":0,"sold_today":0,"sales_last_days":0,"reserved_stock":null,"customer_returns":null,"warehouse_damage":null,"lost_in_post":null,"other_logs":null,"out_stock_days":0,"lost_sales":0,"has_location":null,"update_date":"2026-04-27T07:18:20","atum_locations":[],"atum_stock_status":"instock","restock_status":false,"low_stock_amount":"","sales_update_date":"2026-01-30T01:26:05","calc_backorders":null,"_links":{"self":[{"href":"https:\/\/aromasentia.com\/sv\/wp-json\/wp\/v2\/product\/216813","targetHints":{"allow":["GET"]}}],"collection":[{"href":"https:\/\/aromasentia.com\/sv\/wp-json\/wp\/v2\/product"}],"about":[{"href":"https:\/\/aromasentia.com\/sv\/wp-json\/wp\/v2\/types\/product"}],"replies":[{"embeddable":true,"href":"https:\/\/aromasentia.com\/sv\/wp-json\/wp\/v2\/comments?post=216813"}],"version-history":[{"count":0,"href":"https:\/\/aromasentia.com\/sv\/wp-json\/wp\/v2\/product\/216813\/revisions"}],"wp:featuredmedia":[{"embeddable":true,"href":"https:\/\/aromasentia.com\/sv\/wp-json\/wp\/v2\/media\/268210"}],"wp:attachment":[{"href":"https:\/\/aromasentia.com\/sv\/wp-json\/wp\/v2\/media?parent=216813"}],"wp:term":[{"taxonomy":"product_brand","embeddable":true,"href":"https:\/\/aromasentia.com\/sv\/wp-json\/wp\/v2\/product_brand?post=216813"},{"taxonomy":"product_cat","embeddable":true,"href":"https:\/\/aromasentia.com\/sv\/wp-json\/wp\/v2\/product_cat?post=216813"},{"taxonomy":"product_tag","embeddable":true,"href":"https:\/\/aromasentia.com\/sv\/wp-json\/wp\/v2\/product_tag?post=216813"}],"curies":[{"name":"wp","href":"https:\/\/api.w.org\/{rel}","templated":true}]}}