{"id":216805,"date":"2025-03-20T15:15:03","date_gmt":"2025-03-20T15:15:03","guid":{"rendered":"https:\/\/aromasentia.com\/product\/rosewood-50ml-essential-oil\/"},"modified":"2025-12-31T15:47:15","modified_gmt":"2025-12-31T15:47:15","slug":"rosentra-eterisk-olja-50ml","status":"publish","type":"product","link":"https:\/\/aromasentia.com\/sv\/rosentra-eterisk-olja-50ml\/","title":{"rendered":"Rosentr\u00e4 Eterisk Olja 50ml"},"content":{"rendered":"<p><strong>Latinskt namn: <\/strong><em>Aniba Rosaeodora <\/em><\/p>\n<p><strong>Del av v\u00e4xt som anv\u00e4nd<\/strong><strong>s: <\/strong><em>Tr\u00e4 <\/em><\/p>\n<p><strong>Ursprung: <\/strong><em>Brasilien <\/em><\/p>\n<p><strong>Extraktionsmetod:<\/strong> <em>\u00c5ngdestillation <\/em><\/p>\n<p>H\u00e4lsof\u00f6rdelarna med Grossist Rosentr\u00e4 Eterisk Olja kan tillskrivas dess egenskaper som en sm\u00e4rtstillande, antidepressiv, antiseptisk, afrodisiakum-, antibakteriell, kefalisk, deodorant, insekticid och stimulerande substans. Den utvinns fr\u00e5n palisandertr\u00e4det.&nbsp;<\/p>\n<p>Rosentr\u00e4 Eterisk Olja kan ta bort din depression och f\u00e5 dig att le p\u00e5 n\u00e5gra minuter. Den milda, s\u00f6ta, kryddiga och blommiga aromen av denna olja g\u00f6r susen, och \u00e4r d\u00e4rf\u00f6r gynnad av aromaterapispecialister. Den driver bort sorg och besvikelse och f\u00f6rbereder dig f\u00f6r att ta dig an livet med ett nytt och positivt perspektiv. Den kan vara v\u00e4ldigt bra f\u00f6r dem som nyligen misslyckats eller k\u00e4nner sig nere, oavsett om det g\u00e4ller akademiker, professionella situationer eller relationer.&nbsp;<\/p>\n<p>\u00c4ven om den inte \u00e4r stark, fungerar denna olja som ett milt sm\u00e4rtstillande och kan ge dig lindring fr\u00e5n l\u00e4tt huvudv\u00e4rk, tandv\u00e4rk och sm\u00e4rta i muskler och leder. Denna olja kan h\u00e5lla din hj\u00e4rna aktiv, skarp och alert och kan ocks\u00e5 ta bort huvudv\u00e4rk. Detta kommer ocks\u00e5 att f\u00f6rb\u00e4ttra ditt minne och hj\u00e4lpa till att skydda dig fr\u00e5n neurotiska st\u00f6rningar.&nbsp;<\/p>\n<p>Denna olja har insekticida egenskaper och kan d\u00f6da sm\u00e5 insekter som myggor, l\u00f6ss, v\u00e4ggl\u00f6ss, loppor och myror. Du kan ocks\u00e5 anv\u00e4nda den i f\u00f6r\u00e5ngare, sprayer, rumsfr\u00e4schare och golvtv\u00e4ttar. Om den gnuggas p\u00e5 huden h\u00e5ller den borta myggor ocks\u00e5.&nbsp;<\/p>\n<p><strong><span style=\"color: rgb(84, 172, 210);\">OBS: V\u00e5ra eteriska oljor \u00e4r inte l\u00e4mpliga f\u00f6r internt bruk.<\/span><\/strong><\/p>\n","protected":false},"excerpt":{"rendered":"<p>Latinskt namn: Aniba Rosaeodora Del av v\u00e4xt som anv\u00e4nds: Tr\u00e4 Ursprung: Brasilien Extraktionsmetod: \u00c5ngdestillation H\u00e4lsof\u00f6rdelarna med Grossist Rosentr\u00e4 Eterisk Olja kan tillskrivas dess egenskaper som en sm\u00e4rtstillande, antidepressiv, antiseptisk, afrodisiakum-, antibakteriell, kefalisk, deodorant, insekticid och stimulerande substans. Den utvinns fr\u00e5n palisandertr\u00e4det.&nbsp; Rosentr\u00e4 Eterisk Olja kan ta bort din depression och f\u00e5 dig att le p\u00e5 [&hellip;]<\/p>\n","protected":false},"featured_media":268372,"comment_status":"closed","ping_status":"open","template":"","meta":{"_angie_page":false},"product_brand":[27091],"product_cat":[11868,25845,13648,26061,26899],"product_tag":[],"class_list":{"0":"post-216805","1":"product","2":"type-product","3":"status-publish","4":"has-post-thumbnail","6":"product_brand-ancient-wisdom","7":"product_cat-aromaterapi-och-rumsdofter","8":"product_cat-dofter-aromer","9":"product_cat-eteriska-oljor","10":"product_cat-rosentra","11":"product_cat-traig","12":"pa_collection-50ml-essential-oil-sv","13":"pa_made-in-indien","14":"pa_size-50ml","16":"first","17":"instock","18":"purchasable","19":"product-type-simple"},"supplier_id":null,"supplier_sku":"PrEO-39","barcode":null,"atum_controlled":true,"out_stock_date":null,"out_stock_threshold":null,"inheritable":false,"inbound_stock":null,"stock_on_hold":0,"sold_today":0,"sales_last_days":0,"reserved_stock":null,"customer_returns":null,"warehouse_damage":null,"lost_in_post":null,"other_logs":null,"out_stock_days":0,"lost_sales":0,"has_location":null,"update_date":"2026-04-29T13:03:07","atum_locations":[],"atum_stock_status":"instock","restock_status":false,"low_stock_amount":"","sales_update_date":"2025-09-05T00:18:07","calc_backorders":null,"_links":{"self":[{"href":"https:\/\/aromasentia.com\/sv\/wp-json\/wp\/v2\/product\/216805","targetHints":{"allow":["GET"]}}],"collection":[{"href":"https:\/\/aromasentia.com\/sv\/wp-json\/wp\/v2\/product"}],"about":[{"href":"https:\/\/aromasentia.com\/sv\/wp-json\/wp\/v2\/types\/product"}],"replies":[{"embeddable":true,"href":"https:\/\/aromasentia.com\/sv\/wp-json\/wp\/v2\/comments?post=216805"}],"version-history":[{"count":0,"href":"https:\/\/aromasentia.com\/sv\/wp-json\/wp\/v2\/product\/216805\/revisions"}],"wp:featuredmedia":[{"embeddable":true,"href":"https:\/\/aromasentia.com\/sv\/wp-json\/wp\/v2\/media\/268372"}],"wp:attachment":[{"href":"https:\/\/aromasentia.com\/sv\/wp-json\/wp\/v2\/media?parent=216805"}],"wp:term":[{"taxonomy":"product_brand","embeddable":true,"href":"https:\/\/aromasentia.com\/sv\/wp-json\/wp\/v2\/product_brand?post=216805"},{"taxonomy":"product_cat","embeddable":true,"href":"https:\/\/aromasentia.com\/sv\/wp-json\/wp\/v2\/product_cat?post=216805"},{"taxonomy":"product_tag","embeddable":true,"href":"https:\/\/aromasentia.com\/sv\/wp-json\/wp\/v2\/product_tag?post=216805"}],"curies":[{"name":"wp","href":"https:\/\/api.w.org\/{rel}","templated":true}]}}