{"id":216802,"date":"2025-03-20T15:15:03","date_gmt":"2025-03-20T15:15:03","guid":{"rendered":"https:\/\/aromasentia.com\/product\/orange-50ml-essential-oil\/"},"modified":"2025-12-31T15:47:15","modified_gmt":"2025-12-31T15:47:15","slug":"apelsin-eterisk-olja-50ml","status":"publish","type":"product","link":"https:\/\/aromasentia.com\/sv\/apelsin-eterisk-olja-50ml\/","title":{"rendered":"Apelsin Eterisk Olja 50ml"},"content":{"rendered":"<p><strong>Latinskt namn:&nbsp;<\/strong><em>Citrus Sinensis&nbsp;<\/em><\/p>\n<p><strong>Del av v\u00e4xt som anv\u00e4nds:&nbsp;<\/strong><em>Fruktskal&nbsp;<\/em><\/p>\n<p><strong>Ursprung:<\/strong> <em>Brasilien&nbsp;<\/em><\/p>\n<p><strong>Extraktionsmetod:&nbsp;<\/strong><em>Kallpressning<\/em><\/p>\n<p>Apelsinoljans f\u00f6rm\u00e5ga att naturligt f\u00f6rb\u00e4ttra immunf\u00f6rsvaret och minska flera symtom p\u00e5 olika \u00e5kommor har lett till dess anv\u00e4ndning inom traditionella medicinska till\u00e4mpningar f\u00f6r behandling av akne, kronisk stress och andra h\u00e4lsoproblem.&nbsp;<\/p>\n<p>Apelsin Eterisk Olja, som \u00e4r popul\u00e4r inom aromaterapi, har en behaglig doft med en gl\u00e4djande och upplyftande men samtidigt avslappnande och lugnande effekt som hj\u00e4lper till att minska pulsen. F\u00f6rutom att den kan skapa en varm milj\u00f6 har den ocks\u00e5 f\u00f6rm\u00e5gan att stimulera styrkan och motst\u00e5ndskraften hos immunf\u00f6rsvaret och eliminera luftburna bakterier.&nbsp;<\/p>\n<p>Apelsinoljan \u00e4r k\u00e4nd f\u00f6r att \u00f6ka blodfl\u00f6det n\u00e4r den appliceras vid en massage. Detta kan i sin tur lindra obehag i samband med inflammation, huvudv\u00e4rk, menstruation och l\u00e5g libido.&nbsp;<\/p>\n<p>Apelsin Eterisk Olja minskar incidenterna av sm\u00e4rtsamma och reflexm\u00e4ssiga muskelsammandragningar. Den anv\u00e4nds traditionellt vid massage f\u00f6r att lindra stress, buksm\u00e4rtor, diarr&eacute;, f\u00f6rstoppning, matsm\u00e4ltningsbesv\u00e4r eller felaktig matsm\u00e4ltning och t\u00e4ppa i n\u00e4san.&nbsp;<\/p>\n<p><strong><span style=\"color: rgb(84, 172, 210);\">OBS: V\u00e5ra eteriska oljor \u00e4r inte l\u00e4mpliga f\u00f6r internt bruk.<\/span><\/strong><\/p>\n","protected":false},"excerpt":{"rendered":"<p>Latinskt namn:&nbsp;Citrus Sinensis&nbsp; Del av v\u00e4xt som anv\u00e4nds:&nbsp;Fruktskal&nbsp; Ursprung: Brasilien&nbsp; Extraktionsmetod:&nbsp;Kallpressning Apelsinoljans f\u00f6rm\u00e5ga att naturligt f\u00f6rb\u00e4ttra immunf\u00f6rsvaret och minska flera symtom p\u00e5 olika \u00e5kommor har lett till dess anv\u00e4ndning inom traditionella medicinska till\u00e4mpningar f\u00f6r behandling av akne, kronisk stress och andra h\u00e4lsoproblem.&nbsp; Apelsin Eterisk Olja, som \u00e4r popul\u00e4r inom aromaterapi, har en behaglig doft med [&hellip;]<\/p>\n","protected":false},"featured_media":268345,"comment_status":"closed","ping_status":"open","template":"","meta":{"_angie_page":false},"product_brand":[27091],"product_cat":[26047,11868,26822,25845,13648],"product_tag":[],"class_list":{"0":"post-216802","1":"product","2":"type-product","3":"status-publish","4":"has-post-thumbnail","6":"product_brand-ancient-wisdom","7":"product_cat-apelsin","8":"product_cat-aromaterapi-och-rumsdofter","9":"product_cat-citrus","10":"product_cat-dofter-aromer","11":"product_cat-eteriska-oljor","12":"pa_collection-50ml-essential-oil-sv","13":"pa_made-in-brasilien","14":"pa_size-50ml","16":"first","17":"instock","18":"purchasable","19":"product-type-simple"},"supplier_id":null,"supplier_sku":"PrEO-35","barcode":null,"atum_controlled":true,"out_stock_date":null,"out_stock_threshold":null,"inheritable":false,"inbound_stock":null,"stock_on_hold":0,"sold_today":0,"sales_last_days":0,"reserved_stock":null,"customer_returns":null,"warehouse_damage":null,"lost_in_post":null,"other_logs":null,"out_stock_days":0,"lost_sales":0,"has_location":null,"update_date":"2026-04-27T07:18:25","atum_locations":[],"atum_stock_status":"instock","restock_status":false,"low_stock_amount":"","sales_update_date":"2026-01-30T01:26:15","calc_backorders":null,"_links":{"self":[{"href":"https:\/\/aromasentia.com\/sv\/wp-json\/wp\/v2\/product\/216802","targetHints":{"allow":["GET"]}}],"collection":[{"href":"https:\/\/aromasentia.com\/sv\/wp-json\/wp\/v2\/product"}],"about":[{"href":"https:\/\/aromasentia.com\/sv\/wp-json\/wp\/v2\/types\/product"}],"replies":[{"embeddable":true,"href":"https:\/\/aromasentia.com\/sv\/wp-json\/wp\/v2\/comments?post=216802"}],"version-history":[{"count":0,"href":"https:\/\/aromasentia.com\/sv\/wp-json\/wp\/v2\/product\/216802\/revisions"}],"wp:featuredmedia":[{"embeddable":true,"href":"https:\/\/aromasentia.com\/sv\/wp-json\/wp\/v2\/media\/268345"}],"wp:attachment":[{"href":"https:\/\/aromasentia.com\/sv\/wp-json\/wp\/v2\/media?parent=216802"}],"wp:term":[{"taxonomy":"product_brand","embeddable":true,"href":"https:\/\/aromasentia.com\/sv\/wp-json\/wp\/v2\/product_brand?post=216802"},{"taxonomy":"product_cat","embeddable":true,"href":"https:\/\/aromasentia.com\/sv\/wp-json\/wp\/v2\/product_cat?post=216802"},{"taxonomy":"product_tag","embeddable":true,"href":"https:\/\/aromasentia.com\/sv\/wp-json\/wp\/v2\/product_tag?post=216802"}],"curies":[{"name":"wp","href":"https:\/\/api.w.org\/{rel}","templated":true}]}}