{"id":216800,"date":"2025-03-20T15:15:03","date_gmt":"2025-03-20T15:15:03","guid":{"rendered":"https:\/\/aromasentia.com\/product\/neroli-dilute-50ml-essential-oil\/"},"modified":"2025-12-31T15:47:15","modified_gmt":"2025-12-31T15:47:15","slug":"neroli-utspadd-eterisk-olja-50ml","status":"publish","type":"product","link":"https:\/\/aromasentia.com\/sv\/neroli-utspadd-eterisk-olja-50ml\/","title":{"rendered":"Neroli Utsp\u00e4dd Eterisk Olja 50ml"},"content":{"rendered":"<p><strong>Latinskt namn:&nbsp;<\/strong><em>Citrus Aurantium&nbsp;<\/em><\/p>\n<p><strong>Del av v\u00e4xt som anv\u00e4nds:&nbsp;<\/strong><em>Blommor&nbsp;<\/em><\/p>\n<p><strong>Ursprung:<\/strong> <em>Tunisien&nbsp;<\/em><\/p>\n<p><strong>Extraktionsmetod:<\/strong> <em>\u00c5ngdestillation&nbsp;<\/em><\/p>\n<p><strong>5% utsp\u00e4dning i druvk\u00e4rneolja&nbsp;<\/strong><\/p>\n<p>Neroli Eterisk Olja framst\u00e4lls av blommorna fr\u00e5n det bittra apelsintr\u00e4det (Citrus Aurantium var. Amara), \u00e4ven k\u00e4nd som Neroli bigarade, och luktar som bergamott. Blommorna plockas f\u00f6r hand och oljan produceras genom vattendestillation eftersom blommorna \u00e4r f\u00f6r \u00f6mt\u00e5liga f\u00f6r \u00e5ngdestillering. Detta \u00e4r en av de mest popul\u00e4ra eteriska oljorna f\u00f6r sin underbara doft, s\u00e5v\u00e4l som dess terapeutiska egenskaper.&nbsp;<\/p>\n<p>Neroliolja \u00e4r v\u00e4ldigt lugnande och s\u00e4gs lindra kronisk \u00e5ngest, depression, r\u00e4dsla, chock och stress. Den tros ocks\u00e5 lugna tarmspasmer, kolit och diarr&eacute;. P\u00e5 grund av sin lugnande egenskap \u00e4r den bra f\u00f6r s\u00f6mnl\u00f6shet, personer med hj\u00e4rtklappning, neuralgi och svindel. Det kan vara bra att v\u00e4rma lite olja i en oljebr\u00e4nnare i ett konvalescentrum. P\u00e5 huden s\u00e4gs Neroliolja hj\u00e4lpa till att regenerera hudceller och \u00e4r anv\u00e4ndbar f\u00f6r att f\u00f6rhindra ful \u00e4rrv\u00e4vnad, fr\u00e4mja sl\u00e4tare hud, bek\u00e4mpa bristningar och trasiga kapill\u00e4rer.&nbsp;<\/p>\n<p>Neroliolja tros ha anv\u00e4nts av romarna. \u00c5r 1680 anv\u00e4nde Anna Maria Orsini, prinsessan av Nerola, essensen av det bittra apelsintr\u00e4det f\u00f6r att parfymera sina handskar och sitt bad, och skapade d\u00e4rigenom en ny modedoft. Fr\u00e5n denna tidpunkt blev den eteriska oljan k\u00e4nd som Neroli efter henne. Folksagor s\u00e4ger att dessa apelsinblommor anv\u00e4ndes f\u00f6r att dekorera bruds\u00e4ngar f\u00f6r att hj\u00e4lpa nygifta par att koppla av i s\u00e4ngen. Oljan \u00e4r dyr att producera och mycket omsorg tas, eftersom blommorna m\u00e5ste plockas precis n\u00e4r de blommar.&nbsp;<\/p>\n<p><strong><span style=\"color: rgb(84, 172, 210);\">OBS: V\u00e5ra eteriska oljor \u00e4r inte l\u00e4mpliga f\u00f6r internt bruk.<\/span><\/strong><\/p>\n","protected":false},"excerpt":{"rendered":"<p>Latinskt namn:&nbsp;Citrus Aurantium&nbsp; Del av v\u00e4xt som anv\u00e4nds:&nbsp;Blommor&nbsp; Ursprung: Tunisien&nbsp; Extraktionsmetod: \u00c5ngdestillation&nbsp; 5% utsp\u00e4dning i druvk\u00e4rneolja&nbsp; Neroli Eterisk Olja framst\u00e4lls av blommorna fr\u00e5n det bittra apelsintr\u00e4det (Citrus Aurantium var. Amara), \u00e4ven k\u00e4nd som Neroli bigarade, och luktar som bergamott. Blommorna plockas f\u00f6r hand och oljan produceras genom vattendestillation eftersom blommorna \u00e4r f\u00f6r \u00f6mt\u00e5liga f\u00f6r \u00e5ngdestillering. [&hellip;]<\/p>\n","protected":false},"featured_media":268327,"comment_status":"closed","ping_status":"open","template":"","meta":{"_angie_page":false},"product_brand":[27091],"product_cat":[11868,26836,25845,13648,26044],"product_tag":[],"class_list":{"0":"post-216800","1":"product","2":"type-product","3":"status-publish","4":"has-post-thumbnail","6":"product_brand-ancient-wisdom","7":"product_cat-aromaterapi-och-rumsdofter","8":"product_cat-blommig","9":"product_cat-dofter-aromer","10":"product_cat-eteriska-oljor","11":"product_cat-neroli","12":"pa_collection-50ml-essential-oil-sv","13":"pa_made-in-tunisien","14":"pa_size-50ml","16":"first","17":"instock","18":"purchasable","19":"product-type-simple"},"supplier_id":null,"supplier_sku":"PrEO-32","barcode":null,"atum_controlled":true,"out_stock_date":null,"out_stock_threshold":null,"inheritable":false,"inbound_stock":null,"stock_on_hold":0,"sold_today":0,"sales_last_days":0,"reserved_stock":null,"customer_returns":null,"warehouse_damage":null,"lost_in_post":null,"other_logs":null,"out_stock_days":0,"lost_sales":0,"has_location":null,"update_date":"2026-04-27T07:18:25","atum_locations":[],"atum_stock_status":"instock","restock_status":false,"low_stock_amount":"","sales_update_date":"2026-02-06T00:02:21","calc_backorders":null,"_links":{"self":[{"href":"https:\/\/aromasentia.com\/sv\/wp-json\/wp\/v2\/product\/216800","targetHints":{"allow":["GET"]}}],"collection":[{"href":"https:\/\/aromasentia.com\/sv\/wp-json\/wp\/v2\/product"}],"about":[{"href":"https:\/\/aromasentia.com\/sv\/wp-json\/wp\/v2\/types\/product"}],"replies":[{"embeddable":true,"href":"https:\/\/aromasentia.com\/sv\/wp-json\/wp\/v2\/comments?post=216800"}],"version-history":[{"count":0,"href":"https:\/\/aromasentia.com\/sv\/wp-json\/wp\/v2\/product\/216800\/revisions"}],"wp:featuredmedia":[{"embeddable":true,"href":"https:\/\/aromasentia.com\/sv\/wp-json\/wp\/v2\/media\/268327"}],"wp:attachment":[{"href":"https:\/\/aromasentia.com\/sv\/wp-json\/wp\/v2\/media?parent=216800"}],"wp:term":[{"taxonomy":"product_brand","embeddable":true,"href":"https:\/\/aromasentia.com\/sv\/wp-json\/wp\/v2\/product_brand?post=216800"},{"taxonomy":"product_cat","embeddable":true,"href":"https:\/\/aromasentia.com\/sv\/wp-json\/wp\/v2\/product_cat?post=216800"},{"taxonomy":"product_tag","embeddable":true,"href":"https:\/\/aromasentia.com\/sv\/wp-json\/wp\/v2\/product_tag?post=216800"}],"curies":[{"name":"wp","href":"https:\/\/api.w.org\/{rel}","templated":true}]}}