{"id":216799,"date":"2025-03-20T15:15:03","date_gmt":"2025-03-20T15:15:03","guid":{"rendered":"https:\/\/aromasentia.com\/product\/marjoram-50ml-essential-oil\/"},"modified":"2025-12-31T15:47:15","modified_gmt":"2025-12-31T15:47:15","slug":"mejram-eterisk-olja-50ml","status":"publish","type":"product","link":"https:\/\/aromasentia.com\/sv\/mejram-eterisk-olja-50ml\/","title":{"rendered":"Mejram Eterisk Olja 50ml"},"content":{"rendered":"<p><strong>Latinskt namn:<\/strong> <em>Thymus Mastichina<\/em><\/p>\n<p><strong>Del av v\u00e4xt som anv\u00e4nds:&nbsp;<\/strong><em>Blad och blommande toppar<\/em><\/p>\n<p><strong>Ursprung:&nbsp;<\/strong><em>Spanien<\/em><\/p>\n<p><strong>Extraktionsmetod:&nbsp;<\/strong><em>\u00c5ngdestillation<\/em><\/p>\n<p>Mejram Eterisk Olja \u00e4r \u00e5ngdestillerad fr\u00e5n Thymus Mastichina-v\u00e4xten, som har en h\u00e5rig stam, ovala l\u00f6v och sm\u00e5 vita blommor i kluster. Hela v\u00e4xten utstr\u00e5lar en stark arom. Denna v\u00e4xt \u00e4r faktiskt vildv\u00e4xande timjan, men \u00e4r k\u00e4nd som spansk vildmejram. Den tillh\u00f6r familjen lamiaceae i Spanien och \u00e4r inte detsamma som s\u00f6t eller fransk mejram; inte heller oregano, som ocks\u00e5 kallas vild mejram.<\/p>\n<p>Denna olja s\u00e4gs vara mer effektiv \u00e4n den av s\u00f6t mejram n\u00e4r den anv\u00e4nds som sleml\u00f6sande medel f\u00f6r luftv\u00e4gsinfektioner och spasmer, eftersom den har antiseptiska egenskaper f\u00f6r de \u00f6vre luftv\u00e4garna, men \u00e4r inte ett muskelavslappnande eller lugnande medel, som s\u00f6t mejram \u00e4r. &nbsp;Spansk mejramolja anv\u00e4nds ofta i aromaterapi och blandar sig v\u00e4l med lavendel- och bergamottoljor f\u00f6r att skapa en avkopplande milj\u00f6. N\u00e4r den anv\u00e4nds i en oljebr\u00e4nnare eller i en massageolja s\u00e4gs det att denna \u00f6rt lugnar nerverna, och bek\u00e4mpa ensamhet och avst\u00f6tning. &nbsp;Den hj\u00e4lper ocks\u00e5 med matsm\u00e4ltningen.&nbsp;<\/p>\n<p>Spansk vild mejram \u00e4r k\u00e4nd f\u00f6r att ha anv\u00e4nts av \u00f6rtl\u00e4kare sedan antikens Grekland. Forntida greker och romare kr\u00f6nte brudpar med kransar av mejram f\u00f6r att symbolisera k\u00e4rlek, \u00e4ra och lycka. Mejramte med honung anv\u00e4ndes av s\u00e5ngare f\u00f6r att bevara sina r\u00f6ster.&nbsp;<\/p>\n<p><strong><span style=\"color: rgb(84, 172, 210);\">OBS: V\u00e5ra eteriska oljor \u00e4r inte l\u00e4mpliga f\u00f6r internt bruk.<\/span><\/strong><\/p>\n","protected":false},"excerpt":{"rendered":"<p>Latinskt namn: Thymus Mastichina Del av v\u00e4xt som anv\u00e4nds:&nbsp;Blad och blommande toppar Ursprung:&nbsp;Spanien Extraktionsmetod:&nbsp;\u00c5ngdestillation Mejram Eterisk Olja \u00e4r \u00e5ngdestillerad fr\u00e5n Thymus Mastichina-v\u00e4xten, som har en h\u00e5rig stam, ovala l\u00f6v och sm\u00e5 vita blommor i kluster. Hela v\u00e4xten utstr\u00e5lar en stark arom. Denna v\u00e4xt \u00e4r faktiskt vildv\u00e4xande timjan, men \u00e4r k\u00e4nd som spansk vildmejram. Den tillh\u00f6r [&hellip;]<\/p>\n","protected":false},"featured_media":268318,"comment_status":"closed","ping_status":"open","template":"","meta":{"_angie_page":false},"product_brand":[27091],"product_cat":[11868,25845,13648,26864,26039],"product_tag":[],"class_list":{"0":"post-216799","1":"product","2":"type-product","3":"status-publish","4":"has-post-thumbnail","6":"product_brand-ancient-wisdom","7":"product_cat-aromaterapi-och-rumsdofter","8":"product_cat-dofter-aromer","9":"product_cat-eteriska-oljor","10":"product_cat-ort-aromatisk","11":"product_cat-spansk-mejram","12":"pa_collection-50ml-essential-oil-sv","13":"pa_made-in-spanien","14":"pa_size-50ml","16":"first","17":"instock","18":"purchasable","19":"product-type-simple"},"supplier_id":null,"supplier_sku":"PrEO-31","barcode":null,"atum_controlled":true,"out_stock_date":null,"out_stock_threshold":null,"inheritable":false,"inbound_stock":0,"stock_on_hold":0,"sold_today":0,"sales_last_days":0,"reserved_stock":0,"customer_returns":0,"warehouse_damage":0,"lost_in_post":0,"other_logs":0,"out_stock_days":0,"lost_sales":0,"has_location":false,"update_date":"2026-05-08T05:16:51","atum_locations":[],"atum_stock_status":"instock","restock_status":false,"low_stock_amount":"","sales_update_date":"2026-01-20T05:13:35","calc_backorders":null,"_links":{"self":[{"href":"https:\/\/aromasentia.com\/sv\/wp-json\/wp\/v2\/product\/216799","targetHints":{"allow":["GET"]}}],"collection":[{"href":"https:\/\/aromasentia.com\/sv\/wp-json\/wp\/v2\/product"}],"about":[{"href":"https:\/\/aromasentia.com\/sv\/wp-json\/wp\/v2\/types\/product"}],"replies":[{"embeddable":true,"href":"https:\/\/aromasentia.com\/sv\/wp-json\/wp\/v2\/comments?post=216799"}],"version-history":[{"count":0,"href":"https:\/\/aromasentia.com\/sv\/wp-json\/wp\/v2\/product\/216799\/revisions"}],"wp:featuredmedia":[{"embeddable":true,"href":"https:\/\/aromasentia.com\/sv\/wp-json\/wp\/v2\/media\/268318"}],"wp:attachment":[{"href":"https:\/\/aromasentia.com\/sv\/wp-json\/wp\/v2\/media?parent=216799"}],"wp:term":[{"taxonomy":"product_brand","embeddable":true,"href":"https:\/\/aromasentia.com\/sv\/wp-json\/wp\/v2\/product_brand?post=216799"},{"taxonomy":"product_cat","embeddable":true,"href":"https:\/\/aromasentia.com\/sv\/wp-json\/wp\/v2\/product_cat?post=216799"},{"taxonomy":"product_tag","embeddable":true,"href":"https:\/\/aromasentia.com\/sv\/wp-json\/wp\/v2\/product_tag?post=216799"}],"curies":[{"name":"wp","href":"https:\/\/api.w.org\/{rel}","templated":true}]}}