{"id":216798,"date":"2025-03-20T15:15:03","date_gmt":"2025-03-20T15:15:03","guid":{"rendered":"https:\/\/aromasentia.com\/product\/mandarin-50ml-essential-oil\/"},"modified":"2025-12-31T15:47:15","modified_gmt":"2025-12-31T15:47:15","slug":"mandarin-eterisk-olja-50ml-2","status":"publish","type":"product","link":"https:\/\/aromasentia.com\/sv\/mandarin-eterisk-olja-50ml-2\/","title":{"rendered":"Mandarin Eterisk Olja 50ml"},"content":{"rendered":"<p><strong>Latinskt namn<\/strong>: C<em>itrus Nobilis<\/em><\/p>\n<p><strong>Del av v\u00e4xt som anv\u00e4nds<\/strong>: <em>Fruktskal<\/em><\/p>\n<p><strong>Ursprung:&nbsp;<\/strong><em>Italien<\/em><\/p>\n<p><strong>Extraktionsmetod<\/strong>: <em>Kallpressning<\/em><\/p>\n<p>Mandarin Eterisk Olja erh\u00e5lls fr\u00e5n Citrus Nobilis genom kallpressning av skalet. Mandarin-Petitgrainolja extraheras ocks\u00e5 i sm\u00e5 m\u00e4ngder genom \u00e5ngdestillation av l\u00f6v och kvistar. &nbsp;Oljan \u00e4r gyllenegul-orange och har doften av en f\u00e4rsk apelsin. En hel grupp citrusfrukter tillh\u00f6r gruppen av mandarinapelsiner, inklusive Satsuma, Clementine, Dancy, Honey and &nbsp;Pixie.<\/p>\n<p>Denna olja \u00e4r mycket mild och man tror d\u00e4rf\u00f6r att den kan anv\u00e4ndas f\u00f6r att behandla \u00e4ven barn och gravida kvinnor; en av f\u00e5 oljor som kan anv\u00e4ndas p\u00e5 detta s\u00e4tt. Oljan har en stimulerande effekt p\u00e5 b\u00e5de mage och lever och \u00e4r d\u00e4rf\u00f6r till hj\u00e4lp vid matsm\u00e4ltningsbesv\u00e4r. Mandarinolja \u00e4r ocks\u00e5 anv\u00e4ndbar f\u00f6r behandling av akne, fet hud och fl\u00e4ckar. Den tros kunna lindra problem som v\u00e4tskeretention och fetma ocks\u00e5. Oljan, utsp\u00e4dd cirka 1-2% i en b\u00e4rarolja, masseras f\u00f6rsiktigt p\u00e5 ett barns mage f\u00f6r att lindra magont. N\u00e5gra droppar i badet lugnar hyperaktiva barn. N\u00e4r den anv\u00e4nds i en oljebr\u00e4nnare, kan den skingra depression och lindra \u00e5ngest.<\/p>\n<p>Frukten kallas just &#39;mandarinapelsiner&#39;, eftersom de traditionellt erbj\u00f6ds som g\u00e5vor till mandarinerna i Kina. I Frankrike anses mandarinen vara ett s\u00e4kert botemedel f\u00f6r att behandla matsm\u00e4ltningsbesv\u00e4r hos barn och f\u00f6r \u00e4ldre, eftersom den s\u00e4gs hj\u00e4lpa till att st\u00e4rka matsm\u00e4ltningssystemet och levern. Mandarinen kommer fr\u00e5n Kina och Fj\u00e4rran \u00d6stern, och f\u00f6rdes till Europa 1805 och till Amerika 1845.<\/p>\n<p><strong><span style=\"color: rgb(84, 172, 210);\">OBS: V\u00e5ra eteriska oljor \u00e4r inte l\u00e4mpliga f\u00f6r internt bruk. &nbsp;<\/span><\/strong><\/p>\n","protected":false},"excerpt":{"rendered":"<p>Latinskt namn: Citrus Nobilis Del av v\u00e4xt som anv\u00e4nds: Fruktskal Ursprung:&nbsp;Italien Extraktionsmetod: Kallpressning Mandarin Eterisk Olja erh\u00e5lls fr\u00e5n Citrus Nobilis genom kallpressning av skalet. Mandarin-Petitgrainolja extraheras ocks\u00e5 i sm\u00e5 m\u00e4ngder genom \u00e5ngdestillation av l\u00f6v och kvistar. &nbsp;Oljan \u00e4r gyllenegul-orange och har doften av en f\u00e4rsk apelsin. En hel grupp citrusfrukter tillh\u00f6r gruppen av mandarinapelsiner, inklusive [&hellip;]<\/p>\n","protected":false},"featured_media":268309,"comment_status":"closed","ping_status":"open","template":"","meta":{"_angie_page":false},"product_brand":[27091],"product_cat":[11868,26822,25845,13648,26038],"product_tag":[],"class_list":{"0":"post-216798","1":"product","2":"type-product","3":"status-publish","4":"has-post-thumbnail","6":"product_brand-ancient-wisdom","7":"product_cat-aromaterapi-och-rumsdofter","8":"product_cat-citrus","9":"product_cat-dofter-aromer","10":"product_cat-eteriska-oljor","11":"product_cat-mandarin","12":"pa_collection-50ml-essential-oil-sv","13":"pa_made-in-argentina","14":"pa_size-50ml","16":"first","17":"instock","18":"purchasable","19":"product-type-simple"},"supplier_id":null,"supplier_sku":"PrEO-30","barcode":null,"atum_controlled":true,"out_stock_date":null,"out_stock_threshold":null,"inheritable":false,"inbound_stock":0,"stock_on_hold":0,"sold_today":0,"sales_last_days":0,"reserved_stock":0,"customer_returns":0,"warehouse_damage":0,"lost_in_post":0,"other_logs":0,"out_stock_days":0,"lost_sales":0,"has_location":false,"update_date":"2026-05-08T05:16:51","atum_locations":[],"atum_stock_status":"instock","restock_status":false,"low_stock_amount":"","sales_update_date":"2025-09-05T00:18:05","calc_backorders":null,"_links":{"self":[{"href":"https:\/\/aromasentia.com\/sv\/wp-json\/wp\/v2\/product\/216798","targetHints":{"allow":["GET"]}}],"collection":[{"href":"https:\/\/aromasentia.com\/sv\/wp-json\/wp\/v2\/product"}],"about":[{"href":"https:\/\/aromasentia.com\/sv\/wp-json\/wp\/v2\/types\/product"}],"replies":[{"embeddable":true,"href":"https:\/\/aromasentia.com\/sv\/wp-json\/wp\/v2\/comments?post=216798"}],"version-history":[{"count":0,"href":"https:\/\/aromasentia.com\/sv\/wp-json\/wp\/v2\/product\/216798\/revisions"}],"wp:featuredmedia":[{"embeddable":true,"href":"https:\/\/aromasentia.com\/sv\/wp-json\/wp\/v2\/media\/268309"}],"wp:attachment":[{"href":"https:\/\/aromasentia.com\/sv\/wp-json\/wp\/v2\/media?parent=216798"}],"wp:term":[{"taxonomy":"product_brand","embeddable":true,"href":"https:\/\/aromasentia.com\/sv\/wp-json\/wp\/v2\/product_brand?post=216798"},{"taxonomy":"product_cat","embeddable":true,"href":"https:\/\/aromasentia.com\/sv\/wp-json\/wp\/v2\/product_cat?post=216798"},{"taxonomy":"product_tag","embeddable":true,"href":"https:\/\/aromasentia.com\/sv\/wp-json\/wp\/v2\/product_tag?post=216798"}],"curies":[{"name":"wp","href":"https:\/\/api.w.org\/{rel}","templated":true}]}}