{"id":216796,"date":"2025-03-20T15:15:03","date_gmt":"2025-03-20T15:15:03","guid":{"rendered":"https:\/\/aromasentia.com\/product\/lemongrass-50ml-essential-oil\/"},"modified":"2025-12-31T15:47:15","modified_gmt":"2025-12-31T15:47:15","slug":"citrongras-eterisk-olja-50ml","status":"publish","type":"product","link":"https:\/\/aromasentia.com\/sv\/citrongras-eterisk-olja-50ml\/","title":{"rendered":"Citrongr\u00e4s Eterisk Olja 50ml"},"content":{"rendered":"<p><strong>Latinskt namn:<\/strong> <em>Cymbopogon Citratus <\/em><\/p>\n<p><strong>Del av v\u00e4xt som anv\u00e4nds: <\/strong><em>L\u00f6v <\/em><\/p>\n<p><strong>Ursprung:<\/strong> <em>Guatemala <\/em><\/p>\n<p><strong>Extraktionsmetod:<\/strong> <em>\u00c5ngdestillation <\/em><\/p>\n<p>Grossist Citrongr\u00e4s Eterisk Olja extraheras fr\u00e5n Cymbopogon Citratus, \u00e4ven k\u00e4nd som &quot;oljegr\u00e4s&quot;, fr\u00e5n f\u00e4rska eller delvis torkade blad genom \u00e5ngdestillation. Denna olja s\u00e4gs motverka tr\u00f6tthet och hj\u00e4lpa till att fr\u00e4scha upp en tr\u00f6tt kropp och sj\u00e4l. Det \u00e4r ocks\u00e5 ett behagligt doftande s\u00e4tt att h\u00e5lla ett husdjur fritt fr\u00e5n loppor och f\u00e4stingar. Citrongr\u00e4s inneh\u00e5ller citral, som ger huvudsmaken i citronskal.&nbsp;<\/p>\n<p>Citrongr\u00e4solja tros lindra jetlag, huvudv\u00e4rk, nerv\u00f6s utmattning och stress. Den boostar det parasympatiska nervsystemet, f\u00f6r snabbare \u00e5terh\u00e4mtning fr\u00e5n en sjukdom och stimulerar k\u00f6rtelsekret. Den hj\u00e4lper tona muskler och v\u00e4vnader, och lindrar d\u00e4rmed muskelsm\u00e4rta. Den \u00e4r anv\u00e4ndbar f\u00f6r att behandla halsont, laryngit och feber och hj\u00e4lper till att stoppa spridningen av infektioner. Den hj\u00e4lper mot kolit, matsm\u00e4ltningsbesv\u00e4r och gastroenterit. Den rensar fet hud och minskar \u00f6verdriven svett. Den kan dock irritera huden, s\u00e5 man b\u00f6r vara f\u00f6rsiktig n\u00e4r den anv\u00e4nds p\u00e5 huden. Undvik anv\u00e4ndning under graviditet.&nbsp;<\/p>\n<p>Citrongr\u00e4s \u00e4r ett fler\u00e5rigt aromatiskt gr\u00e4s som brukade v\u00e4xa vilt i Indien, d\u00e4r det \u00e4r k\u00e4nt som &#39;choomana poolu&#39;. Det \u00e4r ocks\u00e5 k\u00e4nt som indisk verbena eller indisk melissaolja och anv\u00e4nds i ayurveda, den ur\u00e5ldriga traditionella l\u00e4kekonsten, f\u00f6r att f\u00e5 ner feber och behandla infektionssjukdomar; det kallas d\u00e4rf\u00f6r ocks\u00e5 &#39;febergr\u00e4s&#39;.&nbsp;<\/p>\n<p><strong><span style=\"color: rgb(84, 172, 210);\">OBS: V\u00e5ra eteriska oljor \u00e4r inte l\u00e4mpliga f\u00f6r internt bruk.<\/span><\/strong><\/p>\n","protected":false},"excerpt":{"rendered":"<p>Latinskt namn: Cymbopogon Citratus Del av v\u00e4xt som anv\u00e4nds: L\u00f6v Ursprung: Guatemala Extraktionsmetod: \u00c5ngdestillation Grossist Citrongr\u00e4s Eterisk Olja extraheras fr\u00e5n Cymbopogon Citratus, \u00e4ven k\u00e4nd som &quot;oljegr\u00e4s&quot;, fr\u00e5n f\u00e4rska eller delvis torkade blad genom \u00e5ngdestillation. Denna olja s\u00e4gs motverka tr\u00f6tthet och hj\u00e4lpa till att fr\u00e4scha upp en tr\u00f6tt kropp och sj\u00e4l. Det \u00e4r ocks\u00e5 ett behagligt [&hellip;]<\/p>\n","protected":false},"featured_media":268291,"comment_status":"closed","ping_status":"open","template":"","meta":{"_angie_page":false},"product_brand":[27091],"product_cat":[11868,26036,26822,25845,13648],"product_tag":[],"class_list":{"0":"post-216796","1":"product","2":"type-product","3":"status-publish","4":"has-post-thumbnail","6":"product_brand-ancient-wisdom","7":"product_cat-aromaterapi-och-rumsdofter","8":"product_cat-citrongras","9":"product_cat-citrus","10":"product_cat-dofter-aromer","11":"product_cat-eteriska-oljor","12":"pa_collection-50ml-essential-oil-sv","13":"pa_made-in-indien","14":"pa_size-50ml","16":"first","17":"instock","18":"purchasable","19":"product-type-simple"},"supplier_id":null,"supplier_sku":"PrEO-28","barcode":null,"atum_controlled":true,"out_stock_date":null,"out_stock_threshold":null,"inheritable":false,"inbound_stock":null,"stock_on_hold":0,"sold_today":0,"sales_last_days":0,"reserved_stock":null,"customer_returns":null,"warehouse_damage":null,"lost_in_post":null,"other_logs":null,"out_stock_days":0,"lost_sales":0,"has_location":null,"update_date":"2026-04-27T07:18:20","atum_locations":[],"atum_stock_status":"instock","restock_status":false,"low_stock_amount":"","sales_update_date":"2026-01-30T01:26:14","calc_backorders":null,"_links":{"self":[{"href":"https:\/\/aromasentia.com\/sv\/wp-json\/wp\/v2\/product\/216796","targetHints":{"allow":["GET"]}}],"collection":[{"href":"https:\/\/aromasentia.com\/sv\/wp-json\/wp\/v2\/product"}],"about":[{"href":"https:\/\/aromasentia.com\/sv\/wp-json\/wp\/v2\/types\/product"}],"replies":[{"embeddable":true,"href":"https:\/\/aromasentia.com\/sv\/wp-json\/wp\/v2\/comments?post=216796"}],"version-history":[{"count":0,"href":"https:\/\/aromasentia.com\/sv\/wp-json\/wp\/v2\/product\/216796\/revisions"}],"wp:featuredmedia":[{"embeddable":true,"href":"https:\/\/aromasentia.com\/sv\/wp-json\/wp\/v2\/media\/268291"}],"wp:attachment":[{"href":"https:\/\/aromasentia.com\/sv\/wp-json\/wp\/v2\/media?parent=216796"}],"wp:term":[{"taxonomy":"product_brand","embeddable":true,"href":"https:\/\/aromasentia.com\/sv\/wp-json\/wp\/v2\/product_brand?post=216796"},{"taxonomy":"product_cat","embeddable":true,"href":"https:\/\/aromasentia.com\/sv\/wp-json\/wp\/v2\/product_cat?post=216796"},{"taxonomy":"product_tag","embeddable":true,"href":"https:\/\/aromasentia.com\/sv\/wp-json\/wp\/v2\/product_tag?post=216796"}],"curies":[{"name":"wp","href":"https:\/\/api.w.org\/{rel}","templated":true}]}}