{"id":216794,"date":"2025-03-20T15:15:03","date_gmt":"2025-03-20T15:15:03","guid":{"rendered":"https:\/\/aromasentia.com\/product\/jasmine-absolute-50ml-essential-oil\/"},"modified":"2025-12-31T15:47:08","modified_gmt":"2025-12-31T15:47:08","slug":"jasmin-absolut-eterisk-olja-50ml","status":"publish","type":"product","link":"https:\/\/aromasentia.com\/sv\/jasmin-absolut-eterisk-olja-50ml\/","title":{"rendered":"Jasmin Absolut Eterisk Olja 50ml"},"content":{"rendered":"<p><strong>Latinskt namn: <\/strong><em>Jasminum Officinale <\/em><\/p>\n<p><strong>Del av v\u00e4xt som anv\u00e4nds: <\/strong><em>Blomma<\/em><em>&nbsp;<\/em><\/p>\n<p><strong>Ursprung:<\/strong> <em>Indien <\/em><\/p>\n<p><strong>Extraktionsmetod: <\/strong><em>L\u00f6sningsmedelsextraktion <\/em><\/p>\n<p>Jasmin \u00e4r en delikat vintergr\u00f6n kl\u00e4tterv\u00e4xt med ursprung i Kina och Indien med sm\u00e5 vita stj\u00e4rnformade blommor som plockas p\u00e5 natten n\u00e4r deras doft \u00e4r som kraftfullast. Denna eteriska oljan har en s\u00f6t, exotisk och rikt blommig doft. Den \u00e4r dyr, eftersom dess destillation \u00e4r mer komplicerad \u00e4n f\u00f6r de flesta oljor, och anv\u00e4nds f\u00f6r att slappna av p\u00e5 djupet, lyfta depression och \u00f6ka sj\u00e4lvf\u00f6rtroendet.&nbsp;<\/p>\n<p>Denna olja s\u00e4gs lugna nerverna och ge en k\u00e4nsla av sj\u00e4lvf\u00f6rtroende och optimism, samtidigt som den \u00e5terst\u00e4ller energin. Den minskar f\u00f6rlossningstiden genom att st\u00e4rka sammandragningarna och lindra sm\u00e4rta. Den tros lindra impotens, frigiditet och f\u00f6r tidig utl\u00f6sning p\u00e5 grund av dess lugnande egenskaper. Den hj\u00e4lper mot hosta och laryngit, och kan ocks\u00e5 tills\u00e4ttas i en massageolja f\u00f6r att lindra muskelsm\u00e4rtor, stukningar och stela lemmar. Jasminolja tonar torr, fet eller k\u00e4nslig hud, \u00f6kar elasticiteten och s\u00e4gs minska bristningar och \u00e4rrbildning.&nbsp;<\/p>\n<p>Jasminen har ansetts vara en helig blomma i Indien i hundratals \u00e5r och \u00e4r ihoptr\u00e4nad f\u00f6r att g\u00f6ra girlanger f\u00f6r hinduiska gudar och gudinnor fram till idag. Jasmin b\u00e4rs ofta i h\u00e5ret av indiska kvinnor och \u00e4r en av dem viktigaste blommorna i br\u00f6llopsgirlanger ocks\u00e5. Enligt en myt f\u00f6rkastade solguden Surya en prinsessas k\u00e4rlek och hon var s\u00e5 hj\u00e4rtekrossad att hon tog sitt liv. Ur hennes aska utspridd p\u00e5 marken v\u00e4xte en jasminplanta. Eftersom solguden orsakade henne s\u00e5 mycket sm\u00e4rta blommade jasminblomman bara och sl\u00e4ppte sin parfym p\u00e5 natten.&nbsp;<\/p>\n<p><strong><span style=\"color: rgb(84, 172, 210);\">OBS: V\u00e5ra eteriska oljor \u00e4r inte l\u00e4mpliga f\u00f6r internt bruk.<\/span><\/strong><\/p>\n","protected":false},"excerpt":{"rendered":"<p>Latinskt namn: Jasminum Officinale Del av v\u00e4xt som anv\u00e4nds: Blomma&nbsp; Ursprung: Indien Extraktionsmetod: L\u00f6sningsmedelsextraktion Jasmin \u00e4r en delikat vintergr\u00f6n kl\u00e4tterv\u00e4xt med ursprung i Kina och Indien med sm\u00e5 vita stj\u00e4rnformade blommor som plockas p\u00e5 natten n\u00e4r deras doft \u00e4r som kraftfullast. Denna eteriska oljan har en s\u00f6t, exotisk och rikt blommig doft. Den \u00e4r dyr, [&hellip;]<\/p>\n","protected":false},"featured_media":268273,"comment_status":"closed","ping_status":"open","template":"","meta":{"_angie_page":false},"product_brand":[27091],"product_cat":[11868,26836,25845,13648,26030],"product_tag":[],"class_list":{"0":"post-216794","1":"product","2":"type-product","3":"status-publish","4":"has-post-thumbnail","6":"product_brand-ancient-wisdom","7":"product_cat-aromaterapi-och-rumsdofter","8":"product_cat-blommig","9":"product_cat-dofter-aromer","10":"product_cat-eteriska-oljor","11":"product_cat-jasmin","12":"pa_collection-50ml-essential-oil-sv","13":"pa_made-in-indien","14":"pa_size-50ml","16":"first","17":"instock","18":"purchasable","19":"product-type-simple"},"supplier_id":null,"supplier_sku":"PrEO-26","barcode":null,"atum_controlled":true,"out_stock_date":null,"out_stock_threshold":null,"inheritable":false,"inbound_stock":0,"stock_on_hold":0,"sold_today":0,"sales_last_days":0,"reserved_stock":0,"customer_returns":0,"warehouse_damage":0,"lost_in_post":0,"other_logs":0,"out_stock_days":0,"lost_sales":0,"has_location":false,"update_date":"2026-05-08T05:16:51","atum_locations":[],"atum_stock_status":"instock","restock_status":false,"low_stock_amount":"","sales_update_date":"2025-09-05T00:18:04","calc_backorders":null,"_links":{"self":[{"href":"https:\/\/aromasentia.com\/sv\/wp-json\/wp\/v2\/product\/216794","targetHints":{"allow":["GET"]}}],"collection":[{"href":"https:\/\/aromasentia.com\/sv\/wp-json\/wp\/v2\/product"}],"about":[{"href":"https:\/\/aromasentia.com\/sv\/wp-json\/wp\/v2\/types\/product"}],"replies":[{"embeddable":true,"href":"https:\/\/aromasentia.com\/sv\/wp-json\/wp\/v2\/comments?post=216794"}],"version-history":[{"count":0,"href":"https:\/\/aromasentia.com\/sv\/wp-json\/wp\/v2\/product\/216794\/revisions"}],"wp:featuredmedia":[{"embeddable":true,"href":"https:\/\/aromasentia.com\/sv\/wp-json\/wp\/v2\/media\/268273"}],"wp:attachment":[{"href":"https:\/\/aromasentia.com\/sv\/wp-json\/wp\/v2\/media?parent=216794"}],"wp:term":[{"taxonomy":"product_brand","embeddable":true,"href":"https:\/\/aromasentia.com\/sv\/wp-json\/wp\/v2\/product_brand?post=216794"},{"taxonomy":"product_cat","embeddable":true,"href":"https:\/\/aromasentia.com\/sv\/wp-json\/wp\/v2\/product_cat?post=216794"},{"taxonomy":"product_tag","embeddable":true,"href":"https:\/\/aromasentia.com\/sv\/wp-json\/wp\/v2\/product_tag?post=216794"}],"curies":[{"name":"wp","href":"https:\/\/api.w.org\/{rel}","templated":true}]}}