{"id":216793,"date":"2025-03-20T15:15:26","date_gmt":"2025-03-20T15:15:26","guid":{"rendered":"https:\/\/aromasentia.com\/product\/dill-seed-50ml-essential-oil\/"},"modified":"2025-12-31T15:47:08","modified_gmt":"2025-12-31T15:47:08","slug":"dillfro-eterisk-olja-50ml","status":"publish","type":"product","link":"https:\/\/aromasentia.com\/sv\/dillfro-eterisk-olja-50ml\/","title":{"rendered":"Dillfr\u00f6 Eterisk Olja 50ml"},"content":{"rendered":"<p><strong>Latinskt namn:<\/strong> <em>Anethum Graveolens&nbsp;<\/em><\/p>\n<p><strong>Del av v\u00e4xt som anv\u00e4nds:&nbsp;<\/strong><em>Fr\u00f6<\/em><strong>&nbsp;<\/strong><\/p>\n<p><strong>Ursprung:&nbsp;<\/strong><em>Ungern<\/em><em>&nbsp;<\/em><\/p>\n<p><strong>Extraktionsmetod:&nbsp;<\/strong><em>\u00c5ngdestillation&nbsp;<\/em><\/p>\n<p>Dillfr\u00f6 Eterisk Olja har m\u00e5nga f\u00f6rdelar, d\u00e4ribland f\u00f6rm\u00e5gan att st\u00e4rka immunf\u00f6rsvaret och lindra muskelkramper.&nbsp;<\/p>\n<p>Spasmer kan vara mycket irriterande och i extrema fall till och med d\u00f6dliga. Spasmer \u00e4r fall av o\u00f6nskade och onormala sammandragningar, antingen i luftv\u00e4garna, tarmarna, musklerna eller nerverna. S\u00e5dana attacker av spasmer kan lugnas med hj\u00e4lp av Dillfr\u00f6 Eterisk Olja, vilken har en avslappnande effekt p\u00e5 nerver, muskler, tarmar och andningsorganen.<\/p>\n<p>Dillfr\u00f6 Eterisk Olja \u00e4r \u00e4ven k\u00e4nd f\u00f6r sina desinficerande egenskaper. Den kan anv\u00e4ndas i utsp\u00e4dd form f\u00f6r applicering i h\u00e5rbotten f\u00f6r att skydda h\u00e5ret fr\u00e5n olika infektioner och till och med l\u00f6ss.&nbsp;<\/p>\n<p>Denna olja kan ocks\u00e5 anv\u00e4ndas som en tonic f\u00f6r att st\u00f6dja magens normala funktion och h\u00e5lla den frisk. Den reglerar uts\u00f6ndringen av matsm\u00e4ltningsjuicer och galla, skyddar magen fr\u00e5n infektioner och hj\u00e4lper med l\u00e4kningsprocessen av eventuella mags\u00e5r.<\/p>\n<p><strong><span style=\"color: rgb(84, 172, 210);\">OBS: V\u00e5ra eteriska oljor \u00e4r inte l\u00e4mpliga f\u00f6r internt bruk.<\/span><\/strong><\/p>\n","protected":false},"excerpt":{"rendered":"<p>Latinskt namn: Anethum Graveolens&nbsp; Del av v\u00e4xt som anv\u00e4nds:&nbsp;Fr\u00f6&nbsp; Ursprung:&nbsp;Ungern&nbsp; Extraktionsmetod:&nbsp;\u00c5ngdestillation&nbsp; Dillfr\u00f6 Eterisk Olja har m\u00e5nga f\u00f6rdelar, d\u00e4ribland f\u00f6rm\u00e5gan att st\u00e4rka immunf\u00f6rsvaret och lindra muskelkramper.&nbsp; Spasmer kan vara mycket irriterande och i extrema fall till och med d\u00f6dliga. Spasmer \u00e4r fall av o\u00f6nskade och onormala sammandragningar, antingen i luftv\u00e4garna, tarmarna, musklerna eller nerverna. S\u00e5dana attacker [&hellip;]<\/p>\n","protected":false},"featured_media":268498,"comment_status":"closed","ping_status":"open","template":"","meta":{"_angie_page":false},"product_brand":[27091],"product_cat":[11868,26020,25845,13648,26864],"product_tag":[],"class_list":{"0":"post-216793","1":"product","2":"type-product","3":"status-publish","4":"has-post-thumbnail","6":"product_brand-ancient-wisdom","7":"product_cat-aromaterapi-och-rumsdofter","8":"product_cat-dillfro","9":"product_cat-dofter-aromer","10":"product_cat-eteriska-oljor","11":"product_cat-ort-aromatisk","12":"pa_collection-50ml-essential-oil-sv","13":"pa_made-in-ungern","14":"pa_size-50ml","16":"first","17":"instock","18":"purchasable","19":"product-type-simple"},"supplier_id":null,"supplier_sku":"PrEO-58","barcode":null,"atum_controlled":true,"out_stock_date":null,"out_stock_threshold":null,"inheritable":false,"inbound_stock":null,"stock_on_hold":0,"sold_today":0,"sales_last_days":0,"reserved_stock":null,"customer_returns":null,"warehouse_damage":null,"lost_in_post":null,"other_logs":null,"out_stock_days":0,"lost_sales":0,"has_location":null,"update_date":"2026-04-27T07:18:30","atum_locations":[],"atum_stock_status":"instock","restock_status":false,"low_stock_amount":"","sales_update_date":"2026-01-30T01:24:27","calc_backorders":null,"_links":{"self":[{"href":"https:\/\/aromasentia.com\/sv\/wp-json\/wp\/v2\/product\/216793","targetHints":{"allow":["GET"]}}],"collection":[{"href":"https:\/\/aromasentia.com\/sv\/wp-json\/wp\/v2\/product"}],"about":[{"href":"https:\/\/aromasentia.com\/sv\/wp-json\/wp\/v2\/types\/product"}],"replies":[{"embeddable":true,"href":"https:\/\/aromasentia.com\/sv\/wp-json\/wp\/v2\/comments?post=216793"}],"version-history":[{"count":0,"href":"https:\/\/aromasentia.com\/sv\/wp-json\/wp\/v2\/product\/216793\/revisions"}],"wp:featuredmedia":[{"embeddable":true,"href":"https:\/\/aromasentia.com\/sv\/wp-json\/wp\/v2\/media\/268498"}],"wp:attachment":[{"href":"https:\/\/aromasentia.com\/sv\/wp-json\/wp\/v2\/media?parent=216793"}],"wp:term":[{"taxonomy":"product_brand","embeddable":true,"href":"https:\/\/aromasentia.com\/sv\/wp-json\/wp\/v2\/product_brand?post=216793"},{"taxonomy":"product_cat","embeddable":true,"href":"https:\/\/aromasentia.com\/sv\/wp-json\/wp\/v2\/product_cat?post=216793"},{"taxonomy":"product_tag","embeddable":true,"href":"https:\/\/aromasentia.com\/sv\/wp-json\/wp\/v2\/product_tag?post=216793"}],"curies":[{"name":"wp","href":"https:\/\/api.w.org\/{rel}","templated":true}]}}