{"id":216792,"date":"2025-03-20T15:15:26","date_gmt":"2025-03-20T15:15:26","guid":{"rendered":"https:\/\/aromasentia.com\/product\/white-camphor-50ml-essential-oil\/"},"modified":"2025-12-31T15:47:08","modified_gmt":"2025-12-31T15:47:08","slug":"vit-kamfer-eterisk-olja-50ml","status":"publish","type":"product","link":"https:\/\/aromasentia.com\/sv\/vit-kamfer-eterisk-olja-50ml\/","title":{"rendered":"Vit Kamfer Eterisk Olja 50ml"},"content":{"rendered":"<p><strong>Latinskt namn:<\/strong> <em>Cinnamomum Camphor<\/em><\/p>\n<p><strong>Del av v\u00e4xt som anv\u00e4nds: <\/strong><em>Tr\u00e4 och r\u00f6tter<\/em><\/p>\n<p><strong>Ursprung: <\/strong><em>Kina<\/em><\/p>\n<p><strong>Extraktionsmetod: <\/strong><em>\u00c5ngdestillation<\/em><\/p>\n<p>Vit Kamfer Eterisk Olja doftar fr\u00e4scht, intensivt och tr\u00e4igt. Dess arom \u00e4r n\u00e5got eukalyptusliknande p\u00e5 grund av dess h\u00f6ga cineolhalt.&nbsp;<\/p>\n<p>Vit Kamfer Eterisk Olja ger andningsl\u00e4ttnad. Den lindrar omedelbart tr\u00e4ngsel i bronkerna, struphuvudet, svalget, n\u00e4san och lungorna. Applicerad p\u00e5 huden kan kamferolja hj\u00e4lpa till att lindra sm\u00e4rta och inflammation.&nbsp;<\/p>\n<p>Den kan hj\u00e4lpa mot muskelv\u00e4rk och sm\u00e4rta, reumatism, hosta, bronkit, f\u00f6rkylning, akne, utslag, parasit\u00e4ra hudinfektioner, kontusion, bl\u00e5m\u00e4rken och insektsmedel.&nbsp;<\/p>\n<p><strong><span style=\"color: rgb(84, 172, 210);\">OBS: V\u00e5ra eteriska oljor \u00e4r inte l\u00e4mpliga f\u00f6r internt bruk.<\/span><\/strong><\/p>\n","protected":false},"excerpt":{"rendered":"<p>Latinskt namn: Cinnamomum Camphor Del av v\u00e4xt som anv\u00e4nds: Tr\u00e4 och r\u00f6tter Ursprung: Kina Extraktionsmetod: \u00c5ngdestillation Vit Kamfer Eterisk Olja doftar fr\u00e4scht, intensivt och tr\u00e4igt. Dess arom \u00e4r n\u00e5got eukalyptusliknande p\u00e5 grund av dess h\u00f6ga cineolhalt.&nbsp; Vit Kamfer Eterisk Olja ger andningsl\u00e4ttnad. Den lindrar omedelbart tr\u00e4ngsel i bronkerna, struphuvudet, svalget, n\u00e4san och lungorna. Applicerad p\u00e5 [&hellip;]<\/p>\n","protected":false},"featured_media":268489,"comment_status":"closed","ping_status":"open","template":"","meta":{"_angie_page":false},"product_brand":[27091],"product_cat":[11868,25845,13648,26871,26072],"product_tag":[],"class_list":{"0":"post-216792","1":"product","2":"type-product","3":"status-publish","4":"has-post-thumbnail","6":"product_brand-ancient-wisdom","7":"product_cat-aromaterapi-och-rumsdofter","8":"product_cat-dofter-aromer","9":"product_cat-eteriska-oljor","10":"product_cat-medicinsk-kamferdoftande","11":"product_cat-vit-kamfer","12":"pa_collection-50ml-essential-oil-sv","13":"pa_made-in-kina","14":"pa_size-50ml","16":"first","17":"instock","18":"purchasable","19":"product-type-simple"},"supplier_id":null,"supplier_sku":"PrEO-57","barcode":null,"atum_controlled":true,"out_stock_date":null,"out_stock_threshold":null,"inheritable":false,"inbound_stock":null,"stock_on_hold":0,"sold_today":0,"sales_last_days":0,"reserved_stock":null,"customer_returns":null,"warehouse_damage":null,"lost_in_post":null,"other_logs":null,"out_stock_days":0,"lost_sales":0,"has_location":null,"update_date":"2026-04-27T07:18:30","atum_locations":[],"atum_stock_status":"instock","restock_status":false,"low_stock_amount":"","sales_update_date":"2026-01-20T05:14:35","calc_backorders":null,"_links":{"self":[{"href":"https:\/\/aromasentia.com\/sv\/wp-json\/wp\/v2\/product\/216792","targetHints":{"allow":["GET"]}}],"collection":[{"href":"https:\/\/aromasentia.com\/sv\/wp-json\/wp\/v2\/product"}],"about":[{"href":"https:\/\/aromasentia.com\/sv\/wp-json\/wp\/v2\/types\/product"}],"replies":[{"embeddable":true,"href":"https:\/\/aromasentia.com\/sv\/wp-json\/wp\/v2\/comments?post=216792"}],"version-history":[{"count":0,"href":"https:\/\/aromasentia.com\/sv\/wp-json\/wp\/v2\/product\/216792\/revisions"}],"wp:featuredmedia":[{"embeddable":true,"href":"https:\/\/aromasentia.com\/sv\/wp-json\/wp\/v2\/media\/268489"}],"wp:attachment":[{"href":"https:\/\/aromasentia.com\/sv\/wp-json\/wp\/v2\/media?parent=216792"}],"wp:term":[{"taxonomy":"product_brand","embeddable":true,"href":"https:\/\/aromasentia.com\/sv\/wp-json\/wp\/v2\/product_brand?post=216792"},{"taxonomy":"product_cat","embeddable":true,"href":"https:\/\/aromasentia.com\/sv\/wp-json\/wp\/v2\/product_cat?post=216792"},{"taxonomy":"product_tag","embeddable":true,"href":"https:\/\/aromasentia.com\/sv\/wp-json\/wp\/v2\/product_tag?post=216792"}],"curies":[{"name":"wp","href":"https:\/\/api.w.org\/{rel}","templated":true}]}}