{"id":216788,"date":"2025-03-20T15:15:26","date_gmt":"2025-03-20T15:15:26","guid":{"rendered":"https:\/\/aromasentia.com\/product\/may-chang-50ml-essential-oil\/"},"modified":"2025-12-31T15:47:08","modified_gmt":"2025-12-31T15:47:08","slug":"litsea-cubeba-eterisk-olja-50ml","status":"publish","type":"product","link":"https:\/\/aromasentia.com\/sv\/litsea-cubeba-eterisk-olja-50ml\/","title":{"rendered":"Litsea Cubeba Eterisk Olja 50ml"},"content":{"rendered":"<p><strong>Latinskt namn:<\/strong> <em>Litsea Cubeba&nbsp;<\/em><\/p>\n<p><strong>Del av v\u00e4xt som anv\u00e4nds:<\/strong> <em>Frukt&nbsp;<\/em><\/p>\n<p><strong>Ursprung:&nbsp;<\/strong><em>Kina<\/em><em>&nbsp;<\/em><\/p>\n<p><strong>Extraktionsmetod:<\/strong> <em>\u00c5ngdestillation&nbsp;<\/em><\/p>\n<p>Litsea Cubeba Olja \u00e4r en mycket upplyftande och stimulerande olja vilket g\u00f6r den till en anv\u00e4ndbar produkt under tider av tr\u00f6tthet, melankoli och \u00e5ngest. N\u00e4r den sprids ut kan oljan skapa en gl\u00e4djande atmosf\u00e4r. Traditionellt har Litsea Cubeba anv\u00e4nts som ett matsm\u00e4ltningshj\u00e4lpmedel som kan stimulera aptiten.&nbsp;<\/p>\n<p>Litsea Cubeba Eterisk Olja har uppfriskande, stimulerande och upplyftande verkan, vilket g\u00f6r den perfekt f\u00f6r att lindra tr\u00f6tthet och sl\u00f6a psykologiska tillst\u00e5nd. Och eftersom denna olja \u00e4r en tonic f\u00f6r nervsystemet, \u00e4r den perfekt f\u00f6r att lugna tankarna n\u00e4r du k\u00e4nner dig orolig, stressad eller f\u00f6rvirrad.&nbsp;<\/p>\n<p>Den har ocks\u00e5 f\u00f6rv\u00e5nansv\u00e4rt goda antiseptiska, svampd\u00f6dande och antivirala egenskaper, som kan anv\u00e4ndas f\u00f6r att h\u00e5lla hosta, f\u00f6rkylning och fotsvamp borta. Den \u00e4r ocks\u00e5 l\u00e4mplig f\u00f6r reng\u00f6ring i hemmet, till exempel f\u00f6r att desinficera k\u00f6ksb\u00e4nkar. F\u00f6r att \u00f6ka dess effektivitet, blanda Litsea Cubeba med Tea Tree och du kommer att f\u00e5 en kraftfull reng\u00f6ringsl\u00f6sning utan den obehagliga aromen av desinfektionsmedel.<\/p>\n<p><strong><span style=\"color: rgb(84, 172, 210);\">OBS: V\u00e5ra eteriska oljor \u00e4r inte l\u00e4mpliga f\u00f6r internt bruk.<\/span><\/strong><\/p>\n","protected":false},"excerpt":{"rendered":"<p>Latinskt namn: Litsea Cubeba&nbsp; Del av v\u00e4xt som anv\u00e4nds: Frukt&nbsp; Ursprung:&nbsp;Kina&nbsp; Extraktionsmetod: \u00c5ngdestillation&nbsp; Litsea Cubeba Olja \u00e4r en mycket upplyftande och stimulerande olja vilket g\u00f6r den till en anv\u00e4ndbar produkt under tider av tr\u00f6tthet, melankoli och \u00e5ngest. N\u00e4r den sprids ut kan oljan skapa en gl\u00e4djande atmosf\u00e4r. Traditionellt har Litsea Cubeba anv\u00e4nts som ett matsm\u00e4ltningshj\u00e4lpmedel [&hellip;]<\/p>\n","protected":false},"featured_media":268453,"comment_status":"closed","ping_status":"open","template":"","meta":{"_angie_page":false},"product_brand":[27091],"product_cat":[11868,26822,25845,13648,26040],"product_tag":[],"class_list":{"0":"post-216788","1":"product","2":"type-product","3":"status-publish","4":"has-post-thumbnail","6":"product_brand-ancient-wisdom","7":"product_cat-aromaterapi-och-rumsdofter","8":"product_cat-citrus","9":"product_cat-dofter-aromer","10":"product_cat-eteriska-oljor","11":"product_cat-may-chang-litsea-cubeba","12":"pa_collection-50ml-essential-oil-sv","13":"pa_made-in-kina","14":"pa_size-50ml","16":"first","17":"instock","18":"purchasable","19":"product-type-simple"},"supplier_id":null,"supplier_sku":"PrEO-52","barcode":null,"atum_controlled":true,"out_stock_date":null,"out_stock_threshold":null,"inheritable":false,"inbound_stock":null,"stock_on_hold":0,"sold_today":0,"sales_last_days":0,"reserved_stock":null,"customer_returns":null,"warehouse_damage":null,"lost_in_post":null,"other_logs":null,"out_stock_days":0,"lost_sales":0,"has_location":null,"update_date":"2026-04-27T07:18:26","atum_locations":[],"atum_stock_status":"instock","restock_status":false,"low_stock_amount":"","sales_update_date":"2025-09-05T00:18:10","calc_backorders":null,"_links":{"self":[{"href":"https:\/\/aromasentia.com\/sv\/wp-json\/wp\/v2\/product\/216788","targetHints":{"allow":["GET"]}}],"collection":[{"href":"https:\/\/aromasentia.com\/sv\/wp-json\/wp\/v2\/product"}],"about":[{"href":"https:\/\/aromasentia.com\/sv\/wp-json\/wp\/v2\/types\/product"}],"replies":[{"embeddable":true,"href":"https:\/\/aromasentia.com\/sv\/wp-json\/wp\/v2\/comments?post=216788"}],"version-history":[{"count":0,"href":"https:\/\/aromasentia.com\/sv\/wp-json\/wp\/v2\/product\/216788\/revisions"}],"wp:featuredmedia":[{"embeddable":true,"href":"https:\/\/aromasentia.com\/sv\/wp-json\/wp\/v2\/media\/268453"}],"wp:attachment":[{"href":"https:\/\/aromasentia.com\/sv\/wp-json\/wp\/v2\/media?parent=216788"}],"wp:term":[{"taxonomy":"product_brand","embeddable":true,"href":"https:\/\/aromasentia.com\/sv\/wp-json\/wp\/v2\/product_brand?post=216788"},{"taxonomy":"product_cat","embeddable":true,"href":"https:\/\/aromasentia.com\/sv\/wp-json\/wp\/v2\/product_cat?post=216788"},{"taxonomy":"product_tag","embeddable":true,"href":"https:\/\/aromasentia.com\/sv\/wp-json\/wp\/v2\/product_tag?post=216788"}],"curies":[{"name":"wp","href":"https:\/\/api.w.org\/{rel}","templated":true}]}}