{"id":216787,"date":"2025-03-20T15:15:26","date_gmt":"2025-03-20T15:15:26","guid":{"rendered":"https:\/\/aromasentia.com\/product\/hyssop-50ml-essential-oil\/"},"modified":"2025-12-31T15:47:08","modified_gmt":"2025-12-31T15:47:08","slug":"isop-eterisk-olja-50ml","status":"publish","type":"product","link":"https:\/\/aromasentia.com\/sv\/isop-eterisk-olja-50ml\/","title":{"rendered":"Isop Eterisk Olja 50ml"},"content":{"rendered":"<p><strong>Latinskt namn:<\/strong> <em>Hyssopus Officinalis <\/em><\/p>\n<p><strong>Del av v\u00e4xt som anv\u00e4nds: <\/strong><em>Blad och blommande toppar <\/em><\/p>\n<p><strong>Ursprung: <\/strong><em>Slovenien <\/em><\/p>\n<p><strong>Extraktionsmetod:<\/strong> <em>\u00c5ngdestillation <\/em><\/p>\n<p>Denna olja extraheras med hj\u00e4lp av \u00e5ngdestillation av bladen och blommorna p\u00e5 en buske som kallas isop. H\u00e4lsof\u00f6rdelarna med denna eteriska olja kan tillskrivas dess egenskaper som en sammandragande, stimulerande, krampl\u00f6sande, antireumatisk, antiseptisk, karminativ, cicatrizant, matsm\u00e4ltnings-, diuretisk, emmenagogisk, sleml\u00f6sande, blodtrycksreglerande, nervlugnande, smutsl\u00f6sande, tonisk, feberd\u00e4mpande, avmasknings- och s\u00e5rl\u00e4kande substans.&nbsp;<\/p>\n<p>Eftersom den \u00e4r krampl\u00f6sande, hj\u00e4lper Isop Eterisk Olja vid spasmer i andningsorganen och botar d\u00e4rigenom krampaktig hosta. Den botar ocks\u00e5 spasmer i nervsystemet, samt botar kramper och spasmer i tarmarna vilket ger lindring fr\u00e5n akuta buksm\u00e4rtor.&nbsp;<\/p>\n<p>Dess gynnsamma effekt p\u00e5 cirkulationen g\u00f6r att Isop Eterisk Olja hj\u00e4lper med att bota relaterade sjukdomar s\u00e5som reumatism, artrit, gikt och svullnad.&nbsp;<\/p>\n<p>Denna olja underl\u00e4ttar matsm\u00e4ltningen. Dess stimulerande egenskaper hj\u00e4lper med uts\u00f6ndring av magsafter som syror, enzymer och galla i magen, vilket p\u00e5skyndar nedbrytningen av komplexa proteiner, kolhydrater och andra n\u00e4rings\u00e4mnen.&nbsp;<\/p>\n<p><strong><span style=\"color: rgb(84, 172, 210);\">OBS: V\u00e5ra eteriska oljor \u00e4r inte l\u00e4mpliga f\u00f6r internt bruk.<\/span><\/strong><\/p>\n","protected":false},"excerpt":{"rendered":"<p>Latinskt namn: Hyssopus Officinalis Del av v\u00e4xt som anv\u00e4nds: Blad och blommande toppar Ursprung: Slovenien Extraktionsmetod: \u00c5ngdestillation Denna olja extraheras med hj\u00e4lp av \u00e5ngdestillation av bladen och blommorna p\u00e5 en buske som kallas isop. H\u00e4lsof\u00f6rdelarna med denna eteriska olja kan tillskrivas dess egenskaper som en sammandragande, stimulerande, krampl\u00f6sande, antireumatisk, antiseptisk, karminativ, cicatrizant, matsm\u00e4ltnings-, diuretisk, emmenagogisk, [&hellip;]<\/p>\n","protected":false},"featured_media":268444,"comment_status":"closed","ping_status":"open","template":"","meta":{"_angie_page":false},"product_brand":[27091],"product_cat":[11868,25845,13648,26029,26864],"product_tag":[],"class_list":{"0":"post-216787","1":"product","2":"type-product","3":"status-publish","4":"has-post-thumbnail","6":"product_brand-ancient-wisdom","7":"product_cat-aromaterapi-och-rumsdofter","8":"product_cat-dofter-aromer","9":"product_cat-eteriska-oljor","10":"product_cat-isop","11":"product_cat-ort-aromatisk","12":"pa_collection-50ml-essential-oil-sv","13":"pa_made-in-kroatien","14":"pa_size-50ml","16":"first","17":"instock","18":"purchasable","19":"product-type-simple"},"supplier_id":null,"supplier_sku":"PrEO-51","barcode":null,"atum_controlled":true,"out_stock_date":null,"out_stock_threshold":null,"inheritable":false,"inbound_stock":null,"stock_on_hold":0,"sold_today":0,"sales_last_days":0,"reserved_stock":null,"customer_returns":null,"warehouse_damage":null,"lost_in_post":null,"other_logs":null,"out_stock_days":0,"lost_sales":0,"has_location":null,"update_date":"2026-04-28T18:50:19","atum_locations":[],"atum_stock_status":"instock","restock_status":false,"low_stock_amount":"","sales_update_date":"2025-09-05T00:18:10","calc_backorders":null,"_links":{"self":[{"href":"https:\/\/aromasentia.com\/sv\/wp-json\/wp\/v2\/product\/216787","targetHints":{"allow":["GET"]}}],"collection":[{"href":"https:\/\/aromasentia.com\/sv\/wp-json\/wp\/v2\/product"}],"about":[{"href":"https:\/\/aromasentia.com\/sv\/wp-json\/wp\/v2\/types\/product"}],"replies":[{"embeddable":true,"href":"https:\/\/aromasentia.com\/sv\/wp-json\/wp\/v2\/comments?post=216787"}],"version-history":[{"count":0,"href":"https:\/\/aromasentia.com\/sv\/wp-json\/wp\/v2\/product\/216787\/revisions"}],"wp:featuredmedia":[{"embeddable":true,"href":"https:\/\/aromasentia.com\/sv\/wp-json\/wp\/v2\/media\/268444"}],"wp:attachment":[{"href":"https:\/\/aromasentia.com\/sv\/wp-json\/wp\/v2\/media?parent=216787"}],"wp:term":[{"taxonomy":"product_brand","embeddable":true,"href":"https:\/\/aromasentia.com\/sv\/wp-json\/wp\/v2\/product_brand?post=216787"},{"taxonomy":"product_cat","embeddable":true,"href":"https:\/\/aromasentia.com\/sv\/wp-json\/wp\/v2\/product_cat?post=216787"},{"taxonomy":"product_tag","embeddable":true,"href":"https:\/\/aromasentia.com\/sv\/wp-json\/wp\/v2\/product_tag?post=216787"}],"curies":[{"name":"wp","href":"https:\/\/api.w.org\/{rel}","templated":true}]}}