{"id":216786,"date":"2025-03-20T15:15:26","date_gmt":"2025-03-20T15:15:26","guid":{"rendered":"https:\/\/aromasentia.com\/product\/cedarwood-virginian-50ml-essential-oil\/"},"modified":"2025-12-31T15:47:08","modified_gmt":"2025-12-31T15:47:08","slug":"cedartra-virginian-eterisk-olja-50ml","status":"publish","type":"product","link":"https:\/\/aromasentia.com\/sv\/cedartra-virginian-eterisk-olja-50ml\/","title":{"rendered":"Cedartr\u00e4 Virginian Eterisk Olja 50ml"},"content":{"rendered":"<p><strong>Latinskt namn:&nbsp;<\/strong><em>Juniperus Virginiana<\/em><strong>&nbsp;<\/strong><\/p>\n<p><strong>Del av v\u00e4xt som anv\u00e4nd<\/strong><strong>s:<\/strong> <em>Tr\u00e4&nbsp;<\/em><\/p>\n<p><strong>Ursprung:<\/strong> <em>USA&nbsp;<\/em><\/p>\n<p><strong><em>Extraktionsmetod:&nbsp;<\/em><\/strong><em>\u00c5ngdestillation&nbsp;<\/em><\/p>\n<p>Cedertr\u00e4 \u00e4r en v\u00e4xt som vanligtvis f\u00f6rekommer i kalla klimat och finns normalt p\u00e5 h\u00f6ga h\u00f6jder. H\u00e4lsof\u00f6rdelarna med Cedertr\u00e4 Virginian Eterisk Olja kan tillskrivas dess egenskaper som en antiseborroisk, antiseptisk, krampl\u00f6sande, st\u00e4rkande, sammandragande, urindrivande, emmenagogisk, sleml\u00f6sande, insekticid, lugnande och svampd\u00f6dande substans.&nbsp;<\/p>\n<p>Cedertr\u00e4 Eterisk Olja kan lindra symtom p\u00e5 seborr&eacute;. Seborroiskt eksem \u00e4r en fruktansv\u00e4rd sjukdom som orsakas av felfunktion i talgk\u00f6rtlarna. Detta resulterar i \u00f6kad talgproduktion och d\u00e4rav infektion av epidermala celler. Det ser v\u00e4ldigt fult ut, eftersom huden b\u00f6rjar skala av, s\u00e4rskilt fr\u00e5n h\u00e5rbotten, \u00f6gonbrynen, inner\u00f6rat och p\u00e5 andra st\u00e4llen med h\u00e5rs\u00e4ckar. Cedertr\u00e4 Eterisk Olja kan vara f\u00f6rdelaktig f\u00f6r att bota denna inflammatoriska tillst\u00e5nd och kan minska hudflossning, reglera talgproduktionen och behandla infektionen. Oljan kan ocks\u00e5 minska den ot\u00e4cka rodnaden och uppenbara tecken p\u00e5 tillst\u00e5ndet samtidigt som den elimineras.&nbsp;<\/p>\n<p>Cedertr\u00e4 s\u00e4gs f\u00f6rhindra s\u00e5r fr\u00e5n att bli septiska, samt skydda dem fr\u00e5n stelkrampsbakterier. Genom att f\u00f6rsvara kroppen mot toxiner kan Cedertr\u00e4 Eterisk Olja skydda de vita blodkropparna och immunsystemet fr\u00e5n den extra stressen, vilket g\u00f6r att de kan skydda dem inre funktionerna.&nbsp;<\/p>\n<p>Cedertr\u00e4 Eterisk Olja kan anv\u00e4ndas som en allm\u00e4n h\u00e4lsotonic, eftersom den tonar organsystemen och stimulerar \u00e4mnesoms\u00e4ttningen. Den s\u00e4gs sp\u00e4nna och tona muskler i huden, magen, matsm\u00e4ltningssystemet och reglera hj\u00e4rnans funktioner, samt att \u00f6ka funktionaliteten hos njurarna och levern, vilket ytterligare f\u00f6rb\u00e4ttrar den allm\u00e4nna h\u00e4lsan och v\u00e4lbefinnandet.&nbsp;<\/p>\n<p><strong><span style=\"color: rgb(84, 172, 210);\">OBS: V\u00e5ra eteriska oljor \u00e4r inte l\u00e4mpliga f\u00f6r internt bruk.<\/span><\/strong><\/p>\n","protected":false},"excerpt":{"rendered":"<p>Latinskt namn:&nbsp;Juniperus Virginiana&nbsp; Del av v\u00e4xt som anv\u00e4nds: Tr\u00e4&nbsp; Ursprung: USA&nbsp; Extraktionsmetod:&nbsp;\u00c5ngdestillation&nbsp; Cedertr\u00e4 \u00e4r en v\u00e4xt som vanligtvis f\u00f6rekommer i kalla klimat och finns normalt p\u00e5 h\u00f6ga h\u00f6jder. H\u00e4lsof\u00f6rdelarna med Cedertr\u00e4 Virginian Eterisk Olja kan tillskrivas dess egenskaper som en antiseborroisk, antiseptisk, krampl\u00f6sande, st\u00e4rkande, sammandragande, urindrivande, emmenagogisk, sleml\u00f6sande, insekticid, lugnande och svampd\u00f6dande substans.&nbsp; Cedertr\u00e4 Eterisk [&hellip;]<\/p>\n","protected":false},"featured_media":268435,"comment_status":"closed","ping_status":"open","template":"","meta":{"_angie_page":false},"product_brand":[27091],"product_cat":[11868,26010,25845,13648,26899],"product_tag":[],"class_list":{"0":"post-216786","1":"product","2":"type-product","3":"status-publish","4":"has-post-thumbnail","6":"product_brand-ancient-wisdom","7":"product_cat-aromaterapi-och-rumsdofter","8":"product_cat-ceder","9":"product_cat-dofter-aromer","10":"product_cat-eteriska-oljor","11":"product_cat-traig","12":"pa_collection-50ml-essential-oil-sv","13":"pa_made-in-usa","14":"pa_size-50ml","16":"first","17":"instock","18":"purchasable","19":"product-type-simple"},"supplier_id":null,"supplier_sku":"PrEO-50","barcode":null,"atum_controlled":true,"out_stock_date":null,"out_stock_threshold":null,"inheritable":false,"inbound_stock":null,"stock_on_hold":0,"sold_today":0,"sales_last_days":0,"reserved_stock":null,"customer_returns":null,"warehouse_damage":null,"lost_in_post":null,"other_logs":null,"out_stock_days":0,"lost_sales":0,"has_location":null,"update_date":"2026-04-27T07:18:26","atum_locations":[],"atum_stock_status":"instock","restock_status":false,"low_stock_amount":"","sales_update_date":"2025-09-05T00:18:10","calc_backorders":null,"_links":{"self":[{"href":"https:\/\/aromasentia.com\/sv\/wp-json\/wp\/v2\/product\/216786","targetHints":{"allow":["GET"]}}],"collection":[{"href":"https:\/\/aromasentia.com\/sv\/wp-json\/wp\/v2\/product"}],"about":[{"href":"https:\/\/aromasentia.com\/sv\/wp-json\/wp\/v2\/types\/product"}],"replies":[{"embeddable":true,"href":"https:\/\/aromasentia.com\/sv\/wp-json\/wp\/v2\/comments?post=216786"}],"version-history":[{"count":0,"href":"https:\/\/aromasentia.com\/sv\/wp-json\/wp\/v2\/product\/216786\/revisions"}],"wp:featuredmedia":[{"embeddable":true,"href":"https:\/\/aromasentia.com\/sv\/wp-json\/wp\/v2\/media\/268435"}],"wp:attachment":[{"href":"https:\/\/aromasentia.com\/sv\/wp-json\/wp\/v2\/media?parent=216786"}],"wp:term":[{"taxonomy":"product_brand","embeddable":true,"href":"https:\/\/aromasentia.com\/sv\/wp-json\/wp\/v2\/product_brand?post=216786"},{"taxonomy":"product_cat","embeddable":true,"href":"https:\/\/aromasentia.com\/sv\/wp-json\/wp\/v2\/product_cat?post=216786"},{"taxonomy":"product_tag","embeddable":true,"href":"https:\/\/aromasentia.com\/sv\/wp-json\/wp\/v2\/product_tag?post=216786"}],"curies":[{"name":"wp","href":"https:\/\/api.w.org\/{rel}","templated":true}]}}