{"id":216785,"date":"2025-03-20T15:15:26","date_gmt":"2025-03-20T15:15:26","guid":{"rendered":"https:\/\/aromasentia.com\/product\/sage-50ml-essential-oil\/"},"modified":"2025-12-31T15:47:00","modified_gmt":"2025-12-31T15:47:00","slug":"salvia-eterisk-olja-50ml","status":"publish","type":"product","link":"https:\/\/aromasentia.com\/sv\/salvia-eterisk-olja-50ml\/","title":{"rendered":"Salvia Eterisk Olja 50ml"},"content":{"rendered":"<p><strong>Latinskt namn:<\/strong> <em>Salvia Officinalis&nbsp;<\/em><\/p>\n<p><strong>Del av v\u00e4xt som anv\u00e4nds<\/strong><strong>:<\/strong><em>&nbsp;Torkade l\u00f6v&nbsp;<\/em><\/p>\n<p><strong>Ursprung:&nbsp;<\/strong><em>Spanien&nbsp;<\/em><\/p>\n<p><strong>Extraktionsmetod:&nbsp;<\/strong><em>\u00c5ngdestillation<\/em><em>&nbsp;<\/em><\/p>\n<p>H\u00e4lsof\u00f6rdelarna med Salvia Eterisk Olja kan tillskrivas dess egenskaper som en svampd\u00f6dande, antimikrobiell, antioxidant, antiseptisk, antiinflammatorisk, krampl\u00f6sande, antibakteriell, kolagogisk och koleretisk, cikatriserande, renande, matsm\u00e4ltnings-, desinfektionsmedel, emmenagogisk, sleml\u00f6sande, och stimulerande substans.&nbsp;<\/p>\n<p>N\u00e4rvaron av kamfer och kamfen i denna eteriska olja ger den en svampd\u00f6dande egenskap. Denna olja kan h\u00e4mma svampinfektioner b\u00e5de internt och externt, och ger lindring fr\u00e5n svampinfektioner som dysenteri, hudsjukdomar, fotsvamp eller dermatit. Denna egenskap \u00e4r en av orsakerna bakom dess anv\u00e4ndning i hudv\u00e5rdsprodukter.&nbsp;<\/p>\n<p>Salvia Eterisk Olja hj\u00e4lper till med matsm\u00e4ltningen, lugnar magen och f\u00f6rb\u00e4ttrar funktionaliteten av hela matsm\u00e4ltningssystemet. Den neutraliserar ocks\u00e5 syror i magen och blodomloppet och ger d\u00e4rigenom lindring fr\u00e5n surhet, vilket i sin tur skyddar oss fr\u00e5n mags\u00e5r, b\u00f6lder, utbrott och hudsjukdomar som uppst\u00e5r n\u00e4r niv\u00e5er av syra stiger i blodet.&nbsp;<\/p>\n<p><strong><span style=\"color: rgb(84, 172, 210);\">OBS: V\u00e5ra eteriska oljor \u00e4r inte l\u00e4mpliga f\u00f6r internt bruk.<\/span><\/strong><\/p>\n","protected":false},"excerpt":{"rendered":"<p>Latinskt namn: Salvia Officinalis&nbsp; Del av v\u00e4xt som anv\u00e4nds:&nbsp;Torkade l\u00f6v&nbsp; Ursprung:&nbsp;Spanien&nbsp; Extraktionsmetod:&nbsp;\u00c5ngdestillation&nbsp; H\u00e4lsof\u00f6rdelarna med Salvia Eterisk Olja kan tillskrivas dess egenskaper som en svampd\u00f6dande, antimikrobiell, antioxidant, antiseptisk, antiinflammatorisk, krampl\u00f6sande, antibakteriell, kolagogisk och koleretisk, cikatriserande, renande, matsm\u00e4ltnings-, desinfektionsmedel, emmenagogisk, sleml\u00f6sande, och stimulerande substans.&nbsp; N\u00e4rvaron av kamfer och kamfen i denna eteriska olja ger den en svampd\u00f6dande [&hellip;]<\/p>\n","protected":false},"featured_media":268426,"comment_status":"closed","ping_status":"open","template":"","meta":{"_angie_page":false},"product_brand":[27091],"product_cat":[11868,25845,13648,26864,26062],"product_tag":[],"class_list":{"0":"post-216785","1":"product","2":"type-product","3":"status-publish","4":"has-post-thumbnail","6":"product_brand-ancient-wisdom","7":"product_cat-aromaterapi-och-rumsdofter","8":"product_cat-dofter-aromer","9":"product_cat-eteriska-oljor","10":"product_cat-ort-aromatisk","11":"product_cat-salvia","12":"pa_collection-50ml-essential-oil-sv","13":"pa_made-in-spanien","14":"pa_size-50ml","16":"first","17":"instock","18":"purchasable","19":"product-type-simple"},"supplier_id":null,"supplier_sku":"PrEO-47","barcode":null,"atum_controlled":true,"out_stock_date":null,"out_stock_threshold":null,"inheritable":false,"inbound_stock":null,"stock_on_hold":0,"sold_today":0,"sales_last_days":0,"reserved_stock":null,"customer_returns":null,"warehouse_damage":null,"lost_in_post":null,"other_logs":null,"out_stock_days":0,"lost_sales":0,"has_location":null,"update_date":"2026-04-29T01:07:01","atum_locations":[],"atum_stock_status":"instock","restock_status":false,"low_stock_amount":"","sales_update_date":"2025-09-05T00:18:09","calc_backorders":null,"_links":{"self":[{"href":"https:\/\/aromasentia.com\/sv\/wp-json\/wp\/v2\/product\/216785","targetHints":{"allow":["GET"]}}],"collection":[{"href":"https:\/\/aromasentia.com\/sv\/wp-json\/wp\/v2\/product"}],"about":[{"href":"https:\/\/aromasentia.com\/sv\/wp-json\/wp\/v2\/types\/product"}],"replies":[{"embeddable":true,"href":"https:\/\/aromasentia.com\/sv\/wp-json\/wp\/v2\/comments?post=216785"}],"version-history":[{"count":0,"href":"https:\/\/aromasentia.com\/sv\/wp-json\/wp\/v2\/product\/216785\/revisions"}],"wp:featuredmedia":[{"embeddable":true,"href":"https:\/\/aromasentia.com\/sv\/wp-json\/wp\/v2\/media\/268426"}],"wp:attachment":[{"href":"https:\/\/aromasentia.com\/sv\/wp-json\/wp\/v2\/media?parent=216785"}],"wp:term":[{"taxonomy":"product_brand","embeddable":true,"href":"https:\/\/aromasentia.com\/sv\/wp-json\/wp\/v2\/product_brand?post=216785"},{"taxonomy":"product_cat","embeddable":true,"href":"https:\/\/aromasentia.com\/sv\/wp-json\/wp\/v2\/product_cat?post=216785"},{"taxonomy":"product_tag","embeddable":true,"href":"https:\/\/aromasentia.com\/sv\/wp-json\/wp\/v2\/product_tag?post=216785"}],"curies":[{"name":"wp","href":"https:\/\/api.w.org\/{rel}","templated":true}]}}