{"id":216781,"date":"2025-03-20T15:15:26","date_gmt":"2025-03-20T15:15:26","guid":{"rendered":"https:\/\/aromasentia.com\/product\/rose-dilute-50ml-essential-oil\/"},"modified":"2025-12-31T15:47:00","modified_gmt":"2025-12-31T15:47:00","slug":"ros-utspadd-eterisk-olja-50ml","status":"publish","type":"product","link":"https:\/\/aromasentia.com\/sv\/ros-utspadd-eterisk-olja-50ml\/","title":{"rendered":"Ros Utsp\u00e4dd Eterisk Olja 50ml"},"content":{"rendered":"<p><strong>Latinskt namn: <\/strong><em>Rosa Centifolia<\/em><\/p>\n<p><strong>Del av v\u00e4xt som anv\u00e4nd<\/strong><strong>s: <\/strong><em>Kronblad <\/em><\/p>\n<p><strong>Ursprung: <\/strong><em>Marocko <\/em><\/p>\n<p><strong>Extraktionsmetod:<\/strong> <em>L\u00f6sningsmedelsextraktion <\/em><\/p>\n<p><strong>5% utsp\u00e4dning i druvk\u00e4rneolja <\/strong><\/p>\n<p>Ros Eterisk Olja \u00e4r mer \u00e4n bara en vacker blommig doft. Den har flera terapeutiska egenskaper som g\u00f6r den till en fantastisk tillsats i hudv\u00e5rdsprodukter. Den fungerar bland annat som en antidepressiv, antiseptisk, sammandragande och lugnande substans. Ros Eterisk Olja \u00e4r k\u00e4nd f\u00f6r sina antidepressiva egenskaper. Den hj\u00e4lper till att \u00f6ka sj\u00e4lvf\u00f6rtroendet, f\u00f6rb\u00e4ttra mental h\u00e4lsa och bek\u00e4mpa depression.<\/p>\n<p>Akne uppst\u00e5r oftast n\u00e4r det finns en \u00f6verproduktion av talg i en persons porer, men \u00f6kade bakterier spelar ocks\u00e5 en stor roll i utvecklingen av akne. Som tur \u00e4r, har Ros Eterisk Olja flera egenskaper som minskar akne, inklusive sammandragande, antivirala och bakteried\u00f6dande.&nbsp;<\/p>\n<p><strong><span style=\"color: rgb(84, 172, 210);\">OBS: V\u00e5ra eteriska oljor \u00e4r inte l\u00e4mpliga f\u00f6r internt bruk.<\/span><\/strong><\/p>\n","protected":false},"excerpt":{"rendered":"<p>Latinskt namn: Rosa Centifolia Del av v\u00e4xt som anv\u00e4nds: Kronblad Ursprung: Marocko Extraktionsmetod: L\u00f6sningsmedelsextraktion 5% utsp\u00e4dning i druvk\u00e4rneolja Ros Eterisk Olja \u00e4r mer \u00e4n bara en vacker blommig doft. Den har flera terapeutiska egenskaper som g\u00f6r den till en fantastisk tillsats i hudv\u00e5rdsprodukter. Den fungerar bland annat som en antidepressiv, antiseptisk, sammandragande och lugnande substans. [&hellip;]<\/p>\n","protected":false},"featured_media":268390,"comment_status":"closed","ping_status":"open","template":"","meta":{"_angie_page":false},"product_brand":[27091],"product_cat":[11868,26836,25845,13648,26059],"product_tag":[],"class_list":{"0":"post-216781","1":"product","2":"type-product","3":"status-publish","4":"has-post-thumbnail","6":"product_brand-ancient-wisdom","7":"product_cat-aromaterapi-och-rumsdofter","8":"product_cat-blommig","9":"product_cat-dofter-aromer","10":"product_cat-eteriska-oljor","11":"product_cat-ros","12":"pa_collection-50ml-essential-oil-sv","13":"pa_made-in-storbritannien","14":"pa_size-50ml","16":"first","17":"instock","18":"purchasable","19":"product-type-simple"},"supplier_id":null,"supplier_sku":"PrEO-41","barcode":null,"atum_controlled":true,"out_stock_date":null,"out_stock_threshold":null,"inheritable":false,"inbound_stock":0,"stock_on_hold":0,"sold_today":0,"sales_last_days":0,"reserved_stock":0,"customer_returns":0,"warehouse_damage":0,"lost_in_post":0,"other_logs":0,"out_stock_days":0,"lost_sales":0,"has_location":false,"update_date":"2026-05-08T05:16:52","atum_locations":[],"atum_stock_status":"instock","restock_status":false,"low_stock_amount":"","sales_update_date":"2026-02-06T00:01:40","calc_backorders":null,"_links":{"self":[{"href":"https:\/\/aromasentia.com\/sv\/wp-json\/wp\/v2\/product\/216781","targetHints":{"allow":["GET"]}}],"collection":[{"href":"https:\/\/aromasentia.com\/sv\/wp-json\/wp\/v2\/product"}],"about":[{"href":"https:\/\/aromasentia.com\/sv\/wp-json\/wp\/v2\/types\/product"}],"replies":[{"embeddable":true,"href":"https:\/\/aromasentia.com\/sv\/wp-json\/wp\/v2\/comments?post=216781"}],"version-history":[{"count":0,"href":"https:\/\/aromasentia.com\/sv\/wp-json\/wp\/v2\/product\/216781\/revisions"}],"wp:featuredmedia":[{"embeddable":true,"href":"https:\/\/aromasentia.com\/sv\/wp-json\/wp\/v2\/media\/268390"}],"wp:attachment":[{"href":"https:\/\/aromasentia.com\/sv\/wp-json\/wp\/v2\/media?parent=216781"}],"wp:term":[{"taxonomy":"product_brand","embeddable":true,"href":"https:\/\/aromasentia.com\/sv\/wp-json\/wp\/v2\/product_brand?post=216781"},{"taxonomy":"product_cat","embeddable":true,"href":"https:\/\/aromasentia.com\/sv\/wp-json\/wp\/v2\/product_cat?post=216781"},{"taxonomy":"product_tag","embeddable":true,"href":"https:\/\/aromasentia.com\/sv\/wp-json\/wp\/v2\/product_tag?post=216781"}],"curies":[{"name":"wp","href":"https:\/\/api.w.org\/{rel}","templated":true}]}}