{"id":216778,"date":"2025-03-20T15:15:45","date_gmt":"2025-03-20T15:15:45","guid":{"rendered":"https:\/\/aromasentia.com\/product\/bay-leaf-50ml-essential-oil\/"},"modified":"2025-12-31T15:47:00","modified_gmt":"2025-12-31T15:47:00","slug":"lagerblad-eterisk-olja-50ml","status":"publish","type":"product","link":"https:\/\/aromasentia.com\/sv\/lagerblad-eterisk-olja-50ml\/","title":{"rendered":"Lagerblad Eterisk Olja 50ml"},"content":{"rendered":"<p><strong>Latinskt namn: <\/strong><em>Pimenta <\/em><em>Racemosa<\/em><strong> <\/strong><\/p>\n<p><strong>Del av v\u00e4xt som anv\u00e4nds<\/strong><strong>:<\/strong> <em>L\u00f6v <\/em><\/p>\n<p><strong>Ursprung: <\/strong><em>Karibien <\/em><\/p>\n<p><strong>Extraktionsmetod:<\/strong> <em>\u00c5ngdestillation&nbsp;<\/em><\/p>\n<p>V\u00e4stindiska lagertr\u00e4det \u00e4r \u00e4nnu en v\u00e4xt som har blivit uppskattad f\u00f6r sina anv\u00e4ndningsomr\u00e5den inom medicin och matlagning. Lagerbladen har anv\u00e4nts i olika typer av matlagning och kryddor, och frukten \u00e4r en av ingredienserna i All Spice.&nbsp;<\/p>\n<p>Lagerbladen har l\u00e4nge anv\u00e4nts i h\u00e5rtonic, d\u00e5 de s\u00e4gs ha gynsamma effekter p\u00e5 h\u00e5rbotten, samt att behandla sj\u00e4lva h\u00e5ret och fr\u00e4mja tillv\u00e4xten. Det s\u00e4gs ocks\u00e5 att lagerblad \u00e4r bra f\u00f6r v\u00e4rk, sm\u00e4rta, cirkulation och reumatism, samt \u00e4r ett st\u00f6d f\u00f6r immunf\u00f6rsvaret n\u00e4r man k\u00e4mpar mot sjukdomar.&nbsp;<\/p>\n<p><strong><span style=\"color: rgb(84, 172, 210);\">OBS: V\u00e5ra eteriska oljor \u00e4r inte l\u00e4mpliga f\u00f6r internt bruk.<\/span><\/strong><\/p>\n","protected":false},"excerpt":{"rendered":"<p>Latinskt namn: Pimenta Racemosa Del av v\u00e4xt som anv\u00e4nds: L\u00f6v Ursprung: Karibien Extraktionsmetod: \u00c5ngdestillation&nbsp; V\u00e4stindiska lagertr\u00e4det \u00e4r \u00e4nnu en v\u00e4xt som har blivit uppskattad f\u00f6r sina anv\u00e4ndningsomr\u00e5den inom medicin och matlagning. Lagerbladen har anv\u00e4nts i olika typer av matlagning och kryddor, och frukten \u00e4r en av ingredienserna i All Spice.&nbsp; Lagerbladen har l\u00e4nge anv\u00e4nts i [&hellip;]<\/p>\n","protected":false},"featured_media":268597,"comment_status":"closed","ping_status":"open","template":"","meta":{"_angie_page":false},"product_brand":[27091],"product_cat":[11868,25845,13648,26004,26864],"product_tag":[],"class_list":{"0":"post-216778","1":"product","2":"type-product","3":"status-publish","4":"has-post-thumbnail","6":"product_brand-ancient-wisdom","7":"product_cat-aromaterapi-och-rumsdofter","8":"product_cat-dofter-aromer","9":"product_cat-eteriska-oljor","10":"product_cat-lagerblad","11":"product_cat-ort-aromatisk","12":"pa_collection-50ml-essential-oil-sv","13":"pa_made-in-karibiska-nederlanderna","14":"pa_size-50ml","16":"first","17":"instock","18":"purchasable","19":"product-type-simple"},"supplier_id":null,"supplier_sku":"PrEO-73","barcode":null,"atum_controlled":true,"out_stock_date":null,"out_stock_threshold":null,"inheritable":false,"inbound_stock":null,"stock_on_hold":0,"sold_today":0,"sales_last_days":0,"reserved_stock":null,"customer_returns":null,"warehouse_damage":null,"lost_in_post":null,"other_logs":null,"out_stock_days":0,"lost_sales":0,"has_location":null,"update_date":"2026-04-27T07:18:30","atum_locations":[],"atum_stock_status":"instock","restock_status":false,"low_stock_amount":"","sales_update_date":"2026-01-30T01:25:48","calc_backorders":null,"_links":{"self":[{"href":"https:\/\/aromasentia.com\/sv\/wp-json\/wp\/v2\/product\/216778","targetHints":{"allow":["GET"]}}],"collection":[{"href":"https:\/\/aromasentia.com\/sv\/wp-json\/wp\/v2\/product"}],"about":[{"href":"https:\/\/aromasentia.com\/sv\/wp-json\/wp\/v2\/types\/product"}],"replies":[{"embeddable":true,"href":"https:\/\/aromasentia.com\/sv\/wp-json\/wp\/v2\/comments?post=216778"}],"version-history":[{"count":0,"href":"https:\/\/aromasentia.com\/sv\/wp-json\/wp\/v2\/product\/216778\/revisions"}],"wp:featuredmedia":[{"embeddable":true,"href":"https:\/\/aromasentia.com\/sv\/wp-json\/wp\/v2\/media\/268597"}],"wp:attachment":[{"href":"https:\/\/aromasentia.com\/sv\/wp-json\/wp\/v2\/media?parent=216778"}],"wp:term":[{"taxonomy":"product_brand","embeddable":true,"href":"https:\/\/aromasentia.com\/sv\/wp-json\/wp\/v2\/product_brand?post=216778"},{"taxonomy":"product_cat","embeddable":true,"href":"https:\/\/aromasentia.com\/sv\/wp-json\/wp\/v2\/product_cat?post=216778"},{"taxonomy":"product_tag","embeddable":true,"href":"https:\/\/aromasentia.com\/sv\/wp-json\/wp\/v2\/product_tag?post=216778"}],"curies":[{"name":"wp","href":"https:\/\/api.w.org\/{rel}","templated":true}]}}