{"id":216774,"date":"2025-03-20T15:15:45","date_gmt":"2025-03-20T15:15:45","guid":{"rendered":"https:\/\/aromasentia.com\/product\/cumin-seed-50ml-essential-oil\/"},"modified":"2025-12-31T15:46:53","modified_gmt":"2025-12-31T15:46:53","slug":"kummin-fro-eterisk-olja-50ml","status":"publish","type":"product","link":"https:\/\/aromasentia.com\/sv\/kummin-fro-eterisk-olja-50ml\/","title":{"rendered":"Kummin Fr\u00f6 Eterisk Olja 50ml"},"content":{"rendered":"<p><strong>Latinskt namn:&nbsp;<\/strong><em>Cuminum Cyminum&nbsp;<\/em><\/p>\n<p><strong>Del av v\u00e4xt som anv\u00e4nds:&nbsp;<\/strong><em>Fr\u00f6n&nbsp;<\/em><\/p>\n<p><strong>Ursprung<\/strong><strong>:<\/strong> <em>Egypten&nbsp;<\/em><\/p>\n<p><strong>Extraktionsmetod:&nbsp;<\/strong><em>\u00c5ngdestillation<\/em>&nbsp;<\/p>\n<p>Den eteriska oljan av kummin extraheras fr\u00e5n dess torkade och krossade fr\u00f6n genom en process av \u00e5ngdestillation. Kummin \u00e4r ganska popul\u00e4r som krydda \u00f6ver hela v\u00e4rlden och den beh\u00f6ver knappast n\u00e5gon introduktion.&nbsp;<\/p>\n<p>Kummin Fr\u00f6 Eterisk Olja har starka antimikrobiella och antibakteriella egenskaper. Den visade sig vara mycket effektiv mot bakterier, s\u00e5som mikroorganismer som E. coli., S. aureus, S. faecalis.&nbsp;<\/p>\n<p>Man tror att den kan behandla inre bakterieinfektioner som de i tjocktarmen, magen, tarmen och urinv\u00e4garna, s\u00e5v\u00e4l som yttre infektioner p\u00e5 huden.&nbsp;<\/p>\n<p><strong><span style=\"color: rgb(84, 172, 210);\">OBS: V\u00e5ra eteriska oljor \u00e4r inte l\u00e4mpliga f\u00f6r internt bruk.<\/span><\/strong><\/p>\n","protected":false},"excerpt":{"rendered":"<p>Latinskt namn:&nbsp;Cuminum Cyminum&nbsp; Del av v\u00e4xt som anv\u00e4nds:&nbsp;Fr\u00f6n&nbsp; Ursprung: Egypten&nbsp; Extraktionsmetod:&nbsp;\u00c5ngdestillation&nbsp; Den eteriska oljan av kummin extraheras fr\u00e5n dess torkade och krossade fr\u00f6n genom en process av \u00e5ngdestillation. Kummin \u00e4r ganska popul\u00e4r som krydda \u00f6ver hela v\u00e4rlden och den beh\u00f6ver knappast n\u00e5gon introduktion.&nbsp; Kummin Fr\u00f6 Eterisk Olja har starka antimikrobiella och antibakteriella egenskaper. Den visade [&hellip;]<\/p>\n","protected":false},"featured_media":268561,"comment_status":"closed","ping_status":"open","template":"","meta":[],"product_brand":[27091],"product_cat":[11868,25845,13648,26892,26018],"product_tag":[],"class_list":{"0":"post-216774","1":"product","2":"type-product","3":"status-publish","4":"has-post-thumbnail","6":"product_brand-ancient-wisdom","7":"product_cat-aromaterapi-och-rumsdofter","8":"product_cat-dofter-aromer","9":"product_cat-eteriska-oljor","10":"product_cat-kryddig","11":"product_cat-spiskumminfro","12":"pa_collection-50ml-essential-oil-sv","13":"pa_made-in-egypten","14":"pa_size-50ml","16":"first","17":"instock","18":"purchasable","19":"product-type-simple"},"supplier_id":null,"supplier_sku":"PrEO-66","barcode":null,"atum_controlled":true,"out_stock_date":null,"out_stock_threshold":null,"inheritable":false,"inbound_stock":null,"stock_on_hold":0,"sold_today":0,"sales_last_days":0,"reserved_stock":null,"customer_returns":null,"warehouse_damage":null,"lost_in_post":null,"other_logs":null,"out_stock_days":0,"lost_sales":0,"has_location":null,"update_date":"2026-01-30T01:25:53","atum_locations":[],"atum_stock_status":"instock","restock_status":false,"low_stock_amount":"","sales_update_date":"2026-01-30T01:25:53","calc_backorders":null,"_links":{"self":[{"href":"https:\/\/aromasentia.com\/sv\/wp-json\/wp\/v2\/product\/216774","targetHints":{"allow":["GET"]}}],"collection":[{"href":"https:\/\/aromasentia.com\/sv\/wp-json\/wp\/v2\/product"}],"about":[{"href":"https:\/\/aromasentia.com\/sv\/wp-json\/wp\/v2\/types\/product"}],"replies":[{"embeddable":true,"href":"https:\/\/aromasentia.com\/sv\/wp-json\/wp\/v2\/comments?post=216774"}],"version-history":[{"count":0,"href":"https:\/\/aromasentia.com\/sv\/wp-json\/wp\/v2\/product\/216774\/revisions"}],"wp:featuredmedia":[{"embeddable":true,"href":"https:\/\/aromasentia.com\/sv\/wp-json\/wp\/v2\/media\/268561"}],"wp:attachment":[{"href":"https:\/\/aromasentia.com\/sv\/wp-json\/wp\/v2\/media?parent=216774"}],"wp:term":[{"taxonomy":"product_brand","embeddable":true,"href":"https:\/\/aromasentia.com\/sv\/wp-json\/wp\/v2\/product_brand?post=216774"},{"taxonomy":"product_cat","embeddable":true,"href":"https:\/\/aromasentia.com\/sv\/wp-json\/wp\/v2\/product_cat?post=216774"},{"taxonomy":"product_tag","embeddable":true,"href":"https:\/\/aromasentia.com\/sv\/wp-json\/wp\/v2\/product_tag?post=216774"}],"curies":[{"name":"wp","href":"https:\/\/api.w.org\/{rel}","templated":true}]}}