{"id":216773,"date":"2025-03-20T15:15:45","date_gmt":"2025-03-20T15:15:45","guid":{"rendered":"https:\/\/aromasentia.com\/product\/frankincense-pure-50ml-essential-oil\/"},"modified":"2025-12-31T15:46:53","modified_gmt":"2025-12-31T15:46:53","slug":"rokelse-ren-eterisk-olja-50ml","status":"publish","type":"product","link":"https:\/\/aromasentia.com\/sv\/rokelse-ren-eterisk-olja-50ml\/","title":{"rendered":"R\u00f6kelse (Ren) Eterisk Olja  50ml"},"content":{"rendered":"<p><strong>Latinskt namn:&nbsp;<\/strong><em>Boswellia Carterii&nbsp;<\/em><\/p>\n<p><strong>Del av v\u00e4xt som anv\u00e4nds:&nbsp;<\/strong><em>Harts&nbsp;<\/em><\/p>\n<p><strong>Ursprung:&nbsp;<\/strong><em>Somalia&nbsp;<\/em><\/p>\n<p><strong>Extraktionsmetod:<\/strong> <em>\u00c5ngdestillation&nbsp;<\/em><\/p>\n<p>R\u00f6kelse Eterisk Olja \u00e4r \u00e5ngdestillerad fr\u00e5n hartset av Boswellia Carterii-tr\u00e4det, fr\u00e5n familjen Burseraceae, och \u00e4r \u00e4ven k\u00e4nd som Olibanum. Tr\u00e4det \u00e4r inhemskt i Mellan\u00f6stern och s\u00e4gs existera i naturlig bonsaiformation i det uttorkade landet. R\u00f6kelse s\u00e4gs symbolisera gudomlighet.&nbsp;<\/p>\n<p>Denna olja \u00e4r den mest popul\u00e4ra inom aromaterapi f\u00f6r sina lugnande egenskaper. Den s\u00e4gs hj\u00e4lpa till att l\u00e4ka s\u00e5r och f\u00f6rhindra \u00e4rr. Den anv\u00e4nds f\u00f6r att tona ansiktet, ta bort rynkor och undvika bristningar i kosmetiska produkter. R\u00f6kelse Eterisk Olja har anv\u00e4nts f\u00f6r att lindra \u00e5ngest, stress, astma, bronkit, laryngit och d\u00e5lig hosta. Den \u00e4r en allm\u00e4n tonic f\u00f6r livmodern, har en lugnande effekt under f\u00f6rlossningen och hj\u00e4lper till att lindra kraftiga menstruationer. Den \u00e4r mest anv\u00e4ndbar under meditation. Undvik under graviditeten.&nbsp;<\/p>\n<p>Forntida egyptier br\u00e4nde r\u00f6kelse och anv\u00e4nde den som en ansiktsmask. De malde det br\u00e4nda hartset till ett pulver som kallas kohl, som anv\u00e4nds f\u00f6r att framh\u00e4va \u00f6gonen. Kohl-fodrade \u00f6gon ses ofta i egyptisk konst. De tidigaste uppgifterna om anv\u00e4ndning av r\u00f6kelse hittades i en gravinskription av den egyptiska drottningen Hatshepsut fr\u00e5n 1400-talet f.Kr. Den anv\u00e4ndes f\u00f6r att desinficera de sjuka och f\u00f6rvisa onda andar.&nbsp;<\/p>\n<p><strong><span style=\"color: rgb(84, 172, 210);\">OBS: V\u00e5ra eteriska oljor \u00e4r inte l\u00e4mpliga f\u00f6r internt bruk.<\/span><\/strong><\/p>\n","protected":false},"excerpt":{"rendered":"<p>Latinskt namn:&nbsp;Boswellia Carterii&nbsp; Del av v\u00e4xt som anv\u00e4nds:&nbsp;Harts&nbsp; Ursprung:&nbsp;Somalia&nbsp; Extraktionsmetod: \u00c5ngdestillation&nbsp; R\u00f6kelse Eterisk Olja \u00e4r \u00e5ngdestillerad fr\u00e5n hartset av Boswellia Carterii-tr\u00e4det, fr\u00e5n familjen Burseraceae, och \u00e4r \u00e4ven k\u00e4nd som Olibanum. Tr\u00e4det \u00e4r inhemskt i Mellan\u00f6stern och s\u00e4gs existera i naturlig bonsaiformation i det uttorkade landet. R\u00f6kelse s\u00e4gs symbolisera gudomlighet.&nbsp; Denna olja \u00e4r den mest popul\u00e4ra [&hellip;]<\/p>\n","protected":false},"featured_media":268552,"comment_status":"closed","ping_status":"open","template":"","meta":{"_angie_page":false},"product_brand":[27091],"product_cat":[11868,25845,13648,26023,26885],"product_tag":[],"class_list":{"0":"post-216773","1":"product","2":"type-product","3":"status-publish","4":"has-post-thumbnail","6":"product_brand-ancient-wisdom","7":"product_cat-aromaterapi-och-rumsdofter","8":"product_cat-dofter-aromer","9":"product_cat-eteriska-oljor","10":"product_cat-frankincense-rokelse","11":"product_cat-hartsartad-balsamisk","12":"pa_collection-50ml-essential-oil-sv","13":"pa_made-in-somalia","14":"pa_size-50ml","16":"first","17":"instock","18":"purchasable","19":"product-type-simple"},"supplier_id":null,"supplier_sku":"PrEO-65","barcode":null,"atum_controlled":true,"out_stock_date":null,"out_stock_threshold":null,"inheritable":false,"inbound_stock":null,"stock_on_hold":0,"sold_today":0,"sales_last_days":0,"reserved_stock":null,"customer_returns":null,"warehouse_damage":null,"lost_in_post":null,"other_logs":null,"out_stock_days":0,"lost_sales":0,"has_location":null,"update_date":"2026-05-08T05:16:52","atum_locations":[],"atum_stock_status":"instock","restock_status":false,"low_stock_amount":"","sales_update_date":"2025-09-05T00:18:15","calc_backorders":null,"_links":{"self":[{"href":"https:\/\/aromasentia.com\/sv\/wp-json\/wp\/v2\/product\/216773","targetHints":{"allow":["GET"]}}],"collection":[{"href":"https:\/\/aromasentia.com\/sv\/wp-json\/wp\/v2\/product"}],"about":[{"href":"https:\/\/aromasentia.com\/sv\/wp-json\/wp\/v2\/types\/product"}],"replies":[{"embeddable":true,"href":"https:\/\/aromasentia.com\/sv\/wp-json\/wp\/v2\/comments?post=216773"}],"version-history":[{"count":0,"href":"https:\/\/aromasentia.com\/sv\/wp-json\/wp\/v2\/product\/216773\/revisions"}],"wp:featuredmedia":[{"embeddable":true,"href":"https:\/\/aromasentia.com\/sv\/wp-json\/wp\/v2\/media\/268552"}],"wp:attachment":[{"href":"https:\/\/aromasentia.com\/sv\/wp-json\/wp\/v2\/media?parent=216773"}],"wp:term":[{"taxonomy":"product_brand","embeddable":true,"href":"https:\/\/aromasentia.com\/sv\/wp-json\/wp\/v2\/product_brand?post=216773"},{"taxonomy":"product_cat","embeddable":true,"href":"https:\/\/aromasentia.com\/sv\/wp-json\/wp\/v2\/product_cat?post=216773"},{"taxonomy":"product_tag","embeddable":true,"href":"https:\/\/aromasentia.com\/sv\/wp-json\/wp\/v2\/product_tag?post=216773"}],"curies":[{"name":"wp","href":"https:\/\/api.w.org\/{rel}","templated":true}]}}