{"id":216769,"date":"2025-03-20T15:15:45","date_gmt":"2025-03-20T15:15:45","guid":{"rendered":"https:\/\/aromasentia.com\/product\/aniseed-china-star-star-anise-50ml-essential-oil\/"},"modified":"2025-12-31T15:46:53","modified_gmt":"2025-12-31T15:46:53","slug":"anis-china-star-stjarnanis-eterisk-olja-50ml","status":"publish","type":"product","link":"https:\/\/aromasentia.com\/sv\/anis-china-star-stjarnanis-eterisk-olja-50ml\/","title":{"rendered":"Anis China Star Stj\u00e4rnanis Eterisk Olja 50ml"},"content":{"rendered":"<p><strong>Latinskt namn:&nbsp;<\/strong><em>Illicium Verum&nbsp;<\/em><\/p>\n<p><strong>Del av v\u00e4xt som anv\u00e4nds:&nbsp;<\/strong><em>Frukt&nbsp;<\/em><\/p>\n<p><strong>Ursprung:&nbsp;<\/strong><em>Kina&nbsp;<\/em><\/p>\n<p><strong>Extraktionsmetod:<\/strong> <em>\u00c5ngdestillation&nbsp;<\/em><\/p>\n<p>Anis Eterisk Olja anv\u00e4nds f\u00f6r magbesv\u00e4r, tarmgas, &quot;rinnande n\u00e4sa&quot; och som ett sleml\u00f6sande medel f\u00f6r att \u00f6ka produktiv hosta, som ett diuretikum f\u00f6r att \u00f6ka urinfl\u00f6det och som ett aptitstimulerande medel.&nbsp;<\/p>\n<p>Denna olja kan ge lindring fr\u00e5n reumatiska och artritiska sm\u00e4rtor genom att stimulera blodcirkulationen och genom att minska sm\u00e4rtk\u00e4nslan i de drabbade omr\u00e5dena.&nbsp;<\/p>\n<p>Denna eteriska olja har ocks\u00e5 antiseptiska egenskaper, som ger s\u00e5ren ett effektivt skyddande lager mot infektioner och sepsis. Detta hj\u00e4lper till att l\u00e4ka s\u00e5r snabbare.&nbsp;<\/p>\n<p>Den v\u00e4rmande effekten av denna olja p\u00e5 andnings- och cirkulationssystemen hj\u00e4lper till att motverka kyla, avs\u00e4ttning av slem och problem som reumatism och artrit.&nbsp;<\/p>\n<p>Den eteriska anisoljan \u00e4r giftig f\u00f6r insekter och mindre djur, d\u00e4rf\u00f6r h\u00e5ller dess lukt insekter borta. Av denna anledning kan denna olja anv\u00e4ndas f\u00f6r att driva bort insekter genom att anv\u00e4nda den i gasningsmedel, f\u00f6r\u00e5ngare och sprayer.&nbsp;<\/p>\n<p><strong><span style=\"color: rgb(84, 172, 210);\">OBS: V\u00e5ra eteriska oljor \u00e4r inte l\u00e4mpliga f\u00f6r internt bruk.<\/span><\/strong><\/p>\n","protected":false},"excerpt":{"rendered":"<p>Latinskt namn:&nbsp;Illicium Verum&nbsp; Del av v\u00e4xt som anv\u00e4nds:&nbsp;Frukt&nbsp; Ursprung:&nbsp;Kina&nbsp; Extraktionsmetod: \u00c5ngdestillation&nbsp; Anis Eterisk Olja anv\u00e4nds f\u00f6r magbesv\u00e4r, tarmgas, &quot;rinnande n\u00e4sa&quot; och som ett sleml\u00f6sande medel f\u00f6r att \u00f6ka produktiv hosta, som ett diuretikum f\u00f6r att \u00f6ka urinfl\u00f6det och som ett aptitstimulerande medel.&nbsp; Denna olja kan ge lindring fr\u00e5n reumatiska och artritiska sm\u00e4rtor genom att stimulera [&hellip;]<\/p>\n","protected":false},"featured_media":268516,"comment_status":"closed","ping_status":"open","template":"","meta":{"_angie_page":false},"product_brand":[27091],"product_cat":[11868,25845,13648,26892,26002],"product_tag":[],"class_list":{"0":"post-216769","1":"product","2":"type-product","3":"status-publish","4":"has-post-thumbnail","6":"product_brand-ancient-wisdom","7":"product_cat-aromaterapi-och-rumsdofter","8":"product_cat-dofter-aromer","9":"product_cat-eteriska-oljor","10":"product_cat-kryddig","11":"product_cat-stjarnanis-kina-stjarnanis","12":"pa_collection-50ml-essential-oil-sv","13":"pa_made-in-kina","14":"pa_size-50ml","16":"first","17":"instock","18":"purchasable","19":"product-type-simple"},"supplier_id":null,"supplier_sku":"PrEO-60","barcode":null,"atum_controlled":true,"out_stock_date":null,"out_stock_threshold":null,"inheritable":false,"inbound_stock":null,"stock_on_hold":0,"sold_today":0,"sales_last_days":0,"reserved_stock":null,"customer_returns":null,"warehouse_damage":null,"lost_in_post":null,"other_logs":null,"out_stock_days":0,"lost_sales":0,"has_location":null,"update_date":"2026-04-30T13:09:32","atum_locations":[],"atum_stock_status":"instock","restock_status":false,"low_stock_amount":"","sales_update_date":"2026-02-06T00:01:43","calc_backorders":null,"_links":{"self":[{"href":"https:\/\/aromasentia.com\/sv\/wp-json\/wp\/v2\/product\/216769","targetHints":{"allow":["GET"]}}],"collection":[{"href":"https:\/\/aromasentia.com\/sv\/wp-json\/wp\/v2\/product"}],"about":[{"href":"https:\/\/aromasentia.com\/sv\/wp-json\/wp\/v2\/types\/product"}],"replies":[{"embeddable":true,"href":"https:\/\/aromasentia.com\/sv\/wp-json\/wp\/v2\/comments?post=216769"}],"version-history":[{"count":0,"href":"https:\/\/aromasentia.com\/sv\/wp-json\/wp\/v2\/product\/216769\/revisions"}],"wp:featuredmedia":[{"embeddable":true,"href":"https:\/\/aromasentia.com\/sv\/wp-json\/wp\/v2\/media\/268516"}],"wp:attachment":[{"href":"https:\/\/aromasentia.com\/sv\/wp-json\/wp\/v2\/media?parent=216769"}],"wp:term":[{"taxonomy":"product_brand","embeddable":true,"href":"https:\/\/aromasentia.com\/sv\/wp-json\/wp\/v2\/product_brand?post=216769"},{"taxonomy":"product_cat","embeddable":true,"href":"https:\/\/aromasentia.com\/sv\/wp-json\/wp\/v2\/product_cat?post=216769"},{"taxonomy":"product_tag","embeddable":true,"href":"https:\/\/aromasentia.com\/sv\/wp-json\/wp\/v2\/product_tag?post=216769"}],"curies":[{"name":"wp","href":"https:\/\/api.w.org\/{rel}","templated":true}]}}