{"id":216768,"date":"2025-03-20T15:15:45","date_gmt":"2025-03-20T15:15:45","guid":{"rendered":"https:\/\/aromasentia.com\/product\/benzoin-dilute-dpg-50ml-essential-oil\/"},"modified":"2025-12-31T15:46:53","modified_gmt":"2025-12-31T15:46:53","slug":"bensoin-utspadd-eterisk-olja-50ml","status":"publish","type":"product","link":"https:\/\/aromasentia.com\/sv\/bensoin-utspadd-eterisk-olja-50ml\/","title":{"rendered":"Bensoin (Utsp\u00e4dd) Eterisk Olja 50ml"},"content":{"rendered":"<p><strong>Latinskt namn:<\/strong> <em>Styrax Bensoin&nbsp;<\/em><\/p>\n<p><strong>Del av v\u00e4xt som anv\u00e4nds:<\/strong> <em>Harts&nbsp;<\/em><\/p>\n<p><strong>Ursprung:&nbsp;<\/strong><em>Filippinerna&nbsp;<\/em><\/p>\n<p><strong>Extraktionsmetod:<\/strong> <em>L\u00f6sningsmedelsextraktion&nbsp;<\/em><\/p>\n<p>De terapeutiska egenskaperna hos Bensoin Eterisk Olja inkluderar: antiinflammatorisk, antioxidant, antiseptisk och sammandragande. Den \u00e4r lugnande, v\u00e4rmande och stimulerande.&nbsp;<\/p>\n<p>Bensoin Eterisk Olja har anv\u00e4nts sedan urminnes tider som r\u00f6kelse, men ocks\u00e5 som medicin. Idag anv\u00e4nds den fortfarande huvudsakligen inom parfym- och r\u00f6kelseindustrin och doften anv\u00e4nds hos n\u00e5gra mycket v\u00e4lk\u00e4nda varum\u00e4rken \u00f6ver hela v\u00e4rlden.&nbsp;<\/p>\n<p>Bensoin har m\u00e5nga anv\u00e4ndningsomr\u00e5den inklusive sk\u00e4rs\u00e5r, sprucken och irriterad hud. Det s\u00e4gs ocks\u00e5 vara anv\u00e4ndbart vid andningsbesv\u00e4r som astma, bronkit och hosta. Bensoin kan ocks\u00e5 vara anv\u00e4ndbart f\u00f6r att bek\u00e4mpa stressrelaterade problem, s\u00e5v\u00e4l som influensa.&nbsp;<\/p>\n<p><strong><span style=\"color: rgb(84, 172, 210);\">OBS: V\u00e5ra eteriska oljor \u00e4r inte l\u00e4mpliga f\u00f6r internt bruk.<\/span><\/strong><\/p>\n","protected":false},"excerpt":{"rendered":"<p>Latinskt namn: Styrax Bensoin&nbsp; Del av v\u00e4xt som anv\u00e4nds: Harts&nbsp; Ursprung:&nbsp;Filippinerna&nbsp; Extraktionsmetod: L\u00f6sningsmedelsextraktion&nbsp; De terapeutiska egenskaperna hos Bensoin Eterisk Olja inkluderar: antiinflammatorisk, antioxidant, antiseptisk och sammandragande. Den \u00e4r lugnande, v\u00e4rmande och stimulerande.&nbsp; Bensoin Eterisk Olja har anv\u00e4nts sedan urminnes tider som r\u00f6kelse, men ocks\u00e5 som medicin. Idag anv\u00e4nds den fortfarande huvudsakligen inom parfym- och r\u00f6kelseindustrin [&hellip;]<\/p>\n","protected":false},"featured_media":268507,"comment_status":"closed","ping_status":"open","template":"","meta":{"_angie_page":false},"product_brand":[27091],"product_cat":[11868,26005,25845,13648,26885],"product_tag":[],"class_list":{"0":"post-216768","1":"product","2":"type-product","3":"status-publish","4":"has-post-thumbnail","6":"product_brand-ancient-wisdom","7":"product_cat-aromaterapi-och-rumsdofter","8":"product_cat-bensoin","9":"product_cat-dofter-aromer","10":"product_cat-eteriska-oljor","11":"product_cat-hartsartad-balsamisk","12":"pa_collection-50ml-essential-oil-sv","13":"pa_made-in-indonesien","14":"pa_size-50ml","16":"first","17":"instock","18":"purchasable","19":"product-type-simple"},"supplier_id":null,"supplier_sku":"PrEO-59","barcode":null,"atum_controlled":true,"out_stock_date":null,"out_stock_threshold":null,"inheritable":false,"inbound_stock":null,"stock_on_hold":0,"sold_today":0,"sales_last_days":0,"reserved_stock":null,"customer_returns":null,"warehouse_damage":null,"lost_in_post":null,"other_logs":null,"out_stock_days":0,"lost_sales":0,"has_location":null,"update_date":"2026-05-08T05:16:52","atum_locations":[],"atum_stock_status":"instock","restock_status":false,"low_stock_amount":"","sales_update_date":"2025-09-05T00:18:13","calc_backorders":null,"_links":{"self":[{"href":"https:\/\/aromasentia.com\/sv\/wp-json\/wp\/v2\/product\/216768","targetHints":{"allow":["GET"]}}],"collection":[{"href":"https:\/\/aromasentia.com\/sv\/wp-json\/wp\/v2\/product"}],"about":[{"href":"https:\/\/aromasentia.com\/sv\/wp-json\/wp\/v2\/types\/product"}],"replies":[{"embeddable":true,"href":"https:\/\/aromasentia.com\/sv\/wp-json\/wp\/v2\/comments?post=216768"}],"version-history":[{"count":0,"href":"https:\/\/aromasentia.com\/sv\/wp-json\/wp\/v2\/product\/216768\/revisions"}],"wp:featuredmedia":[{"embeddable":true,"href":"https:\/\/aromasentia.com\/sv\/wp-json\/wp\/v2\/media\/268507"}],"wp:attachment":[{"href":"https:\/\/aromasentia.com\/sv\/wp-json\/wp\/v2\/media?parent=216768"}],"wp:term":[{"taxonomy":"product_brand","embeddable":true,"href":"https:\/\/aromasentia.com\/sv\/wp-json\/wp\/v2\/product_brand?post=216768"},{"taxonomy":"product_cat","embeddable":true,"href":"https:\/\/aromasentia.com\/sv\/wp-json\/wp\/v2\/product_cat?post=216768"},{"taxonomy":"product_tag","embeddable":true,"href":"https:\/\/aromasentia.com\/sv\/wp-json\/wp\/v2\/product_tag?post=216768"}],"curies":[{"name":"wp","href":"https:\/\/api.w.org\/{rel}","templated":true}]}}