{"id":216767,"date":"2025-03-20T15:16:05","date_gmt":"2025-03-20T15:16:05","guid":{"rendered":"https:\/\/aromasentia.com\/product\/wintergreen-essential-oil-50ml\/"},"modified":"2025-12-31T15:46:53","modified_gmt":"2025-12-31T15:46:53","slug":"vintergron-eterisk-olja-50ml","status":"publish","type":"product","link":"https:\/\/aromasentia.com\/sv\/vintergron-eterisk-olja-50ml\/","title":{"rendered":"Vintergr\u00f6n Eterisk Olja 50ml"},"content":{"rendered":"<p><strong>Latinskt namn:&nbsp;<\/strong><em>Gaultheria<\/em><em>&nbsp;Fragrantissima&nbsp;<\/em><\/p>\n<p><strong>Del av v\u00e4xt som anv\u00e4nds:&nbsp;<\/strong>Blad<em>&nbsp;<\/em><\/p>\n<p><strong>Ursprung:&nbsp;<\/strong><em>Kina<\/em><strong>&nbsp;<\/strong><\/p>\n<p><strong>Extraktionsmetod:&nbsp;<\/strong><em>\u00c5ngdestillation<\/em><strong>&nbsp;<\/strong><\/p>\n<p><strong>Aromatisk beskrivning:&nbsp;<\/strong><em>S\u00f6t, mintig, uppfriskande<\/em><strong>&nbsp;<\/strong><\/p>\n<p>Vintergr\u00f6n Eterisk Olja kommer fr\u00e5n bladen p\u00e5 en krypande buske som finns i barrtr\u00e4dsomr\u00e5den. Metylsalicylat, som \u00e4r den huvudsakliga kemiska komponenten i vintergr\u00f6n, anv\u00e4nds i salvor f\u00f6r utv\u00e4rtes bruk och massageblandningar p\u00e5 grund av dess lugnande egenskaper.&nbsp;<\/p>\n<p>Faktum \u00e4r att vintergr\u00f6n och bj\u00f6rk \u00e4r de enda v\u00e4xterna i v\u00e4rlden som inneh\u00e5ller naturligt metylsalicylat. Sm\u00e5 m\u00e4ngder vintergr\u00f6n anv\u00e4nds som smaks\u00e4ttning i godis, tandkr\u00e4m och tuggummi. N\u00e4r den sprids har vintergr\u00f6n en uppfriskande arom som \u00e4r upplyftande och stimulerande.&nbsp;<\/p>\n<p><strong><span style=\"color: rgb(84, 172, 210);\">OBS: V\u00e5ra eteriska oljor \u00e4r inte l\u00e4mpliga f\u00f6r internt bruk.<\/span><\/strong><\/p>\n","protected":false},"excerpt":{"rendered":"<p>Latinskt namn:&nbsp;Gaultheria&nbsp;Fragrantissima&nbsp; Del av v\u00e4xt som anv\u00e4nds:&nbsp;Blad&nbsp; Ursprung:&nbsp;Kina&nbsp; Extraktionsmetod:&nbsp;\u00c5ngdestillation&nbsp; Aromatisk beskrivning:&nbsp;S\u00f6t, mintig, uppfriskande&nbsp; Vintergr\u00f6n Eterisk Olja kommer fr\u00e5n bladen p\u00e5 en krypande buske som finns i barrtr\u00e4dsomr\u00e5den. Metylsalicylat, som \u00e4r den huvudsakliga kemiska komponenten i vintergr\u00f6n, anv\u00e4nds i salvor f\u00f6r utv\u00e4rtes bruk och massageblandningar p\u00e5 grund av dess lugnande egenskaper.&nbsp; Faktum \u00e4r att vintergr\u00f6n och [&hellip;]<\/p>\n","protected":false},"featured_media":268686,"comment_status":"closed","ping_status":"open","template":"","meta":{"_angie_page":false},"product_brand":[27091],"product_cat":[11868,25845,13648,26878,26073],"product_tag":[],"class_list":{"0":"post-216767","1":"product","2":"type-product","3":"status-publish","4":"has-post-thumbnail","6":"product_brand-ancient-wisdom","7":"product_cat-aromaterapi-och-rumsdofter","8":"product_cat-dofter-aromer","9":"product_cat-eteriska-oljor","10":"product_cat-mintig","11":"product_cat-vintergrona","12":"pa_collection-50ml-essential-oil-sv","13":"pa_made-in-kina","14":"pa_size-50ml","16":"first","17":"instock","18":"purchasable","19":"product-type-simple"},"supplier_id":null,"supplier_sku":"Preo-87","barcode":null,"atum_controlled":true,"out_stock_date":null,"out_stock_threshold":null,"inheritable":false,"inbound_stock":0,"stock_on_hold":0,"sold_today":0,"sales_last_days":0,"reserved_stock":0,"customer_returns":0,"warehouse_damage":0,"lost_in_post":0,"other_logs":0,"out_stock_days":0,"lost_sales":0,"has_location":false,"update_date":"2026-04-30T05:06:26","atum_locations":[],"atum_stock_status":"instock","restock_status":false,"low_stock_amount":"","sales_update_date":"2026-02-06T00:02:02","calc_backorders":null,"_links":{"self":[{"href":"https:\/\/aromasentia.com\/sv\/wp-json\/wp\/v2\/product\/216767","targetHints":{"allow":["GET"]}}],"collection":[{"href":"https:\/\/aromasentia.com\/sv\/wp-json\/wp\/v2\/product"}],"about":[{"href":"https:\/\/aromasentia.com\/sv\/wp-json\/wp\/v2\/types\/product"}],"replies":[{"embeddable":true,"href":"https:\/\/aromasentia.com\/sv\/wp-json\/wp\/v2\/comments?post=216767"}],"version-history":[{"count":0,"href":"https:\/\/aromasentia.com\/sv\/wp-json\/wp\/v2\/product\/216767\/revisions"}],"wp:featuredmedia":[{"embeddable":true,"href":"https:\/\/aromasentia.com\/sv\/wp-json\/wp\/v2\/media\/268686"}],"wp:attachment":[{"href":"https:\/\/aromasentia.com\/sv\/wp-json\/wp\/v2\/media?parent=216767"}],"wp:term":[{"taxonomy":"product_brand","embeddable":true,"href":"https:\/\/aromasentia.com\/sv\/wp-json\/wp\/v2\/product_brand?post=216767"},{"taxonomy":"product_cat","embeddable":true,"href":"https:\/\/aromasentia.com\/sv\/wp-json\/wp\/v2\/product_cat?post=216767"},{"taxonomy":"product_tag","embeddable":true,"href":"https:\/\/aromasentia.com\/sv\/wp-json\/wp\/v2\/product_tag?post=216767"}],"curies":[{"name":"wp","href":"https:\/\/api.w.org\/{rel}","templated":true}]}}