{"id":216763,"date":"2025-03-20T15:16:05","date_gmt":"2025-03-20T15:16:05","guid":{"rendered":"https:\/\/aromasentia.com\/product\/cornmint-50ml-essential-oil\/"},"modified":"2025-12-31T15:46:46","modified_gmt":"2025-12-31T15:46:46","slug":"majsmint-eterisk-olja-50ml","status":"publish","type":"product","link":"https:\/\/aromasentia.com\/sv\/majsmint-eterisk-olja-50ml\/","title":{"rendered":"Majsmint Eterisk Olja 50ml"},"content":{"rendered":"<p><strong>Latinskt namn:<\/strong> <em>Mentha Arvensis&nbsp;<\/em><\/p>\n<p><strong>Del av v\u00e4xt som anv\u00e4nds:<\/strong> <em>L\u00f6v&nbsp;<\/em><\/p>\n<p><strong>Ursprung:<\/strong> <em>Kina&nbsp;<\/em><\/p>\n<p><strong>Extraktionsmetod:&nbsp;<\/strong><em>\u00c5ngdestillation&nbsp;<\/em><\/p>\n<p>Majsmint har ett brett spektrum av terapeutiska anv\u00e4ndningsomr\u00e5den och \u00e4r en m\u00e5ngsidig eterisk olja. Den fungerar bland annat som en bed\u00f6vnings-, anti-migr\u00e4n-, krampl\u00f6sande, karminativ, matsm\u00e4ltnings-, sleml\u00f6sande, neurotonisk och stimulerande substans.&nbsp;<\/p>\n<p>Majsmint anv\u00e4nds oftast i antimikrobiella och matsm\u00e4ltningssyften och \u00e4ven p\u00e5 en andlig niv\u00e5 f\u00f6r att ta bort negativitet. Det \u00e4r ocks\u00e5 dokumenterat att den anv\u00e4nds som bed\u00f6vnings-, antiseptisk, krampl\u00f6sande, och stimulerande medel.<\/p>\n<p>Majsmint Eteriska Olja \u00e4r ett anv\u00e4ndbart hj\u00e4lpmedel f\u00f6r huvudv\u00e4rk, matsm\u00e4ltningsproblem, cirkulation, halsont, f\u00f6rkylning och illam\u00e5ende. Oljan \u00e4r energigivande och upplyftande.&nbsp;<\/p>\n<p><strong><span style=\"color: rgb(84, 172, 210);\">OBS: V\u00e5ra eteriska oljor \u00e4r inte l\u00e4mpliga f\u00f6r internt bruk.<\/span><\/strong><\/p>\n","protected":false},"excerpt":{"rendered":"<p>Latinskt namn: Mentha Arvensis&nbsp; Del av v\u00e4xt som anv\u00e4nds: L\u00f6v&nbsp; Ursprung: Kina&nbsp; Extraktionsmetod:&nbsp;\u00c5ngdestillation&nbsp; Majsmint har ett brett spektrum av terapeutiska anv\u00e4ndningsomr\u00e5den och \u00e4r en m\u00e5ngsidig eterisk olja. Den fungerar bland annat som en bed\u00f6vnings-, anti-migr\u00e4n-, krampl\u00f6sande, karminativ, matsm\u00e4ltnings-, sleml\u00f6sande, neurotonisk och stimulerande substans.&nbsp; Majsmint anv\u00e4nds oftast i antimikrobiella och matsm\u00e4ltningssyften och \u00e4ven p\u00e5 en andlig [&hellip;]<\/p>\n","protected":false},"featured_media":268650,"comment_status":"closed","ping_status":"open","template":"","meta":{"_angie_page":false},"product_brand":[27091],"product_cat":[26017,11868,25845,13648,26878],"product_tag":[],"class_list":{"0":"post-216763","1":"product","2":"type-product","3":"status-publish","4":"has-post-thumbnail","6":"product_brand-ancient-wisdom","7":"product_cat-akermynta","8":"product_cat-aromaterapi-och-rumsdofter","9":"product_cat-dofter-aromer","10":"product_cat-eteriska-oljor","11":"product_cat-mintig","12":"pa_collection-50ml-essential-oil-sv","13":"pa_made-in-kina","14":"pa_size-50ml","16":"first","17":"instock","18":"purchasable","19":"product-type-simple"},"supplier_id":null,"supplier_sku":"PrEO-83","barcode":null,"atum_controlled":true,"out_stock_date":null,"out_stock_threshold":null,"inheritable":false,"inbound_stock":null,"stock_on_hold":0,"sold_today":0,"sales_last_days":0,"reserved_stock":null,"customer_returns":null,"warehouse_damage":null,"lost_in_post":null,"other_logs":null,"out_stock_days":59,"lost_sales":0,"has_location":null,"update_date":"2026-04-29T13:03:07","atum_locations":[],"atum_stock_status":"instock","restock_status":false,"low_stock_amount":"","sales_update_date":"2026-01-30T01:24:20","calc_backorders":null,"_links":{"self":[{"href":"https:\/\/aromasentia.com\/sv\/wp-json\/wp\/v2\/product\/216763","targetHints":{"allow":["GET"]}}],"collection":[{"href":"https:\/\/aromasentia.com\/sv\/wp-json\/wp\/v2\/product"}],"about":[{"href":"https:\/\/aromasentia.com\/sv\/wp-json\/wp\/v2\/types\/product"}],"replies":[{"embeddable":true,"href":"https:\/\/aromasentia.com\/sv\/wp-json\/wp\/v2\/comments?post=216763"}],"version-history":[{"count":0,"href":"https:\/\/aromasentia.com\/sv\/wp-json\/wp\/v2\/product\/216763\/revisions"}],"wp:featuredmedia":[{"embeddable":true,"href":"https:\/\/aromasentia.com\/sv\/wp-json\/wp\/v2\/media\/268650"}],"wp:attachment":[{"href":"https:\/\/aromasentia.com\/sv\/wp-json\/wp\/v2\/media?parent=216763"}],"wp:term":[{"taxonomy":"product_brand","embeddable":true,"href":"https:\/\/aromasentia.com\/sv\/wp-json\/wp\/v2\/product_brand?post=216763"},{"taxonomy":"product_cat","embeddable":true,"href":"https:\/\/aromasentia.com\/sv\/wp-json\/wp\/v2\/product_cat?post=216763"},{"taxonomy":"product_tag","embeddable":true,"href":"https:\/\/aromasentia.com\/sv\/wp-json\/wp\/v2\/product_tag?post=216763"}],"curies":[{"name":"wp","href":"https:\/\/api.w.org\/{rel}","templated":true}]}}