{"id":216761,"date":"2025-03-20T15:16:05","date_gmt":"2025-03-20T15:16:05","guid":{"rendered":"https:\/\/aromasentia.com\/product\/white-birch-50ml-essential-oil\/"},"modified":"2025-12-31T15:46:46","modified_gmt":"2025-12-31T15:46:46","slug":"sot-bjork-eterisk-olja-50ml","status":"publish","type":"product","link":"https:\/\/aromasentia.com\/sv\/sot-bjork-eterisk-olja-50ml\/","title":{"rendered":"S\u00f6t Bj\u00f6rk Eterisk Olja 50ml"},"content":{"rendered":"<p><strong>Latinskt namn:&nbsp;<\/strong><em>Betula Lenta<\/em><\/p>\n<p><strong>Del av v\u00e4xt som anv\u00e4nds:<\/strong> Bark<\/p>\n<p><strong>Ursprung:&nbsp;<\/strong><em>Ungern<\/em><\/p>\n<p><strong>Extraktionsmetod:&nbsp;<\/strong><em>\u00c5ngdestillation&nbsp;<\/em><\/p>\n<p>S\u00f6t Bj\u00f6rk Eterisk Olja \u00e4r k\u00e4nd f\u00f6r att ha naturliga sammandragande egenskaper, s\u00e5 den kan vara mycket anv\u00e4ndbar n\u00e4r den \u00e4r v\u00e4l utsp\u00e4dd med en basolja, kr\u00e4m eller lotion. Den kan hj\u00e4lpa att lindra hud\u00e5kommor, s\u00e5som akne och eksem, och anses \u00e4ven vara till hj\u00e4lp f\u00f6r att ta bort gifter och \u00f6ka cirkulationen.&nbsp;<\/p>\n<p>H\u00e4lsof\u00f6rdelarna med Bj\u00f6rk Eterisk Olja \u00e4r m\u00e5nga tack vare dess egenskaper som en st\u00e4rkande, desinfekterande, stimulerande, antidepressiv, sm\u00e4rtstillande, avgiftande, antireumatisk, antiartritisk, urindrivande, antiseptisk, sammandragande, feberneds\u00e4ttande, bakteried\u00f6dande, insekticid och depurativ substans.&nbsp;<\/p>\n<p>Bj\u00f6rk Eterisk Olja \u00e4r till hj\u00e4lp f\u00f6r att minska sm\u00e4rta i leder och muskler, samt sm\u00e4rta i samband med huvudv\u00e4rk och tandv\u00e4rk. Den har ocks\u00e5 f\u00f6rm\u00e5gan att lindra kramper i hela kroppen.&nbsp;<\/p>\n<p>Eftersom den stimulerar cirkulationssystemet, \u00e4r Bj\u00f6rk Eterisk Olja till stor hj\u00e4lp f\u00f6r att ge lindring vid sjukdomar relaterade med felaktig cirkulation som \u00f6dem (svullnad), reumatism och artrit.&nbsp;<\/p>\n<p><strong><span style=\"color: rgb(84, 172, 210);\">OBS: V\u00e5ra eteriska oljor \u00e4r inte l\u00e4mpliga f\u00f6r internt bruk.<\/span><\/strong><\/p>\n","protected":false},"excerpt":{"rendered":"<p>Latinskt namn:&nbsp;Betula Lenta Del av v\u00e4xt som anv\u00e4nds: Bark Ursprung:&nbsp;Ungern Extraktionsmetod:&nbsp;\u00c5ngdestillation&nbsp; S\u00f6t Bj\u00f6rk Eterisk Olja \u00e4r k\u00e4nd f\u00f6r att ha naturliga sammandragande egenskaper, s\u00e5 den kan vara mycket anv\u00e4ndbar n\u00e4r den \u00e4r v\u00e4l utsp\u00e4dd med en basolja, kr\u00e4m eller lotion. Den kan hj\u00e4lpa att lindra hud\u00e5kommor, s\u00e5som akne och eksem, och anses \u00e4ven vara till [&hellip;]<\/p>\n","protected":false},"featured_media":268624,"comment_status":"closed","ping_status":"open","template":"","meta":{"_angie_page":false},"product_brand":[27091],"product_cat":[11868,25845,13648,26899,26071],"product_tag":[],"class_list":{"0":"post-216761","1":"product","2":"type-product","3":"status-publish","4":"has-post-thumbnail","6":"product_brand-ancient-wisdom","7":"product_cat-aromaterapi-och-rumsdofter","8":"product_cat-dofter-aromer","9":"product_cat-eteriska-oljor","10":"product_cat-traig","11":"product_cat-vitbjork","12":"pa_collection-50ml-essential-oil-sv","13":"pa_made-in-ungern","14":"pa_size-50ml","16":"first","17":"instock","18":"purchasable","19":"product-type-simple"},"supplier_id":null,"supplier_sku":"PrEO-76","barcode":null,"atum_controlled":true,"out_stock_date":null,"out_stock_threshold":null,"inheritable":false,"inbound_stock":null,"stock_on_hold":0,"sold_today":0,"sales_last_days":0,"reserved_stock":null,"customer_returns":null,"warehouse_damage":null,"lost_in_post":null,"other_logs":null,"out_stock_days":0,"lost_sales":0,"has_location":null,"update_date":"2026-05-04T00:04:57","atum_locations":[],"atum_stock_status":"instock","restock_status":false,"low_stock_amount":"","sales_update_date":"2026-01-30T01:24:28","calc_backorders":null,"_links":{"self":[{"href":"https:\/\/aromasentia.com\/sv\/wp-json\/wp\/v2\/product\/216761","targetHints":{"allow":["GET"]}}],"collection":[{"href":"https:\/\/aromasentia.com\/sv\/wp-json\/wp\/v2\/product"}],"about":[{"href":"https:\/\/aromasentia.com\/sv\/wp-json\/wp\/v2\/types\/product"}],"replies":[{"embeddable":true,"href":"https:\/\/aromasentia.com\/sv\/wp-json\/wp\/v2\/comments?post=216761"}],"version-history":[{"count":0,"href":"https:\/\/aromasentia.com\/sv\/wp-json\/wp\/v2\/product\/216761\/revisions"}],"wp:featuredmedia":[{"embeddable":true,"href":"https:\/\/aromasentia.com\/sv\/wp-json\/wp\/v2\/media\/268624"}],"wp:attachment":[{"href":"https:\/\/aromasentia.com\/sv\/wp-json\/wp\/v2\/media?parent=216761"}],"wp:term":[{"taxonomy":"product_brand","embeddable":true,"href":"https:\/\/aromasentia.com\/sv\/wp-json\/wp\/v2\/product_brand?post=216761"},{"taxonomy":"product_cat","embeddable":true,"href":"https:\/\/aromasentia.com\/sv\/wp-json\/wp\/v2\/product_cat?post=216761"},{"taxonomy":"product_tag","embeddable":true,"href":"https:\/\/aromasentia.com\/sv\/wp-json\/wp\/v2\/product_tag?post=216761"}],"curies":[{"name":"wp","href":"https:\/\/api.w.org\/{rel}","templated":true}]}}