{"id":216758,"date":"2025-03-20T15:16:05","date_gmt":"2025-03-20T15:16:05","guid":{"rendered":"https:\/\/aromasentia.com\/product\/high-alpine-lavender-essential-oil-50ml\/"},"modified":"2025-12-31T15:46:46","modified_gmt":"2025-12-31T15:46:46","slug":"hogalpin-lavendel-eterisk-olja-50-ml","status":"publish","type":"product","link":"https:\/\/aromasentia.com\/sv\/hogalpin-lavendel-eterisk-olja-50-ml\/","title":{"rendered":"H\u00f6galpin Lavendel Eterisk Olja 50 ml"},"content":{"rendered":"<p><strong>Latinskt Namn:&nbsp;<\/strong><em>Lavandula&nbsp;<\/em><em>Angustifolia<\/em><\/p>\n<p><strong>Del av v\u00e4xt som anv\u00e4nds:&nbsp;<\/strong><em>Blommande&nbsp;<\/em><em>spetsar<\/em><\/p>\n<p><strong>Ursprung:&nbsp;<\/strong><em>Frankrike<\/em><\/p>\n<p><strong>Extraktionsmetod<\/strong><strong>:&nbsp;<\/strong><em>\u00c5ngdestillation<\/em><\/p>\n<p>Lavendel har anv\u00e4nts och v\u00e5rdats i \u00e5rhundraden f\u00f6r sin underbara doft och otaliga f\u00f6rdelar. I forntiden anv\u00e4nde egyptierna och romarna lavendel f\u00f6r bad, avkoppling, matlagning och som parfym. Dess lugnande och avkopplande egenskaper n\u00e4r den tas internt forts\u00e4tter att vara lavendels mest anm\u00e4rkningsv\u00e4rda attribut.<\/p>\n<p>Lavendel anv\u00e4nds ofta f\u00f6r att minska synlighet av hudproblem. Tills\u00e4tt i badvatten f\u00f6r att bli av med stress eller applicera p\u00e5 tinningarna och nacken. L\u00e4gg till n\u00e5gra droppar lavendel till kuddar, s\u00e4ngkl\u00e4der eller fotsulor f\u00f6r att koppla av och f\u00f6rbereda dig f\u00f6r en god natts s\u00f6mn. P\u00e5 grund av lavendels m\u00e5ngsidiga egenskaper anses den vara en olja man b\u00f6r ha till hands hela tiden.<\/p>\n<p><strong>Vad anv\u00e4nds den till?<\/strong><\/p>\n<p>Tills\u00e4tt n\u00e5gra droppar lavendelolja till kuddar, s\u00e4ngkl\u00e4der eller fotsulor n\u00e4r det \u00e4r s\u00e4ngdags.<br \/>\nHa en flaska lavendel till hands f\u00f6r att lindra enstaka hudirritationer.<br \/>\nFr\u00e4scha upp din linnesk\u00e5p, madrass, bil eller luft genom att kombinera lavendel med vatten i en sprayflaska.<\/p>\n<p><strong>Bruksanvisning<\/strong><\/p>\n<p><u>Diffusion:<\/u> Anv\u00e4nd tre till fyra droppar i diffusorn du v\u00e4ljer.<\/p>\n<p><u>Lokal anv\u00e4ndning:<\/u> Applicera en eller tv\u00e5 droppar p\u00e5 \u00f6nskat omr\u00e5de. Sp\u00e4d med v\u00e5r Grossist Kokosn\u00f6tsolja f\u00f6r att minimera eventuell hudk\u00e4nslighet.<\/p>\n<p><strong>Varningar<\/strong><\/p>\n<p>Eventuell hudk\u00e4nslighet. F\u00f6rvara utom r\u00e4ckh\u00e5ll f\u00f6r barn. Om du \u00e4r gravid, ammar eller under en l\u00e4kares v\u00e5rd, r\u00e5dfr\u00e5ga din l\u00e4kare. Undvik kontakt med \u00f6gon, inre \u00f6ron och k\u00e4nsliga omr\u00e5den.<\/p>\n<p><strong><span style=\"color: rgb(84, 172, 210);\">OBS: V\u00e5ra eteriska oljor \u00e4r inte l\u00e4mpliga f\u00f6r internt bruk.<\/span><\/strong> <\/p>\n","protected":false},"excerpt":{"rendered":"<p>Latinskt Namn:&nbsp;Lavandula&nbsp;Angustifolia Del av v\u00e4xt som anv\u00e4nds:&nbsp;Blommande&nbsp;spetsar Ursprung:&nbsp;Frankrike Extraktionsmetod:&nbsp;\u00c5ngdestillation Lavendel har anv\u00e4nts och v\u00e5rdats i \u00e5rhundraden f\u00f6r sin underbara doft och otaliga f\u00f6rdelar. I forntiden anv\u00e4nde egyptierna och romarna lavendel f\u00f6r bad, avkoppling, matlagning och som parfym. Dess lugnande och avkopplande egenskaper n\u00e4r den tas internt forts\u00e4tter att vara lavendels mest anm\u00e4rkningsv\u00e4rda attribut. Lavendel anv\u00e4nds [&hellip;]<\/p>\n","protected":false},"featured_media":268722,"comment_status":"closed","ping_status":"open","template":"","meta":{"_angie_page":false},"product_brand":[27091],"product_cat":[11868,26836,25845,13648,26032],"product_tag":[],"class_list":{"0":"post-216758","1":"product","2":"type-product","3":"status-publish","4":"has-post-thumbnail","6":"product_brand-ancient-wisdom","7":"product_cat-aromaterapi-och-rumsdofter","8":"product_cat-blommig","9":"product_cat-dofter-aromer","10":"product_cat-eteriska-oljor","11":"product_cat-lavendel","12":"pa_collection-50ml-essential-oil-sv","13":"pa_made-in-frankrike","14":"pa_size-50ml","16":"first","17":"instock","18":"purchasable","19":"product-type-simple"},"supplier_id":null,"supplier_sku":"Preo-91","barcode":null,"atum_controlled":true,"out_stock_date":null,"out_stock_threshold":null,"inheritable":false,"inbound_stock":null,"stock_on_hold":0,"sold_today":0,"sales_last_days":0,"reserved_stock":null,"customer_returns":null,"warehouse_damage":null,"lost_in_post":null,"other_logs":null,"out_stock_days":22,"lost_sales":0,"has_location":null,"update_date":"2026-05-08T05:16:52","atum_locations":[],"atum_stock_status":"instock","restock_status":false,"low_stock_amount":"","sales_update_date":"2026-01-30T01:24:25","calc_backorders":null,"_links":{"self":[{"href":"https:\/\/aromasentia.com\/sv\/wp-json\/wp\/v2\/product\/216758","targetHints":{"allow":["GET"]}}],"collection":[{"href":"https:\/\/aromasentia.com\/sv\/wp-json\/wp\/v2\/product"}],"about":[{"href":"https:\/\/aromasentia.com\/sv\/wp-json\/wp\/v2\/types\/product"}],"replies":[{"embeddable":true,"href":"https:\/\/aromasentia.com\/sv\/wp-json\/wp\/v2\/comments?post=216758"}],"version-history":[{"count":0,"href":"https:\/\/aromasentia.com\/sv\/wp-json\/wp\/v2\/product\/216758\/revisions"}],"wp:featuredmedia":[{"embeddable":true,"href":"https:\/\/aromasentia.com\/sv\/wp-json\/wp\/v2\/media\/268722"}],"wp:attachment":[{"href":"https:\/\/aromasentia.com\/sv\/wp-json\/wp\/v2\/media?parent=216758"}],"wp:term":[{"taxonomy":"product_brand","embeddable":true,"href":"https:\/\/aromasentia.com\/sv\/wp-json\/wp\/v2\/product_brand?post=216758"},{"taxonomy":"product_cat","embeddable":true,"href":"https:\/\/aromasentia.com\/sv\/wp-json\/wp\/v2\/product_cat?post=216758"},{"taxonomy":"product_tag","embeddable":true,"href":"https:\/\/aromasentia.com\/sv\/wp-json\/wp\/v2\/product_tag?post=216758"}],"curies":[{"name":"wp","href":"https:\/\/api.w.org\/{rel}","templated":true}]}}