{"id":216757,"date":"2025-03-20T15:16:05","date_gmt":"2025-03-20T15:16:05","guid":{"rendered":"https:\/\/aromasentia.com\/product\/english-lavender-essential-oil-50ml\/"},"modified":"2025-12-31T15:46:46","modified_gmt":"2025-12-31T15:46:46","slug":"engelsk-lavendel-eterisk-olja-50ml","status":"publish","type":"product","link":"https:\/\/aromasentia.com\/sv\/engelsk-lavendel-eterisk-olja-50ml\/","title":{"rendered":"Engelsk Lavendel Eterisk Olja 50ml"},"content":{"rendered":"<p><strong>Latin Namn:&nbsp;<\/strong><em>Lavandula Angustifolia<\/em><\/p>\n<p><strong>Del av v\u00e4xt som anv\u00e4nds:&nbsp;<\/strong><em>Blommande spetsar<\/em><\/p>\n<p><strong>Ursprung:<\/strong> <em>England<\/em><\/p>\n<p><strong>Extraktionsmetod:&nbsp;<\/strong><em>\u00c5ngdestillation<\/em><\/p>\n<p>Engelsk Lavendel Eterisk Olja \u00e4r den koncentrerade v\u00e4tskan som inneh\u00e5ller<br \/>\nflyktiga aromf\u00f6reningar \u00e5ngdestillerade fr\u00e5n lavendelv\u00e4xten. Den \u00e4r popul\u00e4r inom parfymbranschen f\u00f6r sin fr\u00e4scha, s\u00f6ta och en aning fruktiga, blommiga doft. Som de flesta andra, anv\u00e4nds denna eteriska olja vanligtvis blandad<br \/>\nmed en bas- eller b\u00e4rarolja som s\u00f6tmandel, druvk\u00e4rne,<br \/>\njojoba, avokado mer mera oljor. Om du ska anv\u00e4nda olja i ditt bad beh\u00f6ver du inte sp\u00e4da ut den, utan kan helt enkelt l\u00e4gga till n\u00e5gra droppar i ditt badvatten. Lavendel har anv\u00e4nts i \u00e5rhundraden f\u00f6r att hj\u00e4lpa l\u00e4ka<br \/>\nolika \u00e5kommor fr\u00e5n mindre sk\u00e4rs\u00e5r, bl\u00e5m\u00e4rken och br\u00e4nnskador till<br \/>\nkroniska sjukdomar som reumatism, astma och dermatit.&nbsp;<\/p>\n<p>Anv\u00e4nd denna olja f\u00f6r en trevlig doft eller aromaterapi med en oljebr\u00e4nnare eller f\u00f6r\u00e5ngare. Inom aromaterapi anv\u00e4nds den ofta f\u00f6r att bek\u00e4mpa depression, stress och tr\u00f6tthet. Om du vill anv\u00e4nda lavendel eterisk olja<br \/>\nsom ett h\u00e4lsomedel, ska du alltid konsultera en beh\u00f6rig l\u00e4kare innan.<\/p>\n<p><strong><span style=\"color: rgb(84, 172, 210);\">OBS: V\u00e5ra eteriska oljor \u00e4r inte l\u00e4mpliga f\u00f6r internt bruk.<\/span><\/strong><\/p>\n","protected":false},"excerpt":{"rendered":"<p>Latin Namn:&nbsp;Lavandula Angustifolia Del av v\u00e4xt som anv\u00e4nds:&nbsp;Blommande spetsar Ursprung: England Extraktionsmetod:&nbsp;\u00c5ngdestillation Engelsk Lavendel Eterisk Olja \u00e4r den koncentrerade v\u00e4tskan som inneh\u00e5ller flyktiga aromf\u00f6reningar \u00e5ngdestillerade fr\u00e5n lavendelv\u00e4xten. Den \u00e4r popul\u00e4r inom parfymbranschen f\u00f6r sin fr\u00e4scha, s\u00f6ta och en aning fruktiga, blommiga doft. Som de flesta andra, anv\u00e4nds denna eteriska olja vanligtvis blandad med en bas- [&hellip;]<\/p>\n","protected":false},"featured_media":268713,"comment_status":"closed","ping_status":"open","template":"","meta":{"_angie_page":false},"product_brand":[27091],"product_cat":[11868,26836,25845,13648,26032],"product_tag":[],"class_list":{"0":"post-216757","1":"product","2":"type-product","3":"status-publish","4":"has-post-thumbnail","6":"product_brand-ancient-wisdom","7":"product_cat-aromaterapi-och-rumsdofter","8":"product_cat-blommig","9":"product_cat-dofter-aromer","10":"product_cat-eteriska-oljor","11":"product_cat-lavendel","12":"pa_collection-50ml-essential-oil-sv","13":"pa_made-in-storbritannien","14":"pa_size-50ml","16":"first","17":"instock","18":"purchasable","19":"product-type-simple"},"supplier_id":null,"supplier_sku":"Preo-90","barcode":null,"atum_controlled":true,"out_stock_date":null,"out_stock_threshold":null,"inheritable":false,"inbound_stock":null,"stock_on_hold":0,"sold_today":0,"sales_last_days":0,"reserved_stock":null,"customer_returns":null,"warehouse_damage":null,"lost_in_post":null,"other_logs":null,"out_stock_days":0,"lost_sales":0,"has_location":null,"update_date":"2026-05-08T05:16:52","atum_locations":[],"atum_stock_status":"instock","restock_status":false,"low_stock_amount":"","sales_update_date":"2026-01-30T01:26:33","calc_backorders":null,"_links":{"self":[{"href":"https:\/\/aromasentia.com\/sv\/wp-json\/wp\/v2\/product\/216757","targetHints":{"allow":["GET"]}}],"collection":[{"href":"https:\/\/aromasentia.com\/sv\/wp-json\/wp\/v2\/product"}],"about":[{"href":"https:\/\/aromasentia.com\/sv\/wp-json\/wp\/v2\/types\/product"}],"replies":[{"embeddable":true,"href":"https:\/\/aromasentia.com\/sv\/wp-json\/wp\/v2\/comments?post=216757"}],"version-history":[{"count":0,"href":"https:\/\/aromasentia.com\/sv\/wp-json\/wp\/v2\/product\/216757\/revisions"}],"wp:featuredmedia":[{"embeddable":true,"href":"https:\/\/aromasentia.com\/sv\/wp-json\/wp\/v2\/media\/268713"}],"wp:attachment":[{"href":"https:\/\/aromasentia.com\/sv\/wp-json\/wp\/v2\/media?parent=216757"}],"wp:term":[{"taxonomy":"product_brand","embeddable":true,"href":"https:\/\/aromasentia.com\/sv\/wp-json\/wp\/v2\/product_brand?post=216757"},{"taxonomy":"product_cat","embeddable":true,"href":"https:\/\/aromasentia.com\/sv\/wp-json\/wp\/v2\/product_cat?post=216757"},{"taxonomy":"product_tag","embeddable":true,"href":"https:\/\/aromasentia.com\/sv\/wp-json\/wp\/v2\/product_tag?post=216757"}],"curies":[{"name":"wp","href":"https:\/\/api.w.org\/{rel}","templated":true}]}}