{"id":216755,"date":"2025-03-20T15:16:05","date_gmt":"2025-03-20T15:16:05","guid":{"rendered":"https:\/\/aromasentia.com\/product\/turmeric-essential-oil-50ml\/"},"modified":"2025-12-31T15:46:46","modified_gmt":"2025-12-31T15:46:46","slug":"gurkmeja-eterisk-olja-50ml","status":"publish","type":"product","link":"https:\/\/aromasentia.com\/sv\/gurkmeja-eterisk-olja-50ml\/","title":{"rendered":"Gurkmeja Eterisk Olja 50ml"},"content":{"rendered":"<p><strong>Latinskt namn:&nbsp;<\/strong><em>Curcuma&nbsp;<\/em><em>Longa&nbsp;<\/em><\/p>\n<p><strong>Del av v\u00e4st som anv\u00e4nds:<\/strong> Jordstam<em>&nbsp;<\/em><\/p>\n<p><strong>Ursprung:&nbsp;<\/strong><em>Indien&nbsp;<\/em><\/p>\n<p><strong>Extraktionsmetod:&nbsp;<\/strong><em>\u00c5ngdestillation&nbsp;<\/em><\/p>\n<p><strong>Aromatisk beskrivning:&nbsp;<\/strong><em>Varm, kryddig, jordig, tr\u00e4ig&nbsp;<\/em><\/p>\n<p>Som en viktig substans i Indiens traditionella ayurvediska h\u00e4lsopraxis, har gurkmejarot och eterisk olja av gurkmeja en l\u00e5ng historia som har inspirerat modern anv\u00e4ndning av gurkmeja idag. Grossist Gurkmeja Eterisk Olja, som har \u00e5ngdestillerats fr\u00e5n gurkmejaroten, har tv\u00e5 unika kemiska komponenter, n\u00e4mligen Turmerone och ar-Turmerone.&nbsp;<\/p>\n<p>Dessa komponenter \u00e4r mest k\u00e4nda f\u00f6r deras gynnsamma effekt p\u00e5 nervsystemet och k\u00e4nslorna. Detta g\u00f6r Gurkmeja Eterisk Olja till en stapelvara i din dagliga h\u00e4lsorutin. Gurkmeja \u00e4r f\u00f6rdelaktigt f\u00f6r immunsystemet och kan ha en lugnande verkan som fr\u00e4mjar ett positivt immunsvar.&nbsp;<\/p>\n<p>Gurkmeja kan ocks\u00e5 bidra till att fr\u00e4mja klar, sl\u00e4t och str\u00e5lande hud.&nbsp;<\/p>\n<p><strong><span style=\"color: rgb(84, 172, 210);\">OBS: V\u00e5ra eteriska oljor \u00e4r inte l\u00e4mpliga f\u00f6r internt bruk.<\/span><\/strong><\/p>\n","protected":false},"excerpt":{"rendered":"<p>Latinskt namn:&nbsp;Curcuma&nbsp;Longa&nbsp; Del av v\u00e4st som anv\u00e4nds: Jordstam&nbsp; Ursprung:&nbsp;Indien&nbsp; Extraktionsmetod:&nbsp;\u00c5ngdestillation&nbsp; Aromatisk beskrivning:&nbsp;Varm, kryddig, jordig, tr\u00e4ig&nbsp; Som en viktig substans i Indiens traditionella ayurvediska h\u00e4lsopraxis, har gurkmejarot och eterisk olja av gurkmeja en l\u00e5ng historia som har inspirerat modern anv\u00e4ndning av gurkmeja idag. Grossist Gurkmeja Eterisk Olja, som har \u00e5ngdestillerats fr\u00e5n gurkmejaroten, har tv\u00e5 unika kemiska [&hellip;]<\/p>\n","protected":false},"featured_media":268695,"comment_status":"closed","ping_status":"open","template":"","meta":{"_angie_page":false},"product_brand":[27091],"product_cat":[11868,25845,13648,26068,26892],"product_tag":[],"class_list":{"0":"post-216755","1":"product","2":"type-product","3":"status-publish","4":"has-post-thumbnail","6":"product_brand-ancient-wisdom","7":"product_cat-aromaterapi-och-rumsdofter","8":"product_cat-dofter-aromer","9":"product_cat-eteriska-oljor","10":"product_cat-gurkmeja","11":"product_cat-kryddig","12":"pa_collection-50ml-essential-oil-sv","13":"pa_made-in-indien","14":"pa_size-50ml","16":"first","17":"instock","18":"purchasable","19":"product-type-simple"},"supplier_id":null,"supplier_sku":"Preo-85","barcode":null,"atum_controlled":true,"out_stock_date":null,"out_stock_threshold":null,"inheritable":false,"inbound_stock":null,"stock_on_hold":0,"sold_today":0,"sales_last_days":0,"reserved_stock":null,"customer_returns":null,"warehouse_damage":null,"lost_in_post":null,"other_logs":null,"out_stock_days":0,"lost_sales":0,"has_location":null,"update_date":"2026-05-08T05:16:52","atum_locations":[],"atum_stock_status":"instock","restock_status":false,"low_stock_amount":"","sales_update_date":"2026-01-30T01:24:22","calc_backorders":null,"_links":{"self":[{"href":"https:\/\/aromasentia.com\/sv\/wp-json\/wp\/v2\/product\/216755","targetHints":{"allow":["GET"]}}],"collection":[{"href":"https:\/\/aromasentia.com\/sv\/wp-json\/wp\/v2\/product"}],"about":[{"href":"https:\/\/aromasentia.com\/sv\/wp-json\/wp\/v2\/types\/product"}],"replies":[{"embeddable":true,"href":"https:\/\/aromasentia.com\/sv\/wp-json\/wp\/v2\/comments?post=216755"}],"version-history":[{"count":0,"href":"https:\/\/aromasentia.com\/sv\/wp-json\/wp\/v2\/product\/216755\/revisions"}],"wp:featuredmedia":[{"embeddable":true,"href":"https:\/\/aromasentia.com\/sv\/wp-json\/wp\/v2\/media\/268695"}],"wp:attachment":[{"href":"https:\/\/aromasentia.com\/sv\/wp-json\/wp\/v2\/media?parent=216755"}],"wp:term":[{"taxonomy":"product_brand","embeddable":true,"href":"https:\/\/aromasentia.com\/sv\/wp-json\/wp\/v2\/product_brand?post=216755"},{"taxonomy":"product_cat","embeddable":true,"href":"https:\/\/aromasentia.com\/sv\/wp-json\/wp\/v2\/product_cat?post=216755"},{"taxonomy":"product_tag","embeddable":true,"href":"https:\/\/aromasentia.com\/sv\/wp-json\/wp\/v2\/product_tag?post=216755"}],"curies":[{"name":"wp","href":"https:\/\/api.w.org\/{rel}","templated":true}]}}