{"id":216750,"date":"2025-03-20T15:16:27","date_gmt":"2025-03-20T15:16:27","guid":{"rendered":"https:\/\/aromasentia.com\/product\/rosemary-organic-essential-oil-50ml\/"},"modified":"2025-12-31T15:46:38","modified_gmt":"2025-12-31T15:46:38","slug":"rosmarin-ekologisk-eterisk-olja-50ml","status":"publish","type":"product","link":"https:\/\/aromasentia.com\/sv\/rosmarin-ekologisk-eterisk-olja-50ml\/","title":{"rendered":"Rosmarin Ekologisk Eterisk Olja 50ml"},"content":{"rendered":"<p><strong>Grossist Rosmarin Eterisk Olja<\/strong> \u00e4r \u00e5ngdestillerad fr\u00e5n v\u00e4xtens blommor, stj\u00e4lkar och blad. Enligt den brittiska farmakop&eacute;n \u00e4r oljan som destilleras fr\u00e5n de blommande topparna \u00f6verl\u00e4gsen den som erh\u00e5lls fr\u00e5n stj\u00e4lken och bladen, var n\u00e4stan all kommersiell olja destilleras fr\u00e5n. Doften av Rosmarin Eterisk Olja \u00e4r tr\u00e4ig och \u00f6rtbaserad och anv\u00e4nds i aromaterapi f\u00f6r att fr\u00e4scha upp och stimulera sinnet.&nbsp;<\/p>\n<p>Denna olja s\u00e4gs vara till hj\u00e4lp f\u00f6r att behandla s\u00e5r, br\u00e4nnskador, f\u00f6rkylningar, influensa, tr\u00f6tthet, matsm\u00e4ltningsbesv\u00e4r, huvudv\u00e4rk, astma, bronkit, gikt, reumatism, problem med lever och gallbl\u00e5sa, v\u00e4tskeansamling och d\u00e5lig cirkulation. F\u00f6r en massage blandas rosmarinolja ofta med en basolja eller tv\u00e5 som mandel-, aprikosk\u00e4rn- eller hasseln\u00f6tsolja. Den \u00e4r bra f\u00f6r h\u00e5ret d\u00e5 den s\u00e4gs \u00f6ka cirkulationen till h\u00e5rbotten och fr\u00e4mja h\u00e5rv\u00e4xten. Anv\u00e4nd aldrig denna olja internt och undvik den om du \u00e4r gravid eller lider av h\u00f6gt blodtryck eller epilepsi.&nbsp;<\/p>\n<p>Rosmarin var v\u00e4lk\u00e4nd och anv\u00e4ndes i den antika v\u00e4rlden. Det ans\u00e5gs f\u00f6rb\u00e4ttra minnet, s\u00e5 det blev en symbol f\u00f6r trohet och anv\u00e4ndes vid br\u00f6llop, begravningar och andra religi\u00f6sa ceremonier. En kvist rosmarin kn\u00f6ts vackert med band och \u00f6verl\u00e4mnades till br\u00f6llopsg\u00e4ster som en symbol f\u00f6r k\u00e4rlek och lojalitet. &#39;Ungernvatten&#39;, gjord av f\u00e4rska rosmarintoppar bl\u00f6tlagda i vin i n\u00e5gra dagar gjordes f\u00f6r drottningen av Ungern och s\u00e4gs ha botat henne fr\u00e5n f\u00f6rlamning.&nbsp;<\/p>\n<p><strong>Latinskt namn: <\/strong><em>Rosmarinus Officinalis&nbsp;<\/em><\/p>\n<p><strong>Del av v\u00e4xt som anv\u00e4nds: <\/strong><em>Blommande toppar&nbsp;<\/em><\/p>\n<p><strong>Ursprung: <\/strong><em>Tunisien<\/em><\/p>\n<p><strong>Extraktionsmetod: <\/strong><em>\u00c5ngdestillation <\/em><\/p>\n<p><strong><span style=\"color: rgb(84, 172, 210);\">OBS: V\u00e5ra eteriska oljor \u00e4r inte l\u00e4mpliga f\u00f6r internt bruk.<\/span><\/strong><\/p>\n","protected":false},"excerpt":{"rendered":"<p>Grossist Rosmarin Eterisk Olja \u00e4r \u00e5ngdestillerad fr\u00e5n v\u00e4xtens blommor, stj\u00e4lkar och blad. Enligt den brittiska farmakop&eacute;n \u00e4r oljan som destilleras fr\u00e5n de blommande topparna \u00f6verl\u00e4gsen den som erh\u00e5lls fr\u00e5n stj\u00e4lken och bladen, var n\u00e4stan all kommersiell olja destilleras fr\u00e5n. Doften av Rosmarin Eterisk Olja \u00e4r tr\u00e4ig och \u00f6rtbaserad och anv\u00e4nds i aromaterapi f\u00f6r att fr\u00e4scha [&hellip;]<\/p>\n","protected":false},"featured_media":268821,"comment_status":"closed","ping_status":"open","template":"","meta":{"_angie_page":false},"product_brand":[27091],"product_cat":[11868,25845,26654,13648,26864,26060],"product_tag":[],"class_list":{"0":"post-216750","1":"product","2":"type-product","3":"status-publish","4":"has-post-thumbnail","6":"product_brand-ancient-wisdom","7":"product_cat-aromaterapi-och-rumsdofter","8":"product_cat-dofter-aromer","9":"product_cat-ekologiska-eteriska-oljor","10":"product_cat-eteriska-oljor","11":"product_cat-ort-aromatisk","12":"product_cat-rosmarin","13":"pa_collection-50ml-organic-essential-oils-for-professionals-sv","14":"pa_made-in-tunisien","15":"pa_size-50ml","17":"first","18":"instock","19":"purchasable","20":"product-type-simple"},"supplier_id":null,"supplier_sku":"PreOrg-08","barcode":null,"atum_controlled":true,"out_stock_date":null,"out_stock_threshold":null,"inheritable":false,"inbound_stock":null,"stock_on_hold":0,"sold_today":0,"sales_last_days":0,"reserved_stock":null,"customer_returns":null,"warehouse_damage":null,"lost_in_post":null,"other_logs":null,"out_stock_days":0,"lost_sales":0,"has_location":null,"update_date":"2026-04-27T07:18:37","atum_locations":[],"atum_stock_status":"instock","restock_status":false,"low_stock_amount":"","sales_update_date":"2025-09-05T00:18:22","calc_backorders":null,"_links":{"self":[{"href":"https:\/\/aromasentia.com\/sv\/wp-json\/wp\/v2\/product\/216750","targetHints":{"allow":["GET"]}}],"collection":[{"href":"https:\/\/aromasentia.com\/sv\/wp-json\/wp\/v2\/product"}],"about":[{"href":"https:\/\/aromasentia.com\/sv\/wp-json\/wp\/v2\/types\/product"}],"replies":[{"embeddable":true,"href":"https:\/\/aromasentia.com\/sv\/wp-json\/wp\/v2\/comments?post=216750"}],"version-history":[{"count":0,"href":"https:\/\/aromasentia.com\/sv\/wp-json\/wp\/v2\/product\/216750\/revisions"}],"wp:featuredmedia":[{"embeddable":true,"href":"https:\/\/aromasentia.com\/sv\/wp-json\/wp\/v2\/media\/268821"}],"wp:attachment":[{"href":"https:\/\/aromasentia.com\/sv\/wp-json\/wp\/v2\/media?parent=216750"}],"wp:term":[{"taxonomy":"product_brand","embeddable":true,"href":"https:\/\/aromasentia.com\/sv\/wp-json\/wp\/v2\/product_brand?post=216750"},{"taxonomy":"product_cat","embeddable":true,"href":"https:\/\/aromasentia.com\/sv\/wp-json\/wp\/v2\/product_cat?post=216750"},{"taxonomy":"product_tag","embeddable":true,"href":"https:\/\/aromasentia.com\/sv\/wp-json\/wp\/v2\/product_tag?post=216750"}],"curies":[{"name":"wp","href":"https:\/\/api.w.org\/{rel}","templated":true}]}}